{"id":6757,"date":"2025-10-09T13:11:28","date_gmt":"2025-10-09T13:11:28","guid":{"rendered":"https:\/\/bluetengold.ch\/produkt\/bio-cbd-oel-30-vollspektrum-schweizer-hanftropfen\/"},"modified":"2026-04-14T09:07:26","modified_gmt":"2026-04-14T09:07:26","slug":"bio-cbd-oel-30-vollspektrum-schweizer-hanftropfen","status":"publish","type":"product","link":"https:\/\/bluetengold.ch\/it\/produkt\/bio-cbd-oel-30-vollspektrum-schweizer-hanftropfen\/","title":{"rendered":"Olio CBD Biologico 30% Full Spectrum \u2013 Gocce di canapa svizzere"},"content":{"rendered":"<p>Il nostro Olio CBD Biologico 30% Full Spectrum \u2013 Gocce di canapa svizzere \u00e8 la concentrazione pi\u00f9 forte del nostro assortimento. Questo olio ad alto dosaggio \u00e8 rivolto a tutti coloro che cercano un prodotto CBD potente e naturale, con la massima efficacia vegetale e di origine svizzera. <\/p>\n<p>Le piante di canapa provengono da coltivazioni biologiche controllate nell&#8217;Emmental, una regione con condizioni ottimali per la canapa pura e naturale. L&#8217;olio viene estratto delicatamente tramite estrazione con etanolo. Questo metodo preserva tutte le sostanze vegetali attive, tra cui CBD, CBG, CBN, nonch\u00e9 terpeni e flavonoidi. La combinazione di queste sostanze supporta il noto effetto entourage, in cui l&#8217;efficacia degli ingredienti pu\u00f2 rafforzarsi a vicenda. Leggi <a href=\"https:\/\/bluetengold.ch\/it\/2026\/03\/02\/wie-wirkt-cbd\/\" target=\"_blank\" rel=\"noopener\">QUI<\/a> come agisce il CBD.    <\/p>\n<p>Questo Olio CBD Biologico 30% \u00e8 ideale per utenti esperti che puntano su un olio CBD particolarmente concentrato \u2013 per un uso mirato o come parte di una routine quotidiana di alta qualit\u00e0.<\/p>\n","protected":false},"excerpt":{"rendered":"<p><img decoding=\"async\" class=\"alignnone size-full wp-image-4001\" src=\"\/wp-content\/uploads\/2025\/08\/Bluetengold-List-Hack-gruen-1.png\" alt=\"\" width=\"22\" height=\"21\">  da canapa biologica svizzera coltivata con cura<br \/>\n<img decoding=\"async\" class=\"alignnone size-full wp-image-4001\" src=\"\/wp-content\/uploads\/2025\/08\/Bluetengold-List-Hack-gruen-1.png\" alt=\"\" width=\"22\" height=\"21\"> estratto naturale a spettro completo<br \/>\n<img decoding=\"async\" class=\"alignnone size-full wp-image-4001\" src=\"\/wp-content\/uploads\/2025\/08\/Bluetengold-List-Hack-gruen-1.png\" alt=\"\" width=\"22\" height=\"21\"> 100% decarbossilato<br \/>\n<img decoding=\"async\" class=\"alignnone size-full wp-image-4001\" src=\"\/wp-content\/uploads\/2025\/08\/Bluetengold-List-Hack-gruen-1.png\" alt=\"\" width=\"22\" height=\"21\">  senza pesticidi ed erbicidi<br \/>\n<img decoding=\"async\" class=\"alignnone size-full wp-image-4001\" src=\"\/wp-content\/uploads\/2025\/08\/Bluetengold-List-Hack-gruen-1.png\" alt=\"\" width=\"22\" height=\"21\">  senza ingredienti sintetici<br \/>\n<img decoding=\"async\" class=\"alignnone size-full wp-image-4001\" src=\"\/wp-content\/uploads\/2025\/08\/Bluetengold-List-Hack-gruen-1.png\" alt=\"\" width=\"22\" height=\"21\">  con olio MCT biologico (a base di cocco)<br \/>\n<img decoding=\"async\" class=\"alignnone size-full wp-image-4001\" src=\"\/wp-content\/uploads\/2025\/08\/Bluetengold-List-Hack-gruen-1.png\" alt=\"\" width=\"22\" height=\"21\"> 3000 mg di CBD (30% di contenuto di CBD)<br \/>\n<img decoding=\"async\" class=\"alignnone size-full wp-image-4001\" src=\"\/wp-content\/uploads\/2025\/08\/Bluetengold-List-Hack-gruen-1.png\" alt=\"\" width=\"22\" height=\"21\"> THC [bg_country country=\"CH\"] &lt; 1%[\/bg_country][bg_country region=\"EU\"] &lt; 0,2%[\/bg_country]<\/p>\n<p><img decoding=\"async\" class=\"alignnone wp-image-5018\" src=\"\/wp-content\/uploads\/2025\/10\/Download-Icon.png\" alt=\"\" width=\"30\" height=\"22\" srcset=\"https:\/\/bluetengold.ch\/wp-content\/uploads\/2025\/10\/Download-Icon-200x149.png 200w, https:\/\/bluetengold.ch\/wp-content\/uploads\/2025\/10\/Download-Icon-300x214.png 300w, https:\/\/bluetengold.ch\/wp-content\/uploads\/2025\/10\/Download-Icon.png 360w\" sizes=\"(max-width: 30px) 100vw, 30px\" \/> <a href=\"\/wp-content\/uploads\/2025\/11\/LZ.663.005-02-BIO-CBD-Oel-30_-Vollspektrum-EU-Batch-L301025-CAN1.pdf\" target=\"_blank\" rel=\"noopener\">Rapporto di analisi<\/a><\/p>\n<p>&nbsp;<\/p>\n","protected":false},"featured_media":6758,"comment_status":"open","ping_status":"closed","template":"","meta":[],"product_brand":[],"product_cat":[246],"product_tag":[],"class_list":{"0":"post-6757","1":"product","2":"type-product","3":"status-publish","4":"has-post-thumbnail","6":"product_cat-cbd-oel-vollspektrum","8":"first","9":"instock","10":"taxable","11":"shipping-taxable","12":"purchasable","13":"product-type-simple"},"yoast_head":"<!-- This site is optimized with the Yoast SEO plugin v27.2 - https:\/\/yoast.com\/product\/yoast-seo-wordpress\/ -->\n<title>Olio CBD Biologico 30% Full Spectrum - Gocce di canapa CH | Bl\u00fctengold<\/title>\n<meta name=\"description\" content=\"L&#039;Olio CBD Biologico 30% Full Spectrum di Bl\u00fctengold \u00e8 sinonimo della pi\u00f9 alta qualit\u00e0 svizzera. Prodotto da canapa biologica. Ordina ora.\" \/>\n<meta name=\"robots\" content=\"index, follow, max-snippet:-1, max-image-preview:large, max-video-preview:-1\" \/>\n<link rel=\"canonical\" href=\"https:\/\/bluetengold.ch\/it\/produkt\/bio-cbd-oel-30-vollspektrum-schweizer-hanftropfen\/\" \/>\n<meta property=\"og:locale\" content=\"it_IT\" \/>\n<meta property=\"og:type\" content=\"article\" \/>\n<meta property=\"og:title\" content=\"Olio CBD Biologico 30% Full Spectrum - Gocce di canapa CH | Bl\u00fctengold\" \/>\n<meta property=\"og:description\" content=\"L&#039;Olio CBD Biologico 30% Full Spectrum di Bl\u00fctengold \u00e8 sinonimo della pi\u00f9 alta qualit\u00e0 svizzera. Prodotto da canapa biologica. Ordina ora.\" \/>\n<meta property=\"og:url\" content=\"https:\/\/bluetengold.ch\/it\/produkt\/bio-cbd-oel-30-vollspektrum-schweizer-hanftropfen\/\" \/>\n<meta property=\"og:site_name\" content=\"CBD Produkte Bl\u00fctengold\" \/>\n<meta property=\"article:modified_time\" content=\"2026-04-14T09:07:26+00:00\" \/>\n<meta property=\"og:image\" content=\"https:\/\/bluetengold.ch\/wp-content\/uploads\/2025\/11\/Bluetengold-Bio-CBD-Oel-Vollspektrum-30.jpg\" \/>\n\t<meta property=\"og:image:width\" content=\"1000\" \/>\n\t<meta property=\"og:image:height\" content=\"1278\" \/>\n\t<meta property=\"og:image:type\" content=\"image\/jpeg\" \/>\n<meta name=\"twitter:card\" content=\"summary_large_image\" \/>\n<meta name=\"twitter:label1\" content=\"Tempo di lettura stimato\" \/>\n\t<meta name=\"twitter:data1\" content=\"1 minuto\" \/>\n<script type=\"application\/ld+json\" class=\"yoast-schema-graph\">{\"@context\":\"https:\/\/schema.org\",\"@graph\":[{\"@type\":\"WebPage\",\"@id\":\"https:\/\/bluetengold.ch\/it\/produkt\/bio-cbd-oel-30-vollspektrum-schweizer-hanftropfen\/\",\"url\":\"https:\/\/bluetengold.ch\/it\/produkt\/bio-cbd-oel-30-vollspektrum-schweizer-hanftropfen\/\",\"name\":\"Olio CBD Biologico 30% Full Spectrum - Gocce di canapa CH | Bl\u00fctengold\",\"isPartOf\":{\"@id\":\"https:\/\/bluetengold.ch\/it\/#website\"},\"primaryImageOfPage\":{\"@id\":\"https:\/\/bluetengold.ch\/it\/produkt\/bio-cbd-oel-30-vollspektrum-schweizer-hanftropfen\/#primaryimage\"},\"image\":{\"@id\":\"https:\/\/bluetengold.ch\/it\/produkt\/bio-cbd-oel-30-vollspektrum-schweizer-hanftropfen\/#primaryimage\"},\"thumbnailUrl\":\"https:\/\/bluetengold.ch\/wp-content\/uploads\/2025\/11\/Bluetengold-Bio-CBD-Oel-Vollspektrum-30.jpg\",\"datePublished\":\"2025-10-09T13:11:28+00:00\",\"dateModified\":\"2026-04-14T09:07:26+00:00\",\"description\":\"L'Olio CBD Biologico 30% Full Spectrum di Bl\u00fctengold \u00e8 sinonimo della pi\u00f9 alta qualit\u00e0 svizzera. Prodotto da canapa biologica. Ordina ora.\",\"breadcrumb\":{\"@id\":\"https:\/\/bluetengold.ch\/it\/produkt\/bio-cbd-oel-30-vollspektrum-schweizer-hanftropfen\/#breadcrumb\"},\"inLanguage\":\"it-IT\",\"potentialAction\":[{\"@type\":\"ReadAction\",\"target\":[\"https:\/\/bluetengold.ch\/it\/produkt\/bio-cbd-oel-30-vollspektrum-schweizer-hanftropfen\/\"]}]},{\"@type\":\"ImageObject\",\"inLanguage\":\"it-IT\",\"@id\":\"https:\/\/bluetengold.ch\/it\/produkt\/bio-cbd-oel-30-vollspektrum-schweizer-hanftropfen\/#primaryimage\",\"url\":\"https:\/\/bluetengold.ch\/wp-content\/uploads\/2025\/11\/Bluetengold-Bio-CBD-Oel-Vollspektrum-30.jpg\",\"contentUrl\":\"https:\/\/bluetengold.ch\/wp-content\/uploads\/2025\/11\/Bluetengold-Bio-CBD-Oel-Vollspektrum-30.jpg\",\"width\":1000,\"height\":1278},{\"@type\":\"BreadcrumbList\",\"@id\":\"https:\/\/bluetengold.ch\/it\/produkt\/bio-cbd-oel-30-vollspektrum-schweizer-hanftropfen\/#breadcrumb\",\"itemListElement\":[{\"@type\":\"ListItem\",\"position\":1,\"name\":\"Home\",\"item\":\"https:\/\/bluetengold.ch\/it\/\"},{\"@type\":\"ListItem\",\"position\":2,\"name\":\"Shop\",\"item\":\"https:\/\/bluetengold.ch\/it\/shop\/\"},{\"@type\":\"ListItem\",\"position\":3,\"name\":\"Olio CBD Biologico 30% Full Spectrum \u2013 Gocce di canapa svizzere\"}]},{\"@type\":\"WebSite\",\"@id\":\"https:\/\/bluetengold.ch\/it\/#website\",\"url\":\"https:\/\/bluetengold.ch\/it\/\",\"name\":\"CBD Produkte Bl\u00fctengold\",\"description\":\"Bl\u00fctengold\",\"potentialAction\":[{\"@type\":\"SearchAction\",\"target\":{\"@type\":\"EntryPoint\",\"urlTemplate\":\"https:\/\/bluetengold.ch\/it\/?s={search_term_string}\"},\"query-input\":{\"@type\":\"PropertyValueSpecification\",\"valueRequired\":true,\"valueName\":\"search_term_string\"}}],\"inLanguage\":\"it-IT\"}]}<\/script>\n<!-- \/ Yoast SEO plugin. -->","yoast_head_json":{"title":"Olio CBD Biologico 30% Full Spectrum - Gocce di canapa CH | Bl\u00fctengold","description":"L'Olio CBD Biologico 30% Full Spectrum di Bl\u00fctengold \u00e8 sinonimo della pi\u00f9 alta qualit\u00e0 svizzera. Prodotto da canapa biologica. Ordina ora.","robots":{"index":"index","follow":"follow","max-snippet":"max-snippet:-1","max-image-preview":"max-image-preview:large","max-video-preview":"max-video-preview:-1"},"canonical":"https:\/\/bluetengold.ch\/it\/produkt\/bio-cbd-oel-30-vollspektrum-schweizer-hanftropfen\/","og_locale":"it_IT","og_type":"article","og_title":"Olio CBD Biologico 30% Full Spectrum - Gocce di canapa CH | Bl\u00fctengold","og_description":"L'Olio CBD Biologico 30% Full Spectrum di Bl\u00fctengold \u00e8 sinonimo della pi\u00f9 alta qualit\u00e0 svizzera. Prodotto da canapa biologica. Ordina ora.","og_url":"https:\/\/bluetengold.ch\/it\/produkt\/bio-cbd-oel-30-vollspektrum-schweizer-hanftropfen\/","og_site_name":"CBD Produkte Bl\u00fctengold","article_modified_time":"2026-04-14T09:07:26+00:00","og_image":[{"width":1000,"height":1278,"url":"https:\/\/bluetengold.ch\/wp-content\/uploads\/2025\/11\/Bluetengold-Bio-CBD-Oel-Vollspektrum-30.jpg","type":"image\/jpeg"}],"twitter_card":"summary_large_image","twitter_misc":{"Tempo di lettura stimato":"1 minuto"},"schema":{"@context":"https:\/\/schema.org","@graph":[{"@type":"WebPage","@id":"https:\/\/bluetengold.ch\/it\/produkt\/bio-cbd-oel-30-vollspektrum-schweizer-hanftropfen\/","url":"https:\/\/bluetengold.ch\/it\/produkt\/bio-cbd-oel-30-vollspektrum-schweizer-hanftropfen\/","name":"Olio CBD Biologico 30% Full Spectrum - Gocce di canapa CH | Bl\u00fctengold","isPartOf":{"@id":"https:\/\/bluetengold.ch\/it\/#website"},"primaryImageOfPage":{"@id":"https:\/\/bluetengold.ch\/it\/produkt\/bio-cbd-oel-30-vollspektrum-schweizer-hanftropfen\/#primaryimage"},"image":{"@id":"https:\/\/bluetengold.ch\/it\/produkt\/bio-cbd-oel-30-vollspektrum-schweizer-hanftropfen\/#primaryimage"},"thumbnailUrl":"https:\/\/bluetengold.ch\/wp-content\/uploads\/2025\/11\/Bluetengold-Bio-CBD-Oel-Vollspektrum-30.jpg","datePublished":"2025-10-09T13:11:28+00:00","dateModified":"2026-04-14T09:07:26+00:00","description":"L'Olio CBD Biologico 30% Full Spectrum di Bl\u00fctengold \u00e8 sinonimo della pi\u00f9 alta qualit\u00e0 svizzera. Prodotto da canapa biologica. Ordina ora.","breadcrumb":{"@id":"https:\/\/bluetengold.ch\/it\/produkt\/bio-cbd-oel-30-vollspektrum-schweizer-hanftropfen\/#breadcrumb"},"inLanguage":"it-IT","potentialAction":[{"@type":"ReadAction","target":["https:\/\/bluetengold.ch\/it\/produkt\/bio-cbd-oel-30-vollspektrum-schweizer-hanftropfen\/"]}]},{"@type":"ImageObject","inLanguage":"it-IT","@id":"https:\/\/bluetengold.ch\/it\/produkt\/bio-cbd-oel-30-vollspektrum-schweizer-hanftropfen\/#primaryimage","url":"https:\/\/bluetengold.ch\/wp-content\/uploads\/2025\/11\/Bluetengold-Bio-CBD-Oel-Vollspektrum-30.jpg","contentUrl":"https:\/\/bluetengold.ch\/wp-content\/uploads\/2025\/11\/Bluetengold-Bio-CBD-Oel-Vollspektrum-30.jpg","width":1000,"height":1278},{"@type":"BreadcrumbList","@id":"https:\/\/bluetengold.ch\/it\/produkt\/bio-cbd-oel-30-vollspektrum-schweizer-hanftropfen\/#breadcrumb","itemListElement":[{"@type":"ListItem","position":1,"name":"Home","item":"https:\/\/bluetengold.ch\/it\/"},{"@type":"ListItem","position":2,"name":"Shop","item":"https:\/\/bluetengold.ch\/it\/shop\/"},{"@type":"ListItem","position":3,"name":"Olio CBD Biologico 30% Full Spectrum \u2013 Gocce di canapa svizzere"}]},{"@type":"WebSite","@id":"https:\/\/bluetengold.ch\/it\/#website","url":"https:\/\/bluetengold.ch\/it\/","name":"CBD Produkte Bl\u00fctengold","description":"Bl\u00fctengold","potentialAction":[{"@type":"SearchAction","target":{"@type":"EntryPoint","urlTemplate":"https:\/\/bluetengold.ch\/it\/?s={search_term_string}"},"query-input":{"@type":"PropertyValueSpecification","valueRequired":true,"valueName":"search_term_string"}}],"inLanguage":"it-IT"}]}},"_links":{"self":[{"href":"https:\/\/bluetengold.ch\/it\/wp-json\/wp\/v2\/product\/6757","targetHints":{"allow":["GET"]}}],"collection":[{"href":"https:\/\/bluetengold.ch\/it\/wp-json\/wp\/v2\/product"}],"about":[{"href":"https:\/\/bluetengold.ch\/it\/wp-json\/wp\/v2\/types\/product"}],"replies":[{"embeddable":true,"href":"https:\/\/bluetengold.ch\/it\/wp-json\/wp\/v2\/comments?post=6757"}],"wp:featuredmedia":[{"embeddable":true,"href":"https:\/\/bluetengold.ch\/it\/wp-json\/wp\/v2\/media\/6758"}],"wp:attachment":[{"href":"https:\/\/bluetengold.ch\/it\/wp-json\/wp\/v2\/media?parent=6757"}],"wp:term":[{"taxonomy":"product_brand","embeddable":true,"href":"https:\/\/bluetengold.ch\/it\/wp-json\/wp\/v2\/product_brand?post=6757"},{"taxonomy":"product_cat","embeddable":true,"href":"https:\/\/bluetengold.ch\/it\/wp-json\/wp\/v2\/product_cat?post=6757"},{"taxonomy":"product_tag","embeddable":true,"href":"https:\/\/bluetengold.ch\/it\/wp-json\/wp\/v2\/product_tag?post=6757"}],"curies":[{"name":"wp","href":"https:\/\/api.w.org\/{rel}","templated":true}]}}