{"id":6745,"date":"2025-10-09T13:24:39","date_gmt":"2025-10-09T13:24:39","guid":{"rendered":"https:\/\/bluetengold.ch\/produkt\/cbd-oel-fuer-tiere-tierwohl-16\/"},"modified":"2026-04-14T08:54:35","modified_gmt":"2026-04-14T08:54:35","slug":"cbd-oel-fuer-tiere-tierwohl-16","status":"publish","type":"product","link":"https:\/\/bluetengold.ch\/it\/produkt\/cbd-oel-fuer-tiere-tierwohl-16\/","title":{"rendered":"Olio di CBD per animali Tierwohl 16%"},"content":{"rendered":"<p>Tierwohl, l\u2019olio di CBD svizzero 16% per cani, gatti e cavalli<br \/>\nOlio MCT naturale spremuto a freddo con cannabidiolo da coltivazione biologica svizzera. Tierwohl \u00e8 stato sviluppato in collaborazione con veterinari e adattato alle esigenze dei nostri animali domestici, per permettere anche ai tuoi amici a quattro zampe di beneficiare delle propriet\u00e0 positive del CBD. Questo olio di CBD per gatti e cani \u00e8 privo di THC e di terpeni, quindi \u00e8 molto ben tollerato. L\u2019olio di CBD si assorbe rapidamente nella pelle e garantisce un effetto percepibile.   <\/p>\n<p>L\u2019olio di CBD Tierwohl per cani e gatti favorisce in modo naturale la salute del tuo animale, rilassa la muscolatura o pu\u00f2 avere un effetto positivo sull\u2019alleviamento del dolore legato ai disturbi dell\u2019et\u00e0.<\/p>\n<p>Uso:<br \/>\nPer ogni 6 kg di peso corporeo, somministra 1\u20133 gocce 2 volte al giorno nel cibo o direttamente in bocca.<\/p>\n","protected":false},"excerpt":{"rendered":"<p><img decoding=\"async\" class=\"alignnone size-full wp-image-4001\" src=\"\/wp-content\/uploads\/2025\/08\/Bluetengold-List-Hack-gruen-1.png\" alt=\"\" width=\"22\" height=\"21\"> da canapa biologica svizzera di alta qualit\u00e0<br \/>\n<img decoding=\"async\" class=\"alignnone size-full wp-image-4001\" src=\"\/wp-content\/uploads\/2025\/08\/Bluetengold-List-Hack-gruen-1.png\" alt=\"\" width=\"22\" height=\"21\"> garantito senza THC e terpeni<br \/>\n<img decoding=\"async\" class=\"alignnone size-full wp-image-4001\" src=\"\/wp-content\/uploads\/2025\/08\/Bluetengold-List-Hack-gruen-1.png\" alt=\"\" width=\"22\" height=\"21\">  senza pesticidi ed erbicidi<br \/>\n<img decoding=\"async\" class=\"alignnone size-full wp-image-4001\" src=\"\/wp-content\/uploads\/2025\/08\/Bluetengold-List-Hack-gruen-1.png\" alt=\"\" width=\"22\" height=\"21\"> olio CBD di alta qualit\u00e0 da Cannabis sativa L., disciolto in olio di cocco MCT<br \/>\n<img decoding=\"async\" class=\"alignnone size-full wp-image-4001\" src=\"\/wp-content\/uploads\/2025\/08\/Bluetengold-List-Hack-gruen-1.png\" alt=\"\" width=\"22\" height=\"21\"> 1600 mg di CBD con una concentrazione del 16%<br \/>\n<img decoding=\"async\" class=\"alignnone size-full wp-image-4001\" src=\"\/wp-content\/uploads\/2025\/08\/Bluetengold-List-Hack-gruen-1.png\" alt=\"\" width=\"22\" height=\"21\"> aroma piacevolmente neutro<\/p>\n<p><img decoding=\"async\" class=\"alignnone wp-image-5018\" src=\"\/wp-content\/uploads\/2025\/10\/Download-Icon.png\" alt=\"\" width=\"30\" height=\"22\" srcset=\"https:\/\/bluetengold.ch\/wp-content\/uploads\/2025\/10\/Download-Icon-200x149.png 200w, https:\/\/bluetengold.ch\/wp-content\/uploads\/2025\/10\/Download-Icon-300x214.png 300w, https:\/\/bluetengold.ch\/wp-content\/uploads\/2025\/10\/Download-Icon.png 360w\" sizes=\"(max-width: 30px) 100vw, 30px\" \/> <a href=\"\/wp-content\/uploads\/2025\/11\/LZ.663.014-01-Tierwohl-16-Batch-L161025-CAN1.pdf\" target=\"_blank\" rel=\"noopener\">Rapporto di analisi<\/a><\/p>\n<p>&nbsp;<\/p>\n","protected":false},"featured_media":6746,"comment_status":"open","ping_status":"closed","template":"","meta":[],"product_brand":[],"product_cat":[233],"product_tag":[],"class_list":{"0":"post-6745","1":"product","2":"type-product","3":"status-publish","4":"has-post-thumbnail","6":"product_cat-cbd-oel-fuer-tiere","8":"first","9":"instock","10":"taxable","11":"shipping-taxable","12":"purchasable","13":"product-type-simple"},"yoast_head":"<!-- This site is optimized with the Yoast SEO plugin v27.2 - https:\/\/yoast.com\/product\/yoast-seo-wordpress\/ -->\n<title>Olio di CBD per animali Tierwohl 16% \u2013 Gocce di canapa CH | Bl\u00fctengold<\/title>\n<meta name=\"description\" content=\"L\u2019olio di CBD per animali Tierwohl 16% di Bl\u00fctengold supporta il benessere del tuo animale domestico in modo naturale. Ordinalo ora nello shop.\" \/>\n<meta name=\"robots\" content=\"index, follow, max-snippet:-1, max-image-preview:large, max-video-preview:-1\" \/>\n<link rel=\"canonical\" href=\"https:\/\/bluetengold.ch\/it\/produkt\/cbd-oel-fuer-tiere-tierwohl-16\/\" \/>\n<meta property=\"og:locale\" content=\"it_IT\" \/>\n<meta property=\"og:type\" content=\"article\" \/>\n<meta property=\"og:title\" content=\"Olio di CBD per animali Tierwohl 16% \u2013 Gocce di canapa CH | Bl\u00fctengold\" \/>\n<meta property=\"og:description\" content=\"L\u2019olio di CBD per animali Tierwohl 16% di Bl\u00fctengold supporta il benessere del tuo animale domestico in modo naturale. Ordinalo ora nello shop.\" \/>\n<meta property=\"og:url\" content=\"https:\/\/bluetengold.ch\/it\/produkt\/cbd-oel-fuer-tiere-tierwohl-16\/\" \/>\n<meta property=\"og:site_name\" content=\"CBD Produkte Bl\u00fctengold\" \/>\n<meta property=\"article:modified_time\" content=\"2026-04-14T08:54:35+00:00\" \/>\n<meta property=\"og:image\" content=\"https:\/\/bluetengold.ch\/wp-content\/uploads\/2025\/11\/Bluetengold-Hanfoel-CBD-Tierwohl-16.jpg\" \/>\n\t<meta property=\"og:image:width\" content=\"1000\" \/>\n\t<meta property=\"og:image:height\" content=\"1278\" \/>\n\t<meta property=\"og:image:type\" content=\"image\/jpeg\" \/>\n<meta name=\"twitter:card\" content=\"summary_large_image\" \/>\n<meta name=\"twitter:label1\" content=\"Tempo di lettura stimato\" \/>\n\t<meta name=\"twitter:data1\" content=\"1 minuto\" \/>\n<script type=\"application\/ld+json\" class=\"yoast-schema-graph\">{\"@context\":\"https:\/\/schema.org\",\"@graph\":[{\"@type\":\"WebPage\",\"@id\":\"https:\/\/bluetengold.ch\/it\/produkt\/cbd-oel-fuer-tiere-tierwohl-16\/\",\"url\":\"https:\/\/bluetengold.ch\/it\/produkt\/cbd-oel-fuer-tiere-tierwohl-16\/\",\"name\":\"Olio di CBD per animali Tierwohl 16% \u2013 Gocce di canapa CH | Bl\u00fctengold\",\"isPartOf\":{\"@id\":\"https:\/\/bluetengold.ch\/it\/#website\"},\"primaryImageOfPage\":{\"@id\":\"https:\/\/bluetengold.ch\/it\/produkt\/cbd-oel-fuer-tiere-tierwohl-16\/#primaryimage\"},\"image\":{\"@id\":\"https:\/\/bluetengold.ch\/it\/produkt\/cbd-oel-fuer-tiere-tierwohl-16\/#primaryimage\"},\"thumbnailUrl\":\"https:\/\/bluetengold.ch\/wp-content\/uploads\/2025\/11\/Bluetengold-Hanfoel-CBD-Tierwohl-16.jpg\",\"datePublished\":\"2025-10-09T13:24:39+00:00\",\"dateModified\":\"2026-04-14T08:54:35+00:00\",\"description\":\"L\u2019olio di CBD per animali Tierwohl 16% di Bl\u00fctengold supporta il benessere del tuo animale domestico in modo naturale. Ordinalo ora nello shop.\",\"breadcrumb\":{\"@id\":\"https:\/\/bluetengold.ch\/it\/produkt\/cbd-oel-fuer-tiere-tierwohl-16\/#breadcrumb\"},\"inLanguage\":\"it-IT\",\"potentialAction\":[{\"@type\":\"ReadAction\",\"target\":[\"https:\/\/bluetengold.ch\/it\/produkt\/cbd-oel-fuer-tiere-tierwohl-16\/\"]}]},{\"@type\":\"ImageObject\",\"inLanguage\":\"it-IT\",\"@id\":\"https:\/\/bluetengold.ch\/it\/produkt\/cbd-oel-fuer-tiere-tierwohl-16\/#primaryimage\",\"url\":\"https:\/\/bluetengold.ch\/wp-content\/uploads\/2025\/11\/Bluetengold-Hanfoel-CBD-Tierwohl-16.jpg\",\"contentUrl\":\"https:\/\/bluetengold.ch\/wp-content\/uploads\/2025\/11\/Bluetengold-Hanfoel-CBD-Tierwohl-16.jpg\",\"width\":1000,\"height\":1278},{\"@type\":\"BreadcrumbList\",\"@id\":\"https:\/\/bluetengold.ch\/it\/produkt\/cbd-oel-fuer-tiere-tierwohl-16\/#breadcrumb\",\"itemListElement\":[{\"@type\":\"ListItem\",\"position\":1,\"name\":\"Home\",\"item\":\"https:\/\/bluetengold.ch\/it\/\"},{\"@type\":\"ListItem\",\"position\":2,\"name\":\"Shop\",\"item\":\"https:\/\/bluetengold.ch\/it\/shop\/\"},{\"@type\":\"ListItem\",\"position\":3,\"name\":\"Olio di CBD per animali Tierwohl 16%\"}]},{\"@type\":\"WebSite\",\"@id\":\"https:\/\/bluetengold.ch\/it\/#website\",\"url\":\"https:\/\/bluetengold.ch\/it\/\",\"name\":\"CBD Produkte Bl\u00fctengold\",\"description\":\"Bl\u00fctengold\",\"potentialAction\":[{\"@type\":\"SearchAction\",\"target\":{\"@type\":\"EntryPoint\",\"urlTemplate\":\"https:\/\/bluetengold.ch\/it\/?s={search_term_string}\"},\"query-input\":{\"@type\":\"PropertyValueSpecification\",\"valueRequired\":true,\"valueName\":\"search_term_string\"}}],\"inLanguage\":\"it-IT\"}]}<\/script>\n<!-- \/ Yoast SEO plugin. -->","yoast_head_json":{"title":"Olio di CBD per animali Tierwohl 16% \u2013 Gocce di canapa CH | Bl\u00fctengold","description":"L\u2019olio di CBD per animali Tierwohl 16% di Bl\u00fctengold supporta il benessere del tuo animale domestico in modo naturale. Ordinalo ora nello shop.","robots":{"index":"index","follow":"follow","max-snippet":"max-snippet:-1","max-image-preview":"max-image-preview:large","max-video-preview":"max-video-preview:-1"},"canonical":"https:\/\/bluetengold.ch\/it\/produkt\/cbd-oel-fuer-tiere-tierwohl-16\/","og_locale":"it_IT","og_type":"article","og_title":"Olio di CBD per animali Tierwohl 16% \u2013 Gocce di canapa CH | Bl\u00fctengold","og_description":"L\u2019olio di CBD per animali Tierwohl 16% di Bl\u00fctengold supporta il benessere del tuo animale domestico in modo naturale. Ordinalo ora nello shop.","og_url":"https:\/\/bluetengold.ch\/it\/produkt\/cbd-oel-fuer-tiere-tierwohl-16\/","og_site_name":"CBD Produkte Bl\u00fctengold","article_modified_time":"2026-04-14T08:54:35+00:00","og_image":[{"width":1000,"height":1278,"url":"https:\/\/bluetengold.ch\/wp-content\/uploads\/2025\/11\/Bluetengold-Hanfoel-CBD-Tierwohl-16.jpg","type":"image\/jpeg"}],"twitter_card":"summary_large_image","twitter_misc":{"Tempo di lettura stimato":"1 minuto"},"schema":{"@context":"https:\/\/schema.org","@graph":[{"@type":"WebPage","@id":"https:\/\/bluetengold.ch\/it\/produkt\/cbd-oel-fuer-tiere-tierwohl-16\/","url":"https:\/\/bluetengold.ch\/it\/produkt\/cbd-oel-fuer-tiere-tierwohl-16\/","name":"Olio di CBD per animali Tierwohl 16% \u2013 Gocce di canapa CH | Bl\u00fctengold","isPartOf":{"@id":"https:\/\/bluetengold.ch\/it\/#website"},"primaryImageOfPage":{"@id":"https:\/\/bluetengold.ch\/it\/produkt\/cbd-oel-fuer-tiere-tierwohl-16\/#primaryimage"},"image":{"@id":"https:\/\/bluetengold.ch\/it\/produkt\/cbd-oel-fuer-tiere-tierwohl-16\/#primaryimage"},"thumbnailUrl":"https:\/\/bluetengold.ch\/wp-content\/uploads\/2025\/11\/Bluetengold-Hanfoel-CBD-Tierwohl-16.jpg","datePublished":"2025-10-09T13:24:39+00:00","dateModified":"2026-04-14T08:54:35+00:00","description":"L\u2019olio di CBD per animali Tierwohl 16% di Bl\u00fctengold supporta il benessere del tuo animale domestico in modo naturale. Ordinalo ora nello shop.","breadcrumb":{"@id":"https:\/\/bluetengold.ch\/it\/produkt\/cbd-oel-fuer-tiere-tierwohl-16\/#breadcrumb"},"inLanguage":"it-IT","potentialAction":[{"@type":"ReadAction","target":["https:\/\/bluetengold.ch\/it\/produkt\/cbd-oel-fuer-tiere-tierwohl-16\/"]}]},{"@type":"ImageObject","inLanguage":"it-IT","@id":"https:\/\/bluetengold.ch\/it\/produkt\/cbd-oel-fuer-tiere-tierwohl-16\/#primaryimage","url":"https:\/\/bluetengold.ch\/wp-content\/uploads\/2025\/11\/Bluetengold-Hanfoel-CBD-Tierwohl-16.jpg","contentUrl":"https:\/\/bluetengold.ch\/wp-content\/uploads\/2025\/11\/Bluetengold-Hanfoel-CBD-Tierwohl-16.jpg","width":1000,"height":1278},{"@type":"BreadcrumbList","@id":"https:\/\/bluetengold.ch\/it\/produkt\/cbd-oel-fuer-tiere-tierwohl-16\/#breadcrumb","itemListElement":[{"@type":"ListItem","position":1,"name":"Home","item":"https:\/\/bluetengold.ch\/it\/"},{"@type":"ListItem","position":2,"name":"Shop","item":"https:\/\/bluetengold.ch\/it\/shop\/"},{"@type":"ListItem","position":3,"name":"Olio di CBD per animali Tierwohl 16%"}]},{"@type":"WebSite","@id":"https:\/\/bluetengold.ch\/it\/#website","url":"https:\/\/bluetengold.ch\/it\/","name":"CBD Produkte Bl\u00fctengold","description":"Bl\u00fctengold","potentialAction":[{"@type":"SearchAction","target":{"@type":"EntryPoint","urlTemplate":"https:\/\/bluetengold.ch\/it\/?s={search_term_string}"},"query-input":{"@type":"PropertyValueSpecification","valueRequired":true,"valueName":"search_term_string"}}],"inLanguage":"it-IT"}]}},"_links":{"self":[{"href":"https:\/\/bluetengold.ch\/it\/wp-json\/wp\/v2\/product\/6745","targetHints":{"allow":["GET"]}}],"collection":[{"href":"https:\/\/bluetengold.ch\/it\/wp-json\/wp\/v2\/product"}],"about":[{"href":"https:\/\/bluetengold.ch\/it\/wp-json\/wp\/v2\/types\/product"}],"replies":[{"embeddable":true,"href":"https:\/\/bluetengold.ch\/it\/wp-json\/wp\/v2\/comments?post=6745"}],"wp:featuredmedia":[{"embeddable":true,"href":"https:\/\/bluetengold.ch\/it\/wp-json\/wp\/v2\/media\/6746"}],"wp:attachment":[{"href":"https:\/\/bluetengold.ch\/it\/wp-json\/wp\/v2\/media?parent=6745"}],"wp:term":[{"taxonomy":"product_brand","embeddable":true,"href":"https:\/\/bluetengold.ch\/it\/wp-json\/wp\/v2\/product_brand?post=6745"},{"taxonomy":"product_cat","embeddable":true,"href":"https:\/\/bluetengold.ch\/it\/wp-json\/wp\/v2\/product_cat?post=6745"},{"taxonomy":"product_tag","embeddable":true,"href":"https:\/\/bluetengold.ch\/it\/wp-json\/wp\/v2\/product_tag?post=6745"}],"curies":[{"name":"wp","href":"https:\/\/api.w.org\/{rel}","templated":true}]}}