{"id":6721,"date":"2025-10-13T11:30:25","date_gmt":"2025-10-13T11:30:25","guid":{"rendered":"https:\/\/bluetengold.ch\/produkt\/cbd-tropfen-20-thc-frei-schweizer-hanftropfen\/"},"modified":"2026-04-09T11:31:45","modified_gmt":"2026-04-09T11:31:45","slug":"cbd-tropfen-20-thc-frei-schweizer-hanftropfen","status":"publish","type":"product","link":"https:\/\/bluetengold.ch\/it\/produkt\/cbd-tropfen-20-thc-frei-schweizer-hanftropfen\/","title":{"rendered":"Gocce CBD 20% senza THC \u2013 Gocce di canapa svizzera"},"content":{"rendered":"<p>Naturali, biologiche e senza THC<br \/>\nLe gocce CBD 20% di Bl\u00fctengold sono la scelta perfetta per chi conosce gi\u00e0 l&#8217;uso del CBD e ha gi\u00e0 fatto le prime esperienze. L&#8217;olio CBD a ampio spettro senza THC non ha effetti psicoattivi ed \u00e8 particolarmente indicato per chi reagisce in modo sensibile al THC o desidera rinunciarvi completamente per altri motivi. <\/p>\n<p>Le nostre piante di canapa, da cui viene prodotto il nostro distillato di CBD, sono coltivate con cura in Svizzera secondo i pi\u00f9 alti standard biologici svizzeri. Aria fresca e molta luce solare creano le condizioni ideali per la coltivazione delle nostre piante, permettendoci di produrre distillati di CBD della qualit\u00e0 pi\u00f9 naturale. <\/p>\n<p>Con distillato a spettro completo<br \/>\nIl distillato di CBD \u00e8 un estratto di canapa purificato tramite distillazione, dal quale \u00e8 stato rimosso il THC. Tutti gli altri cannabinoidi e terpeni vengono mantenuti, garantendo uno spettro di principi attivi sinergico e rendendo il prodotto significativamente pi\u00f9 pregiato rispetto agli oli di CBD prodotti con isolato di CBD. <\/p>\n","protected":false},"excerpt":{"rendered":"<p><img decoding=\"async\" class=\"alignnone size-full wp-image-4001\" src=\"\/wp-content\/uploads\/2025\/08\/Bluetengold-List-Hack-gruen-1.png\" alt=\"\" width=\"22\" height=\"21\">  da canapa biologica svizzera coltivata con cura<br \/>\n<img decoding=\"async\" class=\"alignnone size-full wp-image-4001\" src=\"\/wp-content\/uploads\/2025\/08\/Bluetengold-List-Hack-gruen-1.png\" alt=\"\" width=\"22\" height=\"21\">  estratto naturale a spettro completo<br \/>\n<img decoding=\"async\" class=\"alignnone size-full wp-image-4001\" src=\"\/wp-content\/uploads\/2025\/08\/Bluetengold-List-Hack-gruen-1.png\" alt=\"\" width=\"22\" height=\"21\">  100% naturale &amp; biologico<br \/>\n<img decoding=\"async\" class=\"alignnone size-full wp-image-4001\" src=\"\/wp-content\/uploads\/2025\/08\/Bluetengold-List-Hack-gruen-1.png\" alt=\"\" width=\"22\" height=\"21\">  senza pesticidi ed erbicidi<br \/>\n<img decoding=\"async\" class=\"alignnone size-full wp-image-4001\" src=\"\/wp-content\/uploads\/2025\/08\/Bluetengold-List-Hack-gruen-1.png\" alt=\"\" width=\"22\" height=\"21\">  senza ingredienti sintetici<br \/>\n<img decoding=\"async\" class=\"alignnone size-full wp-image-4001\" src=\"\/wp-content\/uploads\/2025\/08\/Bluetengold-List-Hack-gruen-1.png\" alt=\"\" width=\"22\" height=\"21\">  con olio MCT biologico (a base di cocco)<br \/>\n<img decoding=\"async\" class=\"alignnone size-full wp-image-4001\" src=\"\/wp-content\/uploads\/2025\/08\/Bluetengold-List-Hack-gruen-1.png\" alt=\"\" width=\"22\" height=\"21\">  senza THC<br \/>\n<img decoding=\"async\" class=\"alignnone size-full wp-image-4001\" src=\"\/wp-content\/uploads\/2025\/08\/Bluetengold-List-Hack-gruen-1.png\" alt=\"\" width=\"22\" height=\"21\"> 2000 mg di CBD con un contenuto del 20%<\/p>\n<p><img decoding=\"async\" class=\"alignnone wp-image-5018\" src=\"\/wp-content\/uploads\/2025\/10\/Download-Icon.png\" alt=\"\" width=\"30\" height=\"22\" srcset=\"https:\/\/bluetengold.ch\/wp-content\/uploads\/2025\/10\/Download-Icon-200x149.png 200w, https:\/\/bluetengold.ch\/wp-content\/uploads\/2025\/10\/Download-Icon-300x214.png 300w, https:\/\/bluetengold.ch\/wp-content\/uploads\/2025\/10\/Download-Icon.png 360w\" sizes=\"(max-width: 30px) 100vw, 30px\" \/> <a href=\"\/wp-content\/uploads\/2025\/11\/LZ.663.008-01-BIO-CBD-Oel-20-Breitspektrum-Batch-L201025-CAN1.pdf\" target=\"_blank\" rel=\"noopener\">Rapporto d&#8217;analisi<\/a><\/p>\n<p>&nbsp;<\/p>\n","protected":false},"featured_media":6722,"comment_status":"open","ping_status":"closed","template":"","meta":[],"product_brand":[],"product_cat":[208],"product_tag":[],"class_list":{"0":"post-6721","1":"product","2":"type-product","3":"status-publish","4":"has-post-thumbnail","6":"product_cat-cbd-oel-breitspektrum-thc-frei","8":"first","9":"instock","10":"taxable","11":"shipping-taxable","12":"purchasable","13":"product-type-simple"},"yoast_head":"<!-- This site is optimized with the Yoast SEO plugin v27.2 - https:\/\/yoast.com\/product\/yoast-seo-wordpress\/ -->\n<title>Gocce CBD 20% senza THC \u2013 Gocce di canapa CH | Bl\u00fctengold<\/title>\n<meta name=\"description\" content=\"Scopri le gocce CBD 20% senza THC di Bl\u00fctengold \u2013 gocce di canapa svizzera di alta qualit\u00e0 senza THC. Ordinale ora nello shop.\" \/>\n<meta name=\"robots\" content=\"index, follow, max-snippet:-1, max-image-preview:large, max-video-preview:-1\" \/>\n<link rel=\"canonical\" href=\"https:\/\/bluetengold.ch\/it\/produkt\/cbd-tropfen-20-thc-frei-schweizer-hanftropfen\/\" \/>\n<meta property=\"og:locale\" content=\"it_IT\" \/>\n<meta property=\"og:type\" content=\"article\" \/>\n<meta property=\"og:title\" content=\"Gocce CBD 20% senza THC \u2013 Gocce di canapa CH | Bl\u00fctengold\" \/>\n<meta property=\"og:description\" content=\"Scopri le gocce CBD 20% senza THC di Bl\u00fctengold \u2013 gocce di canapa svizzera di alta qualit\u00e0 senza THC. Ordinale ora nello shop.\" \/>\n<meta property=\"og:url\" content=\"https:\/\/bluetengold.ch\/it\/produkt\/cbd-tropfen-20-thc-frei-schweizer-hanftropfen\/\" \/>\n<meta property=\"og:site_name\" content=\"CBD Produkte Bl\u00fctengold\" \/>\n<meta property=\"article:modified_time\" content=\"2026-04-09T11:31:45+00:00\" \/>\n<meta property=\"og:image\" content=\"https:\/\/bluetengold.ch\/wp-content\/uploads\/2025\/10\/Bluetengold-CBD-Oel-Breitspektrum-20-THC-frei-n.jpg\" \/>\n\t<meta property=\"og:image:width\" content=\"1000\" \/>\n\t<meta property=\"og:image:height\" content=\"1278\" \/>\n\t<meta property=\"og:image:type\" content=\"image\/jpeg\" \/>\n<meta name=\"twitter:card\" content=\"summary_large_image\" \/>\n<meta name=\"twitter:label1\" content=\"Tempo di lettura stimato\" \/>\n\t<meta name=\"twitter:data1\" content=\"2 minuti\" \/>\n<script type=\"application\/ld+json\" class=\"yoast-schema-graph\">{\"@context\":\"https:\/\/schema.org\",\"@graph\":[{\"@type\":\"WebPage\",\"@id\":\"https:\/\/bluetengold.ch\/it\/produkt\/cbd-tropfen-20-thc-frei-schweizer-hanftropfen\/\",\"url\":\"https:\/\/bluetengold.ch\/it\/produkt\/cbd-tropfen-20-thc-frei-schweizer-hanftropfen\/\",\"name\":\"Gocce CBD 20% senza THC \u2013 Gocce di canapa CH | Bl\u00fctengold\",\"isPartOf\":{\"@id\":\"https:\/\/bluetengold.ch\/it\/#website\"},\"primaryImageOfPage\":{\"@id\":\"https:\/\/bluetengold.ch\/it\/produkt\/cbd-tropfen-20-thc-frei-schweizer-hanftropfen\/#primaryimage\"},\"image\":{\"@id\":\"https:\/\/bluetengold.ch\/it\/produkt\/cbd-tropfen-20-thc-frei-schweizer-hanftropfen\/#primaryimage\"},\"thumbnailUrl\":\"https:\/\/bluetengold.ch\/wp-content\/uploads\/2025\/10\/Bluetengold-CBD-Oel-Breitspektrum-20-THC-frei-n.jpg\",\"datePublished\":\"2025-10-13T11:30:25+00:00\",\"dateModified\":\"2026-04-09T11:31:45+00:00\",\"description\":\"Scopri le gocce CBD 20% senza THC di Bl\u00fctengold \u2013 gocce di canapa svizzera di alta qualit\u00e0 senza THC. Ordinale ora nello shop.\",\"breadcrumb\":{\"@id\":\"https:\/\/bluetengold.ch\/it\/produkt\/cbd-tropfen-20-thc-frei-schweizer-hanftropfen\/#breadcrumb\"},\"inLanguage\":\"it-IT\",\"potentialAction\":[{\"@type\":\"ReadAction\",\"target\":[\"https:\/\/bluetengold.ch\/it\/produkt\/cbd-tropfen-20-thc-frei-schweizer-hanftropfen\/\"]}]},{\"@type\":\"ImageObject\",\"inLanguage\":\"it-IT\",\"@id\":\"https:\/\/bluetengold.ch\/it\/produkt\/cbd-tropfen-20-thc-frei-schweizer-hanftropfen\/#primaryimage\",\"url\":\"https:\/\/bluetengold.ch\/wp-content\/uploads\/2025\/10\/Bluetengold-CBD-Oel-Breitspektrum-20-THC-frei-n.jpg\",\"contentUrl\":\"https:\/\/bluetengold.ch\/wp-content\/uploads\/2025\/10\/Bluetengold-CBD-Oel-Breitspektrum-20-THC-frei-n.jpg\",\"width\":1000,\"height\":1278},{\"@type\":\"BreadcrumbList\",\"@id\":\"https:\/\/bluetengold.ch\/it\/produkt\/cbd-tropfen-20-thc-frei-schweizer-hanftropfen\/#breadcrumb\",\"itemListElement\":[{\"@type\":\"ListItem\",\"position\":1,\"name\":\"Home\",\"item\":\"https:\/\/bluetengold.ch\/it\/\"},{\"@type\":\"ListItem\",\"position\":2,\"name\":\"Shop\",\"item\":\"https:\/\/bluetengold.ch\/it\/shop\/\"},{\"@type\":\"ListItem\",\"position\":3,\"name\":\"Gocce CBD 20% senza THC \u2013 Gocce di canapa svizzera\"}]},{\"@type\":\"WebSite\",\"@id\":\"https:\/\/bluetengold.ch\/it\/#website\",\"url\":\"https:\/\/bluetengold.ch\/it\/\",\"name\":\"CBD Produkte Bl\u00fctengold\",\"description\":\"Bl\u00fctengold\",\"potentialAction\":[{\"@type\":\"SearchAction\",\"target\":{\"@type\":\"EntryPoint\",\"urlTemplate\":\"https:\/\/bluetengold.ch\/it\/?s={search_term_string}\"},\"query-input\":{\"@type\":\"PropertyValueSpecification\",\"valueRequired\":true,\"valueName\":\"search_term_string\"}}],\"inLanguage\":\"it-IT\"}]}<\/script>\n<!-- \/ Yoast SEO plugin. -->","yoast_head_json":{"title":"Gocce CBD 20% senza THC \u2013 Gocce di canapa CH | Bl\u00fctengold","description":"Scopri le gocce CBD 20% senza THC di Bl\u00fctengold \u2013 gocce di canapa svizzera di alta qualit\u00e0 senza THC. Ordinale ora nello shop.","robots":{"index":"index","follow":"follow","max-snippet":"max-snippet:-1","max-image-preview":"max-image-preview:large","max-video-preview":"max-video-preview:-1"},"canonical":"https:\/\/bluetengold.ch\/it\/produkt\/cbd-tropfen-20-thc-frei-schweizer-hanftropfen\/","og_locale":"it_IT","og_type":"article","og_title":"Gocce CBD 20% senza THC \u2013 Gocce di canapa CH | Bl\u00fctengold","og_description":"Scopri le gocce CBD 20% senza THC di Bl\u00fctengold \u2013 gocce di canapa svizzera di alta qualit\u00e0 senza THC. Ordinale ora nello shop.","og_url":"https:\/\/bluetengold.ch\/it\/produkt\/cbd-tropfen-20-thc-frei-schweizer-hanftropfen\/","og_site_name":"CBD Produkte Bl\u00fctengold","article_modified_time":"2026-04-09T11:31:45+00:00","og_image":[{"width":1000,"height":1278,"url":"https:\/\/bluetengold.ch\/wp-content\/uploads\/2025\/10\/Bluetengold-CBD-Oel-Breitspektrum-20-THC-frei-n.jpg","type":"image\/jpeg"}],"twitter_card":"summary_large_image","twitter_misc":{"Tempo di lettura stimato":"2 minuti"},"schema":{"@context":"https:\/\/schema.org","@graph":[{"@type":"WebPage","@id":"https:\/\/bluetengold.ch\/it\/produkt\/cbd-tropfen-20-thc-frei-schweizer-hanftropfen\/","url":"https:\/\/bluetengold.ch\/it\/produkt\/cbd-tropfen-20-thc-frei-schweizer-hanftropfen\/","name":"Gocce CBD 20% senza THC \u2013 Gocce di canapa CH | Bl\u00fctengold","isPartOf":{"@id":"https:\/\/bluetengold.ch\/it\/#website"},"primaryImageOfPage":{"@id":"https:\/\/bluetengold.ch\/it\/produkt\/cbd-tropfen-20-thc-frei-schweizer-hanftropfen\/#primaryimage"},"image":{"@id":"https:\/\/bluetengold.ch\/it\/produkt\/cbd-tropfen-20-thc-frei-schweizer-hanftropfen\/#primaryimage"},"thumbnailUrl":"https:\/\/bluetengold.ch\/wp-content\/uploads\/2025\/10\/Bluetengold-CBD-Oel-Breitspektrum-20-THC-frei-n.jpg","datePublished":"2025-10-13T11:30:25+00:00","dateModified":"2026-04-09T11:31:45+00:00","description":"Scopri le gocce CBD 20% senza THC di Bl\u00fctengold \u2013 gocce di canapa svizzera di alta qualit\u00e0 senza THC. Ordinale ora nello shop.","breadcrumb":{"@id":"https:\/\/bluetengold.ch\/it\/produkt\/cbd-tropfen-20-thc-frei-schweizer-hanftropfen\/#breadcrumb"},"inLanguage":"it-IT","potentialAction":[{"@type":"ReadAction","target":["https:\/\/bluetengold.ch\/it\/produkt\/cbd-tropfen-20-thc-frei-schweizer-hanftropfen\/"]}]},{"@type":"ImageObject","inLanguage":"it-IT","@id":"https:\/\/bluetengold.ch\/it\/produkt\/cbd-tropfen-20-thc-frei-schweizer-hanftropfen\/#primaryimage","url":"https:\/\/bluetengold.ch\/wp-content\/uploads\/2025\/10\/Bluetengold-CBD-Oel-Breitspektrum-20-THC-frei-n.jpg","contentUrl":"https:\/\/bluetengold.ch\/wp-content\/uploads\/2025\/10\/Bluetengold-CBD-Oel-Breitspektrum-20-THC-frei-n.jpg","width":1000,"height":1278},{"@type":"BreadcrumbList","@id":"https:\/\/bluetengold.ch\/it\/produkt\/cbd-tropfen-20-thc-frei-schweizer-hanftropfen\/#breadcrumb","itemListElement":[{"@type":"ListItem","position":1,"name":"Home","item":"https:\/\/bluetengold.ch\/it\/"},{"@type":"ListItem","position":2,"name":"Shop","item":"https:\/\/bluetengold.ch\/it\/shop\/"},{"@type":"ListItem","position":3,"name":"Gocce CBD 20% senza THC \u2013 Gocce di canapa svizzera"}]},{"@type":"WebSite","@id":"https:\/\/bluetengold.ch\/it\/#website","url":"https:\/\/bluetengold.ch\/it\/","name":"CBD Produkte Bl\u00fctengold","description":"Bl\u00fctengold","potentialAction":[{"@type":"SearchAction","target":{"@type":"EntryPoint","urlTemplate":"https:\/\/bluetengold.ch\/it\/?s={search_term_string}"},"query-input":{"@type":"PropertyValueSpecification","valueRequired":true,"valueName":"search_term_string"}}],"inLanguage":"it-IT"}]}},"_links":{"self":[{"href":"https:\/\/bluetengold.ch\/it\/wp-json\/wp\/v2\/product\/6721","targetHints":{"allow":["GET"]}}],"collection":[{"href":"https:\/\/bluetengold.ch\/it\/wp-json\/wp\/v2\/product"}],"about":[{"href":"https:\/\/bluetengold.ch\/it\/wp-json\/wp\/v2\/types\/product"}],"replies":[{"embeddable":true,"href":"https:\/\/bluetengold.ch\/it\/wp-json\/wp\/v2\/comments?post=6721"}],"wp:featuredmedia":[{"embeddable":true,"href":"https:\/\/bluetengold.ch\/it\/wp-json\/wp\/v2\/media\/6722"}],"wp:attachment":[{"href":"https:\/\/bluetengold.ch\/it\/wp-json\/wp\/v2\/media?parent=6721"}],"wp:term":[{"taxonomy":"product_brand","embeddable":true,"href":"https:\/\/bluetengold.ch\/it\/wp-json\/wp\/v2\/product_brand?post=6721"},{"taxonomy":"product_cat","embeddable":true,"href":"https:\/\/bluetengold.ch\/it\/wp-json\/wp\/v2\/product_cat?post=6721"},{"taxonomy":"product_tag","embeddable":true,"href":"https:\/\/bluetengold.ch\/it\/wp-json\/wp\/v2\/product_tag?post=6721"}],"curies":[{"name":"wp","href":"https:\/\/api.w.org\/{rel}","templated":true}]}}