{"id":6710,"date":"2025-10-13T13:03:29","date_gmt":"2025-10-13T13:03:29","guid":{"rendered":"https:\/\/bluetengold.ch\/produkt\/cbd-balsam-skin-care\/"},"modified":"2025-10-13T13:03:29","modified_gmt":"2025-10-13T13:03:29","slug":"cbd-balsam-skin-care","status":"publish","type":"product","link":"https:\/\/bluetengold.ch\/it\/produkt\/cbd-balsam-skin-care\/","title":{"rendered":"CBD Balsam Skin Care"},"content":{"rendered":"<p>Das Hanfbalsam dient zur Pflege empfindlicher, trockener und gereizter Haut. Pflanzliche \u00d6le aus Hanf und schwarzer Johannisbeere sch\u00fctzen und n\u00e4hren. Der Phytokomplex aus Hamamelis, Aloe und Cardiospermum beruhigt und f\u00f6rdert die Regeneration beanspruchter Haut. Das CBD wirkt entz\u00fcndungshemmend, beruhigend und unterst\u00fctzt die Regeneration der Haut.<\/p>\n<p>Das Hanfbalsam \u201cSkin Care\u201c wurde vom Drogisten entwickelt und enth\u00e4lt Hanfextrakt aus eigener Produktion.<\/p>\n<p><strong>COMP (INCI)<\/strong><br \/>\nAqua, Aloe Barbadnsis Leaf Juice, Hamamelis Virginia Extrac, Capric\/Caprilic Triglyceride, Cetearyl Alcohol, Ethylhexyl Stearte, Cetearyl Isonanoate, Isoamyl Laurate, Glycerin, Cannabis(Hemp) Seed Oil, Octyldodecanol, Cannabis Sativa leaf Extract, Ribes Nigrum Oil, Helianthus Annuus oil Unsaponifiables, CBD, Cardiospermum, Phantenol, Cetearyl Glucoside, Phenoxyethanol, Tocopherole, Rosmarinus Officinalis Extract, Sodium Steaoryl Glutamate, Parfum(Natural), Sodium Phytate, Ethylhexil Glycrin, Phytosteryl\/ Octyldodecyl Lauroyl Glutamate, Xanthan Gum, Limonene, Linalool<\/p>\n","protected":false},"excerpt":{"rendered":"<p><img decoding=\"async\" class=\"alignnone size-full wp-image-4001\" src=\"\/wp-content\/uploads\/2025\/08\/Bluetengold-List-Hack-gruen-1.png\" alt=\"\" width=\"22\" height=\"21\" \/> zur Pflege der Haut<br \/>\n<img decoding=\"async\" class=\"alignnone size-full wp-image-4001\" src=\"\/wp-content\/uploads\/2025\/08\/Bluetengold-List-Hack-gruen-1.png\" alt=\"\" width=\"22\" height=\"21\" \/> mit Schweizer Bio Hanfextrakt<br \/>\n<img decoding=\"async\" class=\"alignnone size-full wp-image-4001\" src=\"\/wp-content\/uploads\/2025\/08\/Bluetengold-List-Hack-gruen-1.png\" alt=\"\" width=\"22\" height=\"21\" \/> mit nat\u00fcrlichen Inhaltsstoffen<br \/>\n<img decoding=\"async\" class=\"alignnone size-full wp-image-4001\" src=\"\/wp-content\/uploads\/2025\/08\/Bluetengold-List-Hack-gruen-1.png\" alt=\"\" width=\"22\" height=\"21\" \/> Schweizer Drogeriequalit\u00e4t<br \/>\n<img decoding=\"async\" class=\"alignnone size-full wp-image-4001\" src=\"\/wp-content\/uploads\/2025\/08\/Bluetengold-List-Hack-gruen-1.png\" alt=\"\" width=\"22\" height=\"21\" \/> frei von Silikonen, Parabenen &amp; Parfum<\/p>\n<p><img decoding=\"async\" class=\"alignnone wp-image-5018\" src=\"\/wp-content\/uploads\/2025\/10\/Download-Icon.png\" alt=\"\" width=\"30\" height=\"22\" srcset=\"https:\/\/bluetengold.ch\/wp-content\/uploads\/2025\/10\/Download-Icon-200x149.png 200w, https:\/\/bluetengold.ch\/wp-content\/uploads\/2025\/10\/Download-Icon-300x214.png 300w, https:\/\/bluetengold.ch\/wp-content\/uploads\/2025\/10\/Download-Icon.png 360w\" sizes=\"(max-width: 30px) 100vw, 30px\" \/> <a href=\"\/wp-content\/uploads\/2025\/11\/LZ.663.010-01-CBD-Balsam-Skin-Care-Batch-L811025-CAN1.pdf\" target=\"_blank\" rel=\"noopener\">Analysebericht<\/a><\/p>\n<p>&nbsp;<\/p>\n","protected":false},"featured_media":6002,"comment_status":"open","ping_status":"closed","template":"","meta":[],"product_brand":[],"product_cat":[214],"product_tag":[],"class_list":{"0":"post-6710","1":"product","2":"type-product","3":"status-publish","4":"has-post-thumbnail","6":"product_cat-cbd-kosmetik","8":"first","9":"instock","10":"taxable","11":"shipping-taxable","12":"purchasable","13":"product-type-simple"},"yoast_head":"<!-- This site is optimized with the Yoast SEO plugin v27.2 - https:\/\/yoast.com\/product\/yoast-seo-wordpress\/ -->\n<title>CBD Balsam Skin Care - CBD Produkte Bl\u00fctengold<\/title>\n<meta name=\"robots\" content=\"index, follow, max-snippet:-1, max-image-preview:large, max-video-preview:-1\" \/>\n<link rel=\"canonical\" href=\"https:\/\/bluetengold.ch\/it\/produkt\/cbd-balsam-skin-care\/\" \/>\n<meta property=\"og:locale\" content=\"it_IT\" \/>\n<meta property=\"og:type\" content=\"article\" \/>\n<meta property=\"og:title\" content=\"CBD Balsam Skin Care - CBD Produkte Bl\u00fctengold\" \/>\n<meta property=\"og:description\" content=\"zur Pflege der Haut  mit Schweizer Bio Hanfextrakt  mit nat\u00fcrlichen Inhaltsstoffen  Schweizer Drogeriequalit\u00e4t  frei von Silikonen, Parabenen &amp; Parfum   Analysebericht  &nbsp;\" \/>\n<meta property=\"og:url\" content=\"https:\/\/bluetengold.ch\/it\/produkt\/cbd-balsam-skin-care\/\" \/>\n<meta property=\"og:site_name\" content=\"CBD Produkte Bl\u00fctengold\" \/>\n<meta name=\"twitter:card\" content=\"summary_large_image\" \/>\n<meta name=\"twitter:label1\" content=\"Tempo di lettura stimato\" \/>\n\t<meta name=\"twitter:data1\" content=\"1 minuto\" \/>\n<script type=\"application\/ld+json\" class=\"yoast-schema-graph\">{\"@context\":\"https:\/\/schema.org\",\"@graph\":[{\"@type\":\"WebPage\",\"@id\":\"https:\/\/bluetengold.ch\/it\/produkt\/cbd-balsam-skin-care\/\",\"url\":\"https:\/\/bluetengold.ch\/it\/produkt\/cbd-balsam-skin-care\/\",\"name\":\"CBD Balsam Skin Care - CBD Produkte Bl\u00fctengold\",\"isPartOf\":{\"@id\":\"https:\/\/bluetengold.ch\/it\/#website\"},\"primaryImageOfPage\":{\"@id\":\"https:\/\/bluetengold.ch\/it\/produkt\/cbd-balsam-skin-care\/#primaryimage\"},\"image\":{\"@id\":\"https:\/\/bluetengold.ch\/it\/produkt\/cbd-balsam-skin-care\/#primaryimage\"},\"thumbnailUrl\":\"https:\/\/bluetengold.ch\/wp-content\/uploads\/2025\/11\/Bluetengold-Bio-CBD-Kosmetik-Skin-Care-CBD-Balsam.jpg\",\"datePublished\":\"2025-10-13T13:03:29+00:00\",\"breadcrumb\":{\"@id\":\"https:\/\/bluetengold.ch\/it\/produkt\/cbd-balsam-skin-care\/#breadcrumb\"},\"inLanguage\":\"it-IT\",\"potentialAction\":[{\"@type\":\"ReadAction\",\"target\":[\"https:\/\/bluetengold.ch\/it\/produkt\/cbd-balsam-skin-care\/\"]}]},{\"@type\":\"ImageObject\",\"inLanguage\":\"it-IT\",\"@id\":\"https:\/\/bluetengold.ch\/it\/produkt\/cbd-balsam-skin-care\/#primaryimage\",\"url\":\"https:\/\/bluetengold.ch\/wp-content\/uploads\/2025\/11\/Bluetengold-Bio-CBD-Kosmetik-Skin-Care-CBD-Balsam.jpg\",\"contentUrl\":\"https:\/\/bluetengold.ch\/wp-content\/uploads\/2025\/11\/Bluetengold-Bio-CBD-Kosmetik-Skin-Care-CBD-Balsam.jpg\",\"width\":1000,\"height\":1278},{\"@type\":\"BreadcrumbList\",\"@id\":\"https:\/\/bluetengold.ch\/it\/produkt\/cbd-balsam-skin-care\/#breadcrumb\",\"itemListElement\":[{\"@type\":\"ListItem\",\"position\":1,\"name\":\"Home\",\"item\":\"https:\/\/bluetengold.ch\/it\/\"},{\"@type\":\"ListItem\",\"position\":2,\"name\":\"Shop\",\"item\":\"https:\/\/bluetengold.ch\/it\/shop\/\"},{\"@type\":\"ListItem\",\"position\":3,\"name\":\"CBD Balsam Skin Care\"}]},{\"@type\":\"WebSite\",\"@id\":\"https:\/\/bluetengold.ch\/it\/#website\",\"url\":\"https:\/\/bluetengold.ch\/it\/\",\"name\":\"CBD Produkte Bl\u00fctengold\",\"description\":\"Bl\u00fctengold\",\"potentialAction\":[{\"@type\":\"SearchAction\",\"target\":{\"@type\":\"EntryPoint\",\"urlTemplate\":\"https:\/\/bluetengold.ch\/it\/?s={search_term_string}\"},\"query-input\":{\"@type\":\"PropertyValueSpecification\",\"valueRequired\":true,\"valueName\":\"search_term_string\"}}],\"inLanguage\":\"it-IT\"}]}<\/script>\n<!-- \/ Yoast SEO plugin. -->","yoast_head_json":{"title":"CBD Balsam Skin Care - CBD Produkte Bl\u00fctengold","robots":{"index":"index","follow":"follow","max-snippet":"max-snippet:-1","max-image-preview":"max-image-preview:large","max-video-preview":"max-video-preview:-1"},"canonical":"https:\/\/bluetengold.ch\/it\/produkt\/cbd-balsam-skin-care\/","og_locale":"it_IT","og_type":"article","og_title":"CBD Balsam Skin Care - CBD Produkte Bl\u00fctengold","og_description":"zur Pflege der Haut  mit Schweizer Bio Hanfextrakt  mit nat\u00fcrlichen Inhaltsstoffen  Schweizer Drogeriequalit\u00e4t  frei von Silikonen, Parabenen &amp; Parfum   Analysebericht  &nbsp;","og_url":"https:\/\/bluetengold.ch\/it\/produkt\/cbd-balsam-skin-care\/","og_site_name":"CBD Produkte Bl\u00fctengold","twitter_card":"summary_large_image","twitter_misc":{"Tempo di lettura stimato":"1 minuto"},"schema":{"@context":"https:\/\/schema.org","@graph":[{"@type":"WebPage","@id":"https:\/\/bluetengold.ch\/it\/produkt\/cbd-balsam-skin-care\/","url":"https:\/\/bluetengold.ch\/it\/produkt\/cbd-balsam-skin-care\/","name":"CBD Balsam Skin Care - CBD Produkte Bl\u00fctengold","isPartOf":{"@id":"https:\/\/bluetengold.ch\/it\/#website"},"primaryImageOfPage":{"@id":"https:\/\/bluetengold.ch\/it\/produkt\/cbd-balsam-skin-care\/#primaryimage"},"image":{"@id":"https:\/\/bluetengold.ch\/it\/produkt\/cbd-balsam-skin-care\/#primaryimage"},"thumbnailUrl":"https:\/\/bluetengold.ch\/wp-content\/uploads\/2025\/11\/Bluetengold-Bio-CBD-Kosmetik-Skin-Care-CBD-Balsam.jpg","datePublished":"2025-10-13T13:03:29+00:00","breadcrumb":{"@id":"https:\/\/bluetengold.ch\/it\/produkt\/cbd-balsam-skin-care\/#breadcrumb"},"inLanguage":"it-IT","potentialAction":[{"@type":"ReadAction","target":["https:\/\/bluetengold.ch\/it\/produkt\/cbd-balsam-skin-care\/"]}]},{"@type":"ImageObject","inLanguage":"it-IT","@id":"https:\/\/bluetengold.ch\/it\/produkt\/cbd-balsam-skin-care\/#primaryimage","url":"https:\/\/bluetengold.ch\/wp-content\/uploads\/2025\/11\/Bluetengold-Bio-CBD-Kosmetik-Skin-Care-CBD-Balsam.jpg","contentUrl":"https:\/\/bluetengold.ch\/wp-content\/uploads\/2025\/11\/Bluetengold-Bio-CBD-Kosmetik-Skin-Care-CBD-Balsam.jpg","width":1000,"height":1278},{"@type":"BreadcrumbList","@id":"https:\/\/bluetengold.ch\/it\/produkt\/cbd-balsam-skin-care\/#breadcrumb","itemListElement":[{"@type":"ListItem","position":1,"name":"Home","item":"https:\/\/bluetengold.ch\/it\/"},{"@type":"ListItem","position":2,"name":"Shop","item":"https:\/\/bluetengold.ch\/it\/shop\/"},{"@type":"ListItem","position":3,"name":"CBD Balsam Skin Care"}]},{"@type":"WebSite","@id":"https:\/\/bluetengold.ch\/it\/#website","url":"https:\/\/bluetengold.ch\/it\/","name":"CBD Produkte Bl\u00fctengold","description":"Bl\u00fctengold","potentialAction":[{"@type":"SearchAction","target":{"@type":"EntryPoint","urlTemplate":"https:\/\/bluetengold.ch\/it\/?s={search_term_string}"},"query-input":{"@type":"PropertyValueSpecification","valueRequired":true,"valueName":"search_term_string"}}],"inLanguage":"it-IT"}]}},"_links":{"self":[{"href":"https:\/\/bluetengold.ch\/it\/wp-json\/wp\/v2\/product\/6710","targetHints":{"allow":["GET"]}}],"collection":[{"href":"https:\/\/bluetengold.ch\/it\/wp-json\/wp\/v2\/product"}],"about":[{"href":"https:\/\/bluetengold.ch\/it\/wp-json\/wp\/v2\/types\/product"}],"replies":[{"embeddable":true,"href":"https:\/\/bluetengold.ch\/it\/wp-json\/wp\/v2\/comments?post=6710"}],"wp:featuredmedia":[{"embeddable":true,"href":"https:\/\/bluetengold.ch\/it\/wp-json\/wp\/v2\/media\/6002"}],"wp:attachment":[{"href":"https:\/\/bluetengold.ch\/it\/wp-json\/wp\/v2\/media?parent=6710"}],"wp:term":[{"taxonomy":"product_brand","embeddable":true,"href":"https:\/\/bluetengold.ch\/it\/wp-json\/wp\/v2\/product_brand?post=6710"},{"taxonomy":"product_cat","embeddable":true,"href":"https:\/\/bluetengold.ch\/it\/wp-json\/wp\/v2\/product_cat?post=6710"},{"taxonomy":"product_tag","embeddable":true,"href":"https:\/\/bluetengold.ch\/it\/wp-json\/wp\/v2\/product_tag?post=6710"}],"curies":[{"name":"wp","href":"https:\/\/api.w.org\/{rel}","templated":true}]}}