{"id":7247,"date":"2026-01-21T15:16:52","date_gmt":"2026-01-21T15:16:52","guid":{"rendered":"https:\/\/bluetengold.ch\/agb\/"},"modified":"2026-04-23T12:29:28","modified_gmt":"2026-04-23T12:29:28","slug":"agb","status":"publish","type":"page","link":"https:\/\/bluetengold.ch\/it\/agb\/","title":{"rendered":"Termini e Condizioni"},"content":{"rendered":"<div class=\"fusion-fullwidth fullwidth-box fusion-builder-row-1 fusion-flex-container has-pattern-background has-mask-background nonhundred-percent-fullwidth non-hundred-percent-height-scrolling\" style=\"--awb-border-radius-top-left:0px;--awb-border-radius-top-right:0px;--awb-border-radius-bottom-right:0px;--awb-border-radius-bottom-left:0px;--awb-padding-right:60px;--awb-padding-left:60px;--awb-padding-right-small:30px;--awb-padding-left-small:30px;--awb-flex-wrap:wrap;\" ><div class=\"fusion-builder-row fusion-row fusion-flex-align-items-flex-start fusion-flex-content-wrap\" style=\"max-width:1248px;margin-left: calc(-4% \/ 2 );margin-right: calc(-4% \/ 2 );\"><div class=\"fusion-layout-column fusion_builder_column fusion-builder-column-0 fusion_builder_column_1_1 1_1 fusion-flex-column\" style=\"--awb-bg-size:cover;--awb-width-large:100%;--awb-margin-top-large:0px;--awb-spacing-right-large:1.92%;--awb-margin-bottom-large:0px;--awb-spacing-left-large:1.92%;--awb-width-medium:100%;--awb-order-medium:0;--awb-spacing-right-medium:1.92%;--awb-spacing-left-medium:1.92%;--awb-width-small:100%;--awb-order-small:0;--awb-spacing-right-small:1.92%;--awb-spacing-left-small:1.92%;\"><div class=\"fusion-column-wrapper fusion-column-has-shadow fusion-flex-justify-content-flex-start fusion-content-layout-column\"><div class=\"fusion-title title fusion-title-1 fusion-no-small-visibility fusion-sep-none fusion-title-text fusion-title-size-one\" style=\"--awb-margin-top-small:10px;--awb-margin-right-small:0px;--awb-margin-bottom-small:10px;--awb-margin-left-small:0px;--awb-font-size:42px;\"><h1 class=\"fusion-title-heading title-heading-left\" style=\"margin:0;font-size:1em;\">Termini e Condizioni Generali<\/h1><\/div><div class=\"fusion-title title fusion-title-2 fusion-no-medium-visibility fusion-no-large-visibility fusion-sep-none fusion-title-text fusion-title-size-one\" style=\"--awb-margin-top-small:10px;--awb-margin-right-small:0px;--awb-margin-bottom-small:10px;--awb-margin-left-small:0px;--awb-font-size:35px;\"><h1 class=\"fusion-title-heading title-heading-left\" style=\"margin:0;font-size:1em;\">Termini e Condizioni Generali<\/h1><\/div><div class=\"fusion-title title fusion-title-3 fusion-sep-none fusion-title-text fusion-title-size-four\" style=\"--awb-margin-top-small:10px;--awb-margin-right-small:0px;--awb-margin-bottom-small:10px;--awb-margin-left-small:0px;\"><h4 class=\"fusion-title-heading title-heading-left\" style=\"margin:0;\">Bl\u00fctengold GmbH<\/h4><\/div><div class=\"fusion-text fusion-text-1\"><p>Aggiornato a gennaio 2026<\/p>\n<p>I presenti Termini e Condizioni Generali (di seguito <strong>Termini e Condizioni<\/strong>) si applicano a tutti gli ordini e alle conclusioni di contratti tramite il negozio online di <strong>Bl\u00fctengold GmbH<\/strong>, Altelsweg 9, 3661 Uetendorf, Svizzera (di seguito Bl\u00fctengold).<\/p>\n<p>Bl\u00fctengold distribuisce i suoi prodotti a clienti residenti in Svizzera e negli Stati membri dell&#8217;Unione Europea.<\/p>\n<\/div><div class=\"fusion-title title fusion-title-4 fusion-sep-none fusion-title-text fusion-title-size-four\" style=\"--awb-margin-top-small:10px;--awb-margin-right-small:0px;--awb-margin-bottom-small:10px;--awb-margin-left-small:0px;\"><h4 class=\"fusion-title-heading title-heading-left\" style=\"margin:0;\">1. Ambito di applicazione<\/h4><\/div><div class=\"fusion-text fusion-text-2\"><p>I presenti Termini e Condizioni si applicano a tutti gli ordini di prodotti effettuati tramite il negozio online di Bl\u00fctengold. Condizioni diverse da parte dei clienti non sono applicabili, a meno che Bl\u00fctengold non ne accetti espressamente la validit\u00e0 per iscritto.<\/p>\n<\/div><div class=\"fusion-title title fusion-title-5 fusion-sep-none fusion-title-text fusion-title-size-four\" style=\"--awb-margin-top-small:10px;--awb-margin-right-small:0px;--awb-margin-bottom-small:10px;--awb-margin-left-small:0px;\"><h4 class=\"fusion-title-heading title-heading-left\" style=\"margin:0;\">2. Offerta e conclusione del contratto<\/h4><\/div><div class=\"fusion-text fusion-text-3\"><p>La presentazione dei prodotti nel negozio online non costituisce un&#8217;offerta legalmente vincolante, ma un invito non vincolante all&#8217;ordine.<br \/>\nIl contratto si conclude nel momento in cui Bl\u00fctengold accetta l&#8217;ordine del cliente tramite conferma d&#8217;ordine via e-mail.<br \/>\nBl\u00fctengold si riserva il diritto di rifiutare ordini senza fornire motivazioni, in particolare in caso di sospetto abuso o informazioni false.<\/p>\n<\/div><div class=\"fusion-title title fusion-title-6 fusion-sep-none fusion-title-text fusion-title-size-four\" style=\"--awb-margin-top-small:10px;--awb-margin-right-small:0px;--awb-margin-bottom-small:10px;--awb-margin-left-small:0px;\"><h4 class=\"fusion-title-heading title-heading-left\" style=\"margin:0;\">3. Prezzi<\/h4><\/div><div class=\"fusion-text fusion-text-4\"><p>Tutti i prezzi sono espressi in franchi svizzeri (CHF) o euro (EUR), a seconda del paese di consegna selezionato.<br \/>\nI prezzi includono, ove applicabile, l&#8217;IVA legale. <\/p>\n<p>Le spese di spedizione vengono indicate separatamente durante il processo d&#8217;ordine.<\/p>\n<p>Bl\u00fctengold si riserva il diritto di modificare i prezzi in qualsiasi momento. Fa fede il prezzo visualizzato al momento dell&#8217;ordine.<\/p>\n<\/div><div class=\"fusion-title title fusion-title-7 fusion-sep-none fusion-title-text fusion-title-size-four\" style=\"--awb-margin-top-small:10px;--awb-margin-right-small:0px;--awb-margin-bottom-small:10px;--awb-margin-left-small:0px;\"><h4 class=\"fusion-title-heading title-heading-left\" style=\"margin:0;\">4. Condizioni di pagamento<\/h4><\/div><div class=\"fusion-text fusion-text-5\"><p>I metodi di pagamento disponibili vengono visualizzati nel negozio online.<\/p>\n<p>Per gli ordini dalla Svizzera, il pagamento viene elaborato tramite zahls.ch. Per gli ordini dall&#8217;Unione Europea, il pagamento viene elaborato tramite VivaWallet. <\/p>\n<p>L&#8217;addebito avviene immediatamente al momento dell&#8217;ordine, salvo diverso accordo.<\/p>\n<\/div><div class=\"fusion-title title fusion-title-8 fusion-sep-none fusion-title-text fusion-title-size-four\" style=\"--awb-margin-top-small:10px;--awb-margin-right-small:0px;--awb-margin-bottom-small:10px;--awb-margin-left-small:0px;\"><h4 class=\"fusion-title-heading title-heading-left\" style=\"margin:0;\">5. Consegna<\/h4><\/div><div class=\"fusion-text fusion-text-6\"><p>La consegna avviene all&#8217;indirizzo di consegna indicato dal cliente.<\/p>\n<p>I tempi di consegna sono indicativi, salvo diverso accordo espresso.<\/p>\n<p>Bl\u00fctengold ha il diritto di effettuare consegne parziali, purch\u00e9 ci\u00f2 sia ragionevole per il cliente.<\/p>\n<\/div><div class=\"fusion-title title fusion-title-9 fusion-sep-none fusion-title-text fusion-title-size-four\" style=\"--awb-margin-top-small:10px;--awb-margin-right-small:0px;--awb-margin-bottom-small:10px;--awb-margin-left-small:0px;\"><h4 class=\"fusion-title-heading title-heading-left\" style=\"margin:0;\">6. Trasferimento del rischio<\/h4><\/div><div class=\"fusion-text fusion-text-7\"><p>Per le consegne in Svizzera, il rischio passa al cliente al momento della consegna della merce.<\/p>\n<p>Per le consegne nell&#8217;Unione Europea, il rischio passa al cliente al momento della consegna della merce al vettore, nei limiti consentiti dalla legge.<\/p>\n<\/div><div class=\"fusion-title title fusion-title-10 fusion-sep-none fusion-title-text fusion-title-size-four\" style=\"--awb-margin-top-small:10px;--awb-margin-right-small:0px;--awb-margin-bottom-small:10px;--awb-margin-left-small:0px;\"><h4 class=\"fusion-title-heading title-heading-left\" style=\"margin:0;\">7. Diritto di recesso (solo clienti UE)<\/h4><\/div><div class=\"fusion-text fusion-text-8\"><p>I clienti residenti nell&#8217;Unione Europea hanno il diritto di recedere dal contratto entro 14 giorni senza fornire motivazioni.<\/p>\n<p>Il periodo di recesso \u00e8 di 14 giorni dal giorno in cui il cliente ha ricevuto la merce.<\/p>\n<p>Per esercitare il diritto di recesso, il cliente deve informare Bl\u00fctengold tramite una dichiarazione inequivocabile (ad es. via e-mail) della propria decisione.<\/p>\n<p>Sono esclusi dal diritto di recesso:<\/p>\n<ul>\n<li>prodotti sigillati che, per motivi di protezione della salute o igiene, non sono idonei alla restituzione se il sigillo \u00e8 stato rimosso dopo la consegna.<\/li>\n<\/ul>\n<\/div><div class=\"fusion-title title fusion-title-11 fusion-sep-none fusion-title-text fusion-title-size-four\" style=\"--awb-margin-top-small:10px;--awb-margin-right-small:0px;--awb-margin-bottom-small:10px;--awb-margin-left-small:0px;\"><h4 class=\"fusion-title-heading title-heading-left\" style=\"margin:0;\">8. Garanzia<\/h4><\/div><div class=\"fusion-text fusion-text-9\"><p>Si applicano le disposizioni di garanzia previste dalla legge.<\/p>\n<p>Eventuali difetti evidenti devono essere comunicati a Bl\u00fctengold immediatamente dopo la ricezione della merce.<\/p>\n<\/div><div class=\"fusion-title title fusion-title-12 fusion-sep-none fusion-title-text fusion-title-size-four\" style=\"--awb-margin-top-small:10px;--awb-margin-right-small:0px;--awb-margin-bottom-small:10px;--awb-margin-left-small:0px;\"><h4 class=\"fusion-title-heading title-heading-left\" style=\"margin:0;\">9. Responsabilit\u00e0<\/h4><\/div><div class=\"fusion-text fusion-text-10\"><p>Bl\u00fctengold \u00e8 responsabile solo per danni derivanti da violazioni contrattuali intenzionali o gravemente negligenti, nei limiti consentiti dalla legge.<\/p>\n<p>La responsabilit\u00e0 per danni indiretti o consequenziali \u00e8 esclusa.<\/p>\n<\/div><div class=\"fusion-title title fusion-title-13 fusion-sep-none fusion-title-text fusion-title-size-four\" style=\"--awb-margin-top-small:10px;--awb-margin-right-small:0px;--awb-margin-bottom-small:10px;--awb-margin-left-small:0px;\"><h4 class=\"fusion-title-heading title-heading-left\" style=\"margin:0;\">10. Esclusione di responsabilit\u00e0 per gli effetti dei prodotti CBD<\/h4><\/div><div class=\"fusion-text fusion-text-11\"><p>I prodotti CBD offerti da Bl\u00fctengold non sono medicinali e non sostituiscono alcun trattamento medico o terapeutico.<\/p>\n<p>Non vengono fornite promesse di guarigione o effetti terapeutici. L&#8217;uso avviene sotto la propria responsabilit\u00e0.<\/p>\n<\/div><div class=\"fusion-title title fusion-title-14 fusion-sep-none fusion-title-text fusion-title-size-four\" style=\"--awb-margin-top-small:10px;--awb-margin-right-small:0px;--awb-margin-bottom-small:10px;--awb-margin-left-small:0px;\"><h4 class=\"fusion-title-heading title-heading-left\" style=\"margin:0;\">11. Privacy<\/h4><\/div><div class=\"fusion-text fusion-text-12\"><p>Il trattamento dei dati personali avviene secondo l&#8217;Informativa sulla Privacy di Bl\u00fctengold, che costituisce parte integrante dei presenti Termini e Condizioni.<\/p>\n<\/div><div class=\"fusion-title title fusion-title-15 fusion-sep-none fusion-title-text fusion-title-size-four\" style=\"--awb-margin-top-small:10px;--awb-margin-right-small:0px;--awb-margin-bottom-small:10px;--awb-margin-left-small:0px;\"><h4 class=\"fusion-title-heading title-heading-left\" style=\"margin:0;\">12. Legge applicabile e foro competente<\/h4><\/div><div class=\"fusion-text fusion-text-13\"><p>Si applica il diritto svizzero, con esclusione della Convenzione di Vienna sulla vendita internazionale di beni mobili (CISG).<\/p>\n<p>Il foro competente \u00e8, nei limiti consentiti dalla legge, la sede di Bl\u00fctengold GmbH.<\/p>\n<\/div><div class=\"fusion-title title fusion-title-16 fusion-sep-none fusion-title-text fusion-title-size-four\" style=\"--awb-margin-top-small:10px;--awb-margin-right-small:0px;--awb-margin-bottom-small:10px;--awb-margin-left-small:0px;\"><h4 class=\"fusion-title-heading title-heading-left\" style=\"margin:0;\">13. Disposizioni finali<\/h4><\/div><div class=\"fusion-text fusion-text-14\"><p>Qualora singole disposizioni dei presenti Termini e Condizioni risultassero inefficaci o inapplicabili, la validit\u00e0 delle restanti disposizioni rimane invariata.<\/p>\n<p>Bl\u00fctengold si riserva il diritto di modificare i presenti Termini e Condizioni in qualsiasi momento. Si applica la versione in vigore al momento dell&#8217;ordine.<\/p>\n<\/div><\/div><\/div><\/div><\/div>\n","protected":false},"excerpt":{"rendered":"","protected":false},"author":1,"featured_media":0,"parent":0,"menu_order":0,"comment_status":"closed","ping_status":"closed","template":"100-width.php","meta":{"footnotes":""},"class_list":["post-7247","page","type-page","status-publish","hentry"],"yoast_head":"<!-- This site is optimized with the Yoast SEO plugin v27.4 - https:\/\/yoast.com\/product\/yoast-seo-wordpress\/ -->\n<title>Termini e Condizioni Generali (CGV) | Bl\u00fctengold GmbH<\/title>\n<meta name=\"description\" content=\"Condizioni Generali di Vendita di Bl\u00fctengold GmbH per lo shop online in Svizzera e nell&#039;UE.\" \/>\n<meta name=\"robots\" content=\"index, follow, max-snippet:-1, max-image-preview:large, max-video-preview:-1\" \/>\n<link rel=\"canonical\" href=\"https:\/\/bluetengold.ch\/it\/agb\/\" \/>\n<meta property=\"og:locale\" content=\"it_IT\" \/>\n<meta property=\"og:type\" content=\"article\" \/>\n<meta property=\"og:title\" content=\"Termini e Condizioni Generali (CGV) | Bl\u00fctengold GmbH\" \/>\n<meta property=\"og:description\" content=\"Condizioni Generali di Vendita di Bl\u00fctengold GmbH per lo shop online in Svizzera e nell&#039;UE.\" \/>\n<meta property=\"og:url\" content=\"https:\/\/bluetengold.ch\/it\/agb\/\" \/>\n<meta property=\"og:site_name\" content=\"CBD Produkte Bl\u00fctengold\" \/>\n<meta property=\"article:modified_time\" content=\"2026-04-23T12:29:28+00:00\" \/>\n<meta name=\"twitter:card\" content=\"summary_large_image\" \/>\n<meta name=\"twitter:label1\" content=\"Tempo di lettura stimato\" \/>\n\t<meta name=\"twitter:data1\" content=\"35 minuti\" \/>\n<script type=\"application\/ld+json\" class=\"yoast-schema-graph\">{\"@context\":\"https:\\\/\\\/schema.org\",\"@graph\":[{\"@type\":\"WebPage\",\"@id\":\"https:\\\/\\\/bluetengold.ch\\\/it\\\/agb\\\/\",\"url\":\"https:\\\/\\\/bluetengold.ch\\\/it\\\/agb\\\/\",\"name\":\"Termini e Condizioni Generali (CGV) | Bl\u00fctengold GmbH\",\"isPartOf\":{\"@id\":\"https:\\\/\\\/bluetengold.ch\\\/it\\\/#website\"},\"datePublished\":\"2026-01-21T15:16:52+00:00\",\"dateModified\":\"2026-04-23T12:29:28+00:00\",\"description\":\"Condizioni Generali di Vendita di Bl\u00fctengold GmbH per lo shop online in Svizzera e nell'UE.\",\"breadcrumb\":{\"@id\":\"https:\\\/\\\/bluetengold.ch\\\/it\\\/agb\\\/#breadcrumb\"},\"inLanguage\":\"it-IT\",\"potentialAction\":[{\"@type\":\"ReadAction\",\"target\":[\"https:\\\/\\\/bluetengold.ch\\\/it\\\/agb\\\/\"]}]},{\"@type\":\"BreadcrumbList\",\"@id\":\"https:\\\/\\\/bluetengold.ch\\\/it\\\/agb\\\/#breadcrumb\",\"itemListElement\":[{\"@type\":\"ListItem\",\"position\":1,\"name\":\"Home\",\"item\":\"https:\\\/\\\/bluetengold.ch\\\/it\\\/\"},{\"@type\":\"ListItem\",\"position\":2,\"name\":\"Termini e Condizioni\"}]},{\"@type\":\"WebSite\",\"@id\":\"https:\\\/\\\/bluetengold.ch\\\/it\\\/#website\",\"url\":\"https:\\\/\\\/bluetengold.ch\\\/it\\\/\",\"name\":\"CBD Produkte Bl\u00fctengold\",\"description\":\"Bl\u00fctengold\",\"potentialAction\":[{\"@type\":\"SearchAction\",\"target\":{\"@type\":\"EntryPoint\",\"urlTemplate\":\"https:\\\/\\\/bluetengold.ch\\\/it\\\/?s={search_term_string}\"},\"query-input\":{\"@type\":\"PropertyValueSpecification\",\"valueRequired\":true,\"valueName\":\"search_term_string\"}}],\"inLanguage\":\"it-IT\"}]}<\/script>\n<!-- \/ Yoast SEO plugin. -->","yoast_head_json":{"title":"Termini e Condizioni Generali (CGV) | Bl\u00fctengold GmbH","description":"Condizioni Generali di Vendita di Bl\u00fctengold GmbH per lo shop online in Svizzera e nell'UE.","robots":{"index":"index","follow":"follow","max-snippet":"max-snippet:-1","max-image-preview":"max-image-preview:large","max-video-preview":"max-video-preview:-1"},"canonical":"https:\/\/bluetengold.ch\/it\/agb\/","og_locale":"it_IT","og_type":"article","og_title":"Termini e Condizioni Generali (CGV) | Bl\u00fctengold GmbH","og_description":"Condizioni Generali di Vendita di Bl\u00fctengold GmbH per lo shop online in Svizzera e nell'UE.","og_url":"https:\/\/bluetengold.ch\/it\/agb\/","og_site_name":"CBD Produkte Bl\u00fctengold","article_modified_time":"2026-04-23T12:29:28+00:00","twitter_card":"summary_large_image","twitter_misc":{"Tempo di lettura stimato":"35 minuti"},"schema":{"@context":"https:\/\/schema.org","@graph":[{"@type":"WebPage","@id":"https:\/\/bluetengold.ch\/it\/agb\/","url":"https:\/\/bluetengold.ch\/it\/agb\/","name":"Termini e Condizioni Generali (CGV) | Bl\u00fctengold GmbH","isPartOf":{"@id":"https:\/\/bluetengold.ch\/it\/#website"},"datePublished":"2026-01-21T15:16:52+00:00","dateModified":"2026-04-23T12:29:28+00:00","description":"Condizioni Generali di Vendita di Bl\u00fctengold GmbH per lo shop online in Svizzera e nell'UE.","breadcrumb":{"@id":"https:\/\/bluetengold.ch\/it\/agb\/#breadcrumb"},"inLanguage":"it-IT","potentialAction":[{"@type":"ReadAction","target":["https:\/\/bluetengold.ch\/it\/agb\/"]}]},{"@type":"BreadcrumbList","@id":"https:\/\/bluetengold.ch\/it\/agb\/#breadcrumb","itemListElement":[{"@type":"ListItem","position":1,"name":"Home","item":"https:\/\/bluetengold.ch\/it\/"},{"@type":"ListItem","position":2,"name":"Termini e Condizioni"}]},{"@type":"WebSite","@id":"https:\/\/bluetengold.ch\/it\/#website","url":"https:\/\/bluetengold.ch\/it\/","name":"CBD Produkte Bl\u00fctengold","description":"Bl\u00fctengold","potentialAction":[{"@type":"SearchAction","target":{"@type":"EntryPoint","urlTemplate":"https:\/\/bluetengold.ch\/it\/?s={search_term_string}"},"query-input":{"@type":"PropertyValueSpecification","valueRequired":true,"valueName":"search_term_string"}}],"inLanguage":"it-IT"}]}},"_links":{"self":[{"href":"https:\/\/bluetengold.ch\/it\/wp-json\/wp\/v2\/pages\/7247","targetHints":{"allow":["GET"]}}],"collection":[{"href":"https:\/\/bluetengold.ch\/it\/wp-json\/wp\/v2\/pages"}],"about":[{"href":"https:\/\/bluetengold.ch\/it\/wp-json\/wp\/v2\/types\/page"}],"author":[{"embeddable":true,"href":"https:\/\/bluetengold.ch\/it\/wp-json\/wp\/v2\/users\/1"}],"replies":[{"embeddable":true,"href":"https:\/\/bluetengold.ch\/it\/wp-json\/wp\/v2\/comments?post=7247"}],"version-history":[{"count":3,"href":"https:\/\/bluetengold.ch\/it\/wp-json\/wp\/v2\/pages\/7247\/revisions"}],"predecessor-version":[{"id":7262,"href":"https:\/\/bluetengold.ch\/it\/wp-json\/wp\/v2\/pages\/7247\/revisions\/7262"}],"wp:attachment":[{"href":"https:\/\/bluetengold.ch\/it\/wp-json\/wp\/v2\/media?parent=7247"}],"curies":[{"name":"wp","href":"https:\/\/api.w.org\/{rel}","templated":true}]}}