{"id":6778,"date":"2025-08-11T14:37:08","date_gmt":"2025-08-11T14:37:08","guid":{"rendered":"https:\/\/bluetengold.ch\/produkt\/bio-cbd-oel-10-vollspektrum-schweizer-hanftropfen\/"},"modified":"2026-04-14T09:23:22","modified_gmt":"2026-04-14T09:23:22","slug":"bio-cbd-oel-10-vollspektrum-schweizer-hanftropfen","status":"publish","type":"product","link":"https:\/\/bluetengold.ch\/fr\/produkt\/bio-cbd-oel-10-vollspektrum-schweizer-hanftropfen\/","title":{"rendered":"Huile de CBD bio 10 % spectre complet \u2013 Gouttes de chanvre suisses"},"content":{"rendered":"<p>Huile de CBD bio 10 % spectre complet \u2013 Gouttes de chanvre suisses<\/p>\n<p>Notre huile de CBD bio 10 % spectre complet \u2013 Gouttes de chanvre suisses est la concentration polyvalente \u00e9prouv\u00e9e de notre gamme. Cette huile polyvalente convient id\u00e9alement au quotidien, avec un effet \u00e9quilibr\u00e9 et la qualit\u00e9 suisse habituelle qui caract\u00e9rise Bl\u00fctengold. <\/p>\n<p>Les plants de chanvre proviennent de culture biologique contr\u00f4l\u00e9e dans l&rsquo;Emmental, une r\u00e9gion offrant des conditions optimales pour un chanvre naturellement pur. L&rsquo;huile est extraite de mani\u00e8re particuli\u00e8rement douce par extraction \u00e0 l&rsquo;\u00e9thanol. Cette m\u00e9thode pr\u00e9serve l&rsquo;ensemble des substances v\u00e9g\u00e9tales actives, dont le CBD, le CBG, le CBN ainsi que les terp\u00e8nes et les flavono\u00efdes. La combinaison de ces substances favorise l&rsquo;effet d&rsquo;entourage bien connu, par lequel l&rsquo;action des composants peut se renforcer mutuellement.    <a href=\"https:\/\/bluetengold.ch\/fr\/2026\/03\/02\/wie-wirkt-cbd\/\" target=\"_blank\" rel=\"noopener\">D\u00e9couvrez ici comment agit le CBD.<\/a><\/p>\n<p>Cette huile de CBD bio 10 % convient parfaitement \u00e0 tous ceux qui recherchent un produit CBD naturel de haute qualit\u00e9 \u00e0 concentration moyenne \u2013 pour une utilisation quotidienne ou pour accompagner durablement leur routine de soin.<\/p>\n","protected":false},"excerpt":{"rendered":"<p><img decoding=\"async\" class=\"alignnone size-full wp-image-4001\" src=\"\/wp-content\/uploads\/2025\/08\/Bluetengold-List-Hack-gruen-1.png\" alt=\"\" width=\"22\" height=\"21\">  issu de chanvre bio suisse cultiv\u00e9 avec soin<br \/>\n<img decoding=\"async\" class=\"alignnone size-full wp-image-4001\" src=\"\/wp-content\/uploads\/2025\/08\/Bluetengold-List-Hack-gruen-1.png\" alt=\"\" width=\"22\" height=\"21\"> extrait naturel \u00e0 spectre complet<br \/>\n<img decoding=\"async\" class=\"alignnone size-full wp-image-4001\" src=\"\/wp-content\/uploads\/2025\/08\/Bluetengold-List-Hack-gruen-1.png\" alt=\"\" width=\"22\" height=\"21\"> 100\u202f% d\u00e9carboxyl\u00e9<br \/>\n<img decoding=\"async\" class=\"alignnone size-full wp-image-4001\" src=\"\/wp-content\/uploads\/2025\/08\/Bluetengold-List-Hack-gruen-1.png\" alt=\"\" width=\"22\" height=\"21\">  sans pesticides ni herbicides<br \/>\n<img decoding=\"async\" class=\"alignnone size-full wp-image-4001\" src=\"\/wp-content\/uploads\/2025\/08\/Bluetengold-List-Hack-gruen-1.png\" alt=\"\" width=\"22\" height=\"21\">  sans ingr\u00e9dients synth\u00e9tiques<br \/>\n<img decoding=\"async\" class=\"alignnone size-full wp-image-4001\" src=\"\/wp-content\/uploads\/2025\/08\/Bluetengold-List-Hack-gruen-1.png\" alt=\"\" width=\"22\" height=\"21\">  avec huile MCT bio (base huile de coco)<br \/>\n<img decoding=\"async\" class=\"alignnone size-full wp-image-4001\" src=\"\/wp-content\/uploads\/2025\/08\/Bluetengold-List-Hack-gruen-1.png\" alt=\"\" width=\"22\" height=\"21\"> 1 000 mg de CBD (teneur en CBD 10 %)<br \/>\n<img decoding=\"async\" class=\"alignnone size-full wp-image-4001\" src=\"\/wp-content\/uploads\/2025\/08\/Bluetengold-List-Hack-gruen-1.png\" alt=\"\" width=\"22\" height=\"21\"> THC [bg_country country=\"CH\"] &lt; 1\u202f%[\/bg_country][bg_country region=\"EU\"] &lt; 0,2\u202f%[\/bg_country]<\/p>\n<p>Disponibilit\u00e9 en cas de r\u00e9approvisionnement<\/p>\n<p><img decoding=\"async\" class=\"alignnone wp-image-5018\" src=\"\/wp-content\/uploads\/2025\/10\/Download-Icon.png\" alt=\"\" width=\"30\" height=\"22\" srcset=\"https:\/\/bluetengold.ch\/wp-content\/uploads\/2025\/10\/Download-Icon-200x149.png 200w, https:\/\/bluetengold.ch\/wp-content\/uploads\/2025\/10\/Download-Icon-300x214.png 300w, https:\/\/bluetengold.ch\/wp-content\/uploads\/2025\/10\/Download-Icon.png 360w\" sizes=\"(max-width: 30px) 100vw, 30px\" \/> [bg_country country=\"CH\"]<a href=\"https:\/\/bluetengold.ch\/wp-content\/uploads\/2025\/11\/LZ.663.002-01-BIO-CBD-Oel-10-Vollspektrum-EU-Batch-L101025-CAN1.pdf\" target=\"_blank\" rel=\"noopener\">Rapport d&rsquo;analyse<\/a>[\/bg_country] [bg_country region=\"EU\"]<a href=\"\/wp-content\/uploads\/2025\/11\/LZ.663.002-01-BIO-CBD-Oel-10-Vollspektrum-EU-Batch-L101025-CAN1.pdf\" target=\"_blank\" rel=\"noopener\">Rapport d&rsquo;analyse<\/a>[\/bg_country]<\/p>\n<p>&nbsp;<\/p>\n","protected":false},"featured_media":5960,"comment_status":"open","ping_status":"closed","template":"","meta":[],"product_brand":[],"product_cat":[244],"product_tag":[],"class_list":{"0":"post-6778","1":"product","2":"type-product","3":"status-publish","4":"has-post-thumbnail","6":"product_cat-cbd-oel-vollspektrum","8":"first","9":"instock","10":"taxable","11":"shipping-taxable","12":"purchasable","13":"product-type-simple"},"yoast_head":"<!-- This site is optimized with the Yoast SEO plugin v27.2 - https:\/\/yoast.com\/product\/yoast-seo-wordpress\/ -->\n<title>Huile de CBD bio 10 % spectre complet \u2013 Gouttes de chanvre CH | Bl\u00fctengold<\/title>\n<meta name=\"description\" content=\"D\u00e9couvrez l&#039;huile de CBD bio 10 % spectre complet de Bl\u00fctengold \u2013 gouttes de chanvre suisses de haute qualit\u00e9 issues de culture biologique. Commandez maintenant.\" \/>\n<meta name=\"robots\" content=\"index, follow, max-snippet:-1, max-image-preview:large, max-video-preview:-1\" \/>\n<link rel=\"canonical\" href=\"https:\/\/bluetengold.ch\/fr\/produkt\/bio-cbd-oel-10-vollspektrum-schweizer-hanftropfen\/\" \/>\n<meta property=\"og:locale\" content=\"fr_FR\" \/>\n<meta property=\"og:type\" content=\"article\" \/>\n<meta property=\"og:title\" content=\"Huile de CBD bio 10 % spectre complet \u2013 Gouttes de chanvre CH | Bl\u00fctengold\" \/>\n<meta property=\"og:description\" content=\"D\u00e9couvrez l&#039;huile de CBD bio 10 % spectre complet de Bl\u00fctengold \u2013 gouttes de chanvre suisses de haute qualit\u00e9 issues de culture biologique. Commandez maintenant.\" \/>\n<meta property=\"og:url\" content=\"https:\/\/bluetengold.ch\/fr\/produkt\/bio-cbd-oel-10-vollspektrum-schweizer-hanftropfen\/\" \/>\n<meta property=\"og:site_name\" content=\"CBD Produkte Bl\u00fctengold\" \/>\n<meta property=\"article:modified_time\" content=\"2026-04-14T09:23:22+00:00\" \/>\n<meta property=\"og:image\" content=\"https:\/\/bluetengold.ch\/wp-content\/uploads\/2025\/11\/Bluetengold-Bio-CBD-Oel-Vollspektrum-10.jpg\" \/>\n\t<meta property=\"og:image:width\" content=\"1000\" \/>\n\t<meta property=\"og:image:height\" content=\"1278\" \/>\n\t<meta property=\"og:image:type\" content=\"image\/jpeg\" \/>\n<meta name=\"twitter:card\" content=\"summary_large_image\" \/>\n<meta name=\"twitter:label1\" content=\"Dur\u00e9e de lecture estim\u00e9e\" \/>\n\t<meta name=\"twitter:data1\" content=\"1 minute\" \/>\n<script type=\"application\/ld+json\" class=\"yoast-schema-graph\">{\"@context\":\"https:\/\/schema.org\",\"@graph\":[{\"@type\":\"WebPage\",\"@id\":\"https:\/\/bluetengold.ch\/fr\/produkt\/bio-cbd-oel-10-vollspektrum-schweizer-hanftropfen\/\",\"url\":\"https:\/\/bluetengold.ch\/fr\/produkt\/bio-cbd-oel-10-vollspektrum-schweizer-hanftropfen\/\",\"name\":\"Huile de CBD bio 10 % spectre complet \u2013 Gouttes de chanvre CH | Bl\u00fctengold\",\"isPartOf\":{\"@id\":\"https:\/\/bluetengold.ch\/fr\/#website\"},\"primaryImageOfPage\":{\"@id\":\"https:\/\/bluetengold.ch\/fr\/produkt\/bio-cbd-oel-10-vollspektrum-schweizer-hanftropfen\/#primaryimage\"},\"image\":{\"@id\":\"https:\/\/bluetengold.ch\/fr\/produkt\/bio-cbd-oel-10-vollspektrum-schweizer-hanftropfen\/#primaryimage\"},\"thumbnailUrl\":\"https:\/\/bluetengold.ch\/wp-content\/uploads\/2025\/11\/Bluetengold-Bio-CBD-Oel-Vollspektrum-10.jpg\",\"datePublished\":\"2025-08-11T14:37:08+00:00\",\"dateModified\":\"2026-04-14T09:23:22+00:00\",\"description\":\"D\u00e9couvrez l'huile de CBD bio 10 % spectre complet de Bl\u00fctengold \u2013 gouttes de chanvre suisses de haute qualit\u00e9 issues de culture biologique. Commandez maintenant.\",\"breadcrumb\":{\"@id\":\"https:\/\/bluetengold.ch\/fr\/produkt\/bio-cbd-oel-10-vollspektrum-schweizer-hanftropfen\/#breadcrumb\"},\"inLanguage\":\"fr-FR\",\"potentialAction\":[{\"@type\":\"ReadAction\",\"target\":[\"https:\/\/bluetengold.ch\/fr\/produkt\/bio-cbd-oel-10-vollspektrum-schweizer-hanftropfen\/\"]}]},{\"@type\":\"ImageObject\",\"inLanguage\":\"fr-FR\",\"@id\":\"https:\/\/bluetengold.ch\/fr\/produkt\/bio-cbd-oel-10-vollspektrum-schweizer-hanftropfen\/#primaryimage\",\"url\":\"https:\/\/bluetengold.ch\/wp-content\/uploads\/2025\/11\/Bluetengold-Bio-CBD-Oel-Vollspektrum-10.jpg\",\"contentUrl\":\"https:\/\/bluetengold.ch\/wp-content\/uploads\/2025\/11\/Bluetengold-Bio-CBD-Oel-Vollspektrum-10.jpg\",\"width\":1000,\"height\":1278},{\"@type\":\"BreadcrumbList\",\"@id\":\"https:\/\/bluetengold.ch\/fr\/produkt\/bio-cbd-oel-10-vollspektrum-schweizer-hanftropfen\/#breadcrumb\",\"itemListElement\":[{\"@type\":\"ListItem\",\"position\":1,\"name\":\"Home\",\"item\":\"https:\/\/bluetengold.ch\/fr\/\"},{\"@type\":\"ListItem\",\"position\":2,\"name\":\"Boutique\",\"item\":\"https:\/\/bluetengold.ch\/fr\/boutique\/\"},{\"@type\":\"ListItem\",\"position\":3,\"name\":\"Huile de CBD bio 10 % spectre complet \u2013 Gouttes de chanvre suisses\"}]},{\"@type\":\"WebSite\",\"@id\":\"https:\/\/bluetengold.ch\/fr\/#website\",\"url\":\"https:\/\/bluetengold.ch\/fr\/\",\"name\":\"CBD Produkte Bl\u00fctengold\",\"description\":\"Bl\u00fctengold\",\"potentialAction\":[{\"@type\":\"SearchAction\",\"target\":{\"@type\":\"EntryPoint\",\"urlTemplate\":\"https:\/\/bluetengold.ch\/fr\/?s={search_term_string}\"},\"query-input\":{\"@type\":\"PropertyValueSpecification\",\"valueRequired\":true,\"valueName\":\"search_term_string\"}}],\"inLanguage\":\"fr-FR\"}]}<\/script>\n<!-- \/ Yoast SEO plugin. -->","yoast_head_json":{"title":"Huile de CBD bio 10 % spectre complet \u2013 Gouttes de chanvre CH | Bl\u00fctengold","description":"D\u00e9couvrez l'huile de CBD bio 10 % spectre complet de Bl\u00fctengold \u2013 gouttes de chanvre suisses de haute qualit\u00e9 issues de culture biologique. Commandez maintenant.","robots":{"index":"index","follow":"follow","max-snippet":"max-snippet:-1","max-image-preview":"max-image-preview:large","max-video-preview":"max-video-preview:-1"},"canonical":"https:\/\/bluetengold.ch\/fr\/produkt\/bio-cbd-oel-10-vollspektrum-schweizer-hanftropfen\/","og_locale":"fr_FR","og_type":"article","og_title":"Huile de CBD bio 10 % spectre complet \u2013 Gouttes de chanvre CH | Bl\u00fctengold","og_description":"D\u00e9couvrez l'huile de CBD bio 10 % spectre complet de Bl\u00fctengold \u2013 gouttes de chanvre suisses de haute qualit\u00e9 issues de culture biologique. Commandez maintenant.","og_url":"https:\/\/bluetengold.ch\/fr\/produkt\/bio-cbd-oel-10-vollspektrum-schweizer-hanftropfen\/","og_site_name":"CBD Produkte Bl\u00fctengold","article_modified_time":"2026-04-14T09:23:22+00:00","og_image":[{"width":1000,"height":1278,"url":"https:\/\/bluetengold.ch\/wp-content\/uploads\/2025\/11\/Bluetengold-Bio-CBD-Oel-Vollspektrum-10.jpg","type":"image\/jpeg"}],"twitter_card":"summary_large_image","twitter_misc":{"Dur\u00e9e de lecture estim\u00e9e":"1 minute"},"schema":{"@context":"https:\/\/schema.org","@graph":[{"@type":"WebPage","@id":"https:\/\/bluetengold.ch\/fr\/produkt\/bio-cbd-oel-10-vollspektrum-schweizer-hanftropfen\/","url":"https:\/\/bluetengold.ch\/fr\/produkt\/bio-cbd-oel-10-vollspektrum-schweizer-hanftropfen\/","name":"Huile de CBD bio 10 % spectre complet \u2013 Gouttes de chanvre CH | Bl\u00fctengold","isPartOf":{"@id":"https:\/\/bluetengold.ch\/fr\/#website"},"primaryImageOfPage":{"@id":"https:\/\/bluetengold.ch\/fr\/produkt\/bio-cbd-oel-10-vollspektrum-schweizer-hanftropfen\/#primaryimage"},"image":{"@id":"https:\/\/bluetengold.ch\/fr\/produkt\/bio-cbd-oel-10-vollspektrum-schweizer-hanftropfen\/#primaryimage"},"thumbnailUrl":"https:\/\/bluetengold.ch\/wp-content\/uploads\/2025\/11\/Bluetengold-Bio-CBD-Oel-Vollspektrum-10.jpg","datePublished":"2025-08-11T14:37:08+00:00","dateModified":"2026-04-14T09:23:22+00:00","description":"D\u00e9couvrez l'huile de CBD bio 10 % spectre complet de Bl\u00fctengold \u2013 gouttes de chanvre suisses de haute qualit\u00e9 issues de culture biologique. Commandez maintenant.","breadcrumb":{"@id":"https:\/\/bluetengold.ch\/fr\/produkt\/bio-cbd-oel-10-vollspektrum-schweizer-hanftropfen\/#breadcrumb"},"inLanguage":"fr-FR","potentialAction":[{"@type":"ReadAction","target":["https:\/\/bluetengold.ch\/fr\/produkt\/bio-cbd-oel-10-vollspektrum-schweizer-hanftropfen\/"]}]},{"@type":"ImageObject","inLanguage":"fr-FR","@id":"https:\/\/bluetengold.ch\/fr\/produkt\/bio-cbd-oel-10-vollspektrum-schweizer-hanftropfen\/#primaryimage","url":"https:\/\/bluetengold.ch\/wp-content\/uploads\/2025\/11\/Bluetengold-Bio-CBD-Oel-Vollspektrum-10.jpg","contentUrl":"https:\/\/bluetengold.ch\/wp-content\/uploads\/2025\/11\/Bluetengold-Bio-CBD-Oel-Vollspektrum-10.jpg","width":1000,"height":1278},{"@type":"BreadcrumbList","@id":"https:\/\/bluetengold.ch\/fr\/produkt\/bio-cbd-oel-10-vollspektrum-schweizer-hanftropfen\/#breadcrumb","itemListElement":[{"@type":"ListItem","position":1,"name":"Home","item":"https:\/\/bluetengold.ch\/fr\/"},{"@type":"ListItem","position":2,"name":"Boutique","item":"https:\/\/bluetengold.ch\/fr\/boutique\/"},{"@type":"ListItem","position":3,"name":"Huile de CBD bio 10 % spectre complet \u2013 Gouttes de chanvre suisses"}]},{"@type":"WebSite","@id":"https:\/\/bluetengold.ch\/fr\/#website","url":"https:\/\/bluetengold.ch\/fr\/","name":"CBD Produkte Bl\u00fctengold","description":"Bl\u00fctengold","potentialAction":[{"@type":"SearchAction","target":{"@type":"EntryPoint","urlTemplate":"https:\/\/bluetengold.ch\/fr\/?s={search_term_string}"},"query-input":{"@type":"PropertyValueSpecification","valueRequired":true,"valueName":"search_term_string"}}],"inLanguage":"fr-FR"}]}},"_links":{"self":[{"href":"https:\/\/bluetengold.ch\/fr\/wp-json\/wp\/v2\/product\/6778","targetHints":{"allow":["GET"]}}],"collection":[{"href":"https:\/\/bluetengold.ch\/fr\/wp-json\/wp\/v2\/product"}],"about":[{"href":"https:\/\/bluetengold.ch\/fr\/wp-json\/wp\/v2\/types\/product"}],"replies":[{"embeddable":true,"href":"https:\/\/bluetengold.ch\/fr\/wp-json\/wp\/v2\/comments?post=6778"}],"wp:featuredmedia":[{"embeddable":true,"href":"https:\/\/bluetengold.ch\/fr\/wp-json\/wp\/v2\/media\/5960"}],"wp:attachment":[{"href":"https:\/\/bluetengold.ch\/fr\/wp-json\/wp\/v2\/media?parent=6778"}],"wp:term":[{"taxonomy":"product_brand","embeddable":true,"href":"https:\/\/bluetengold.ch\/fr\/wp-json\/wp\/v2\/product_brand?post=6778"},{"taxonomy":"product_cat","embeddable":true,"href":"https:\/\/bluetengold.ch\/fr\/wp-json\/wp\/v2\/product_cat?post=6778"},{"taxonomy":"product_tag","embeddable":true,"href":"https:\/\/bluetengold.ch\/fr\/wp-json\/wp\/v2\/product_tag?post=6778"}],"curies":[{"name":"wp","href":"https:\/\/api.w.org\/{rel}","templated":true}]}}