{"id":6768,"date":"2025-10-09T12:06:50","date_gmt":"2025-10-09T12:06:50","guid":{"rendered":"https:\/\/bluetengold.ch\/produkt\/bio-cbd-oel-15-vollspektrum-schweizer-hanftropfen\/"},"modified":"2026-04-14T09:19:01","modified_gmt":"2026-04-14T09:19:01","slug":"bio-cbd-oel-15-vollspektrum-schweizer-hanftropfen","status":"publish","type":"product","link":"https:\/\/bluetengold.ch\/fr\/produkt\/bio-cbd-oel-15-vollspektrum-schweizer-hanftropfen\/","title":{"rendered":"Huile de CBD Bio 15\u202f% spectre complet \u2013 Gouttes de chanvre suisses"},"content":{"rendered":"<p>Notre huile de CBD Bio 15\u202f% spectre complet \u2013 Gouttes de chanvre suisses est le choix id\u00e9al pour ceux qui souhaitent une concentration plus \u00e9lev\u00e9e tout en privil\u00e9giant une origine naturelle. Avec son \u00e9quilibre parfait entre puissance v\u00e9g\u00e9tale et usage quotidien, c\u2019est un v\u00e9ritable classique de la gamme Bl\u00fctengold. <\/p>\n<p>Les plants de chanvre proviennent d\u2019une culture biologique contr\u00f4l\u00e9e dans l\u2019Emmental, une r\u00e9gion offrant des conditions optimales pour un chanvre d\u2019une puret\u00e9 naturelle. L\u2019huile est obtenue en douceur par extraction \u00e0 l\u2019\u00e9thanol. Cette m\u00e9thode pr\u00e9serve l\u2019ensemble des substances actives de la plante \u2013 dont le CBD, le CBG, le CBN ainsi que les terp\u00e8nes et les flavono\u00efdes. La combinaison de ces compos\u00e9s soutient le c\u00e9l\u00e8bre effet d\u2019entourage, o\u00f9 les effets des ingr\u00e9dients peuvent se renforcer mutuellement. Lisez <a href=\"https:\/\/bluetengold.ch\/fr\/2026\/03\/02\/wie-wirkt-cbd\/\" target=\"_blank\" rel=\"noopener\">ICI<\/a> pour d\u00e9couvrir comment le CBD agit.    <\/p>\n<p>Cette huile de CBD Bio 15\u202f% convient aux utilisateurs exp\u00e9riment\u00e9s souhaitant int\u00e9grer un produit naturel \u00e0 concentration renforc\u00e9e dans leur routine de soin \u2013 ou recherchant un soutien cibl\u00e9 \u00e0 base de plantes.<\/p>\n","protected":false},"excerpt":{"rendered":"<p><img decoding=\"async\" class=\"alignnone size-full wp-image-4001\" src=\"\/wp-content\/uploads\/2025\/08\/Bluetengold-List-Hack-gruen-1.png\" alt=\"\" width=\"22\" height=\"21\">  issue de chanvre biologique suisse de haute qualit\u00e9<br \/>\n<img decoding=\"async\" class=\"alignnone size-full wp-image-4001\" src=\"\/wp-content\/uploads\/2025\/08\/Bluetengold-List-Hack-gruen-1.png\" alt=\"\" width=\"22\" height=\"21\"> extrait naturel \u00e0 spectre complet<br \/>\n<img decoding=\"async\" class=\"alignnone size-full wp-image-4001\" src=\"\/wp-content\/uploads\/2025\/08\/Bluetengold-List-Hack-gruen-1.png\" alt=\"\" width=\"22\" height=\"21\"> 100\u202f% d\u00e9carboxyl\u00e9<br \/>\n<img decoding=\"async\" class=\"alignnone size-full wp-image-4001\" src=\"\/wp-content\/uploads\/2025\/08\/Bluetengold-List-Hack-gruen-1.png\" alt=\"\" width=\"22\" height=\"21\">  sans pesticides ni herbicides<br \/>\n<img decoding=\"async\" class=\"alignnone size-full wp-image-4001\" src=\"\/wp-content\/uploads\/2025\/08\/Bluetengold-List-Hack-gruen-1.png\" alt=\"\" width=\"22\" height=\"21\">  sans ingr\u00e9dients synth\u00e9tiques<br \/>\n<img decoding=\"async\" class=\"alignnone size-full wp-image-4001\" src=\"\/wp-content\/uploads\/2025\/08\/Bluetengold-List-Hack-gruen-1.png\" alt=\"\" width=\"22\" height=\"21\">  avec huile MCT bio (base huile de coco)<br \/>\n<img decoding=\"async\" class=\"alignnone size-full wp-image-4001\" src=\"\/wp-content\/uploads\/2025\/08\/Bluetengold-List-Hack-gruen-1.png\" alt=\"\" width=\"22\" height=\"21\"> 1 500 mg de CBD (teneur en CBD de 15 %)<br \/>\n<img decoding=\"async\" class=\"alignnone size-full wp-image-4001\" src=\"\/wp-content\/uploads\/2025\/08\/Bluetengold-List-Hack-gruen-1.png\" alt=\"\" width=\"22\" height=\"21\"> THC [bg_country country=\"CH\"] &lt; 1\u202f%[\/bg_country][bg_country region=\"EU\"] &lt; 0,2\u202f%[\/bg_country]<\/p>\n<p><img decoding=\"async\" class=\"alignnone wp-image-5018\" src=\"\/wp-content\/uploads\/2025\/10\/Download-Icon.png\" alt=\"\" width=\"30\" height=\"22\" srcset=\"https:\/\/bluetengold.ch\/wp-content\/uploads\/2025\/10\/Download-Icon-200x149.png 200w, https:\/\/bluetengold.ch\/wp-content\/uploads\/2025\/10\/Download-Icon-300x214.png 300w, https:\/\/bluetengold.ch\/wp-content\/uploads\/2025\/10\/Download-Icon.png 360w\" sizes=\"(max-width: 30px) 100vw, 30px\" \/> <a href=\"\/wp-content\/uploads\/2025\/11\/LZ.663.003-01-BIO-CBD-Oel-15-Vollspektrum-EU-Batch-L151025-CAN1.pdf\" target=\"_blank\" rel=\"noopener\">Rapport d\u2019analyse<\/a><\/p>\n<p>&nbsp;<\/p>\n","protected":false},"featured_media":6770,"comment_status":"open","ping_status":"closed","template":"","meta":[],"product_brand":[],"product_cat":[244],"product_tag":[],"class_list":{"0":"post-6768","1":"product","2":"type-product","3":"status-publish","4":"has-post-thumbnail","6":"product_cat-cbd-oel-vollspektrum","8":"first","9":"instock","10":"taxable","11":"shipping-taxable","12":"purchasable","13":"product-type-simple"},"yoast_head":"<!-- This site is optimized with the Yoast SEO plugin v27.2 - https:\/\/yoast.com\/product\/yoast-seo-wordpress\/ -->\n<title>Huile de CBD Bio 15\u202f% spectre complet - Gouttes de chanvre CH | Bl\u00fctengold<\/title>\n<meta name=\"description\" content=\"D\u00e9couvrez l\u2019huile de CBD Bio 15 % spectre complet de Bl\u00fctengold \u2013 fabriqu\u00e9e en Suisse \u00e0 partir de chanvre biologique contr\u00f4l\u00e9.\" \/>\n<meta name=\"robots\" content=\"index, follow, max-snippet:-1, max-image-preview:large, max-video-preview:-1\" \/>\n<link rel=\"canonical\" href=\"https:\/\/bluetengold.ch\/fr\/produkt\/bio-cbd-oel-15-vollspektrum-schweizer-hanftropfen\/\" \/>\n<meta property=\"og:locale\" content=\"fr_FR\" \/>\n<meta property=\"og:type\" content=\"article\" \/>\n<meta property=\"og:title\" content=\"Huile de CBD Bio 15\u202f% spectre complet - Gouttes de chanvre CH | Bl\u00fctengold\" \/>\n<meta property=\"og:description\" content=\"D\u00e9couvrez l\u2019huile de CBD Bio 15 % spectre complet de Bl\u00fctengold \u2013 fabriqu\u00e9e en Suisse \u00e0 partir de chanvre biologique contr\u00f4l\u00e9.\" \/>\n<meta property=\"og:url\" content=\"https:\/\/bluetengold.ch\/fr\/produkt\/bio-cbd-oel-15-vollspektrum-schweizer-hanftropfen\/\" \/>\n<meta property=\"og:site_name\" content=\"CBD Produkte Bl\u00fctengold\" \/>\n<meta property=\"article:modified_time\" content=\"2026-04-14T09:19:01+00:00\" \/>\n<meta property=\"og:image\" content=\"https:\/\/bluetengold.ch\/wp-content\/uploads\/2025\/11\/Bluetengold-Bio-CBD-Oel-Vollspektrum-15.jpg\" \/>\n\t<meta property=\"og:image:width\" content=\"1000\" \/>\n\t<meta property=\"og:image:height\" content=\"1278\" \/>\n\t<meta property=\"og:image:type\" content=\"image\/jpeg\" \/>\n<meta name=\"twitter:card\" content=\"summary_large_image\" \/>\n<meta name=\"twitter:label1\" content=\"Dur\u00e9e de lecture estim\u00e9e\" \/>\n\t<meta name=\"twitter:data1\" content=\"1 minute\" \/>\n<script type=\"application\/ld+json\" class=\"yoast-schema-graph\">{\"@context\":\"https:\/\/schema.org\",\"@graph\":[{\"@type\":\"WebPage\",\"@id\":\"https:\/\/bluetengold.ch\/fr\/produkt\/bio-cbd-oel-15-vollspektrum-schweizer-hanftropfen\/\",\"url\":\"https:\/\/bluetengold.ch\/fr\/produkt\/bio-cbd-oel-15-vollspektrum-schweizer-hanftropfen\/\",\"name\":\"Huile de CBD Bio 15\u202f% spectre complet - Gouttes de chanvre CH | Bl\u00fctengold\",\"isPartOf\":{\"@id\":\"https:\/\/bluetengold.ch\/fr\/#website\"},\"primaryImageOfPage\":{\"@id\":\"https:\/\/bluetengold.ch\/fr\/produkt\/bio-cbd-oel-15-vollspektrum-schweizer-hanftropfen\/#primaryimage\"},\"image\":{\"@id\":\"https:\/\/bluetengold.ch\/fr\/produkt\/bio-cbd-oel-15-vollspektrum-schweizer-hanftropfen\/#primaryimage\"},\"thumbnailUrl\":\"https:\/\/bluetengold.ch\/wp-content\/uploads\/2025\/11\/Bluetengold-Bio-CBD-Oel-Vollspektrum-15.jpg\",\"datePublished\":\"2025-10-09T12:06:50+00:00\",\"dateModified\":\"2026-04-14T09:19:01+00:00\",\"description\":\"D\u00e9couvrez l\u2019huile de CBD Bio 15 % spectre complet de Bl\u00fctengold \u2013 fabriqu\u00e9e en Suisse \u00e0 partir de chanvre biologique contr\u00f4l\u00e9.\",\"breadcrumb\":{\"@id\":\"https:\/\/bluetengold.ch\/fr\/produkt\/bio-cbd-oel-15-vollspektrum-schweizer-hanftropfen\/#breadcrumb\"},\"inLanguage\":\"fr-FR\",\"potentialAction\":[{\"@type\":\"ReadAction\",\"target\":[\"https:\/\/bluetengold.ch\/fr\/produkt\/bio-cbd-oel-15-vollspektrum-schweizer-hanftropfen\/\"]}]},{\"@type\":\"ImageObject\",\"inLanguage\":\"fr-FR\",\"@id\":\"https:\/\/bluetengold.ch\/fr\/produkt\/bio-cbd-oel-15-vollspektrum-schweizer-hanftropfen\/#primaryimage\",\"url\":\"https:\/\/bluetengold.ch\/wp-content\/uploads\/2025\/11\/Bluetengold-Bio-CBD-Oel-Vollspektrum-15.jpg\",\"contentUrl\":\"https:\/\/bluetengold.ch\/wp-content\/uploads\/2025\/11\/Bluetengold-Bio-CBD-Oel-Vollspektrum-15.jpg\",\"width\":1000,\"height\":1278},{\"@type\":\"BreadcrumbList\",\"@id\":\"https:\/\/bluetengold.ch\/fr\/produkt\/bio-cbd-oel-15-vollspektrum-schweizer-hanftropfen\/#breadcrumb\",\"itemListElement\":[{\"@type\":\"ListItem\",\"position\":1,\"name\":\"Home\",\"item\":\"https:\/\/bluetengold.ch\/fr\/\"},{\"@type\":\"ListItem\",\"position\":2,\"name\":\"Boutique\",\"item\":\"https:\/\/bluetengold.ch\/fr\/boutique\/\"},{\"@type\":\"ListItem\",\"position\":3,\"name\":\"Huile de CBD Bio 15\u202f% spectre complet \u2013 Gouttes de chanvre suisses\"}]},{\"@type\":\"WebSite\",\"@id\":\"https:\/\/bluetengold.ch\/fr\/#website\",\"url\":\"https:\/\/bluetengold.ch\/fr\/\",\"name\":\"CBD Produkte Bl\u00fctengold\",\"description\":\"Bl\u00fctengold\",\"potentialAction\":[{\"@type\":\"SearchAction\",\"target\":{\"@type\":\"EntryPoint\",\"urlTemplate\":\"https:\/\/bluetengold.ch\/fr\/?s={search_term_string}\"},\"query-input\":{\"@type\":\"PropertyValueSpecification\",\"valueRequired\":true,\"valueName\":\"search_term_string\"}}],\"inLanguage\":\"fr-FR\"}]}<\/script>\n<!-- \/ Yoast SEO plugin. -->","yoast_head_json":{"title":"Huile de CBD Bio 15\u202f% spectre complet - Gouttes de chanvre CH | Bl\u00fctengold","description":"D\u00e9couvrez l\u2019huile de CBD Bio 15 % spectre complet de Bl\u00fctengold \u2013 fabriqu\u00e9e en Suisse \u00e0 partir de chanvre biologique contr\u00f4l\u00e9.","robots":{"index":"index","follow":"follow","max-snippet":"max-snippet:-1","max-image-preview":"max-image-preview:large","max-video-preview":"max-video-preview:-1"},"canonical":"https:\/\/bluetengold.ch\/fr\/produkt\/bio-cbd-oel-15-vollspektrum-schweizer-hanftropfen\/","og_locale":"fr_FR","og_type":"article","og_title":"Huile de CBD Bio 15\u202f% spectre complet - Gouttes de chanvre CH | Bl\u00fctengold","og_description":"D\u00e9couvrez l\u2019huile de CBD Bio 15 % spectre complet de Bl\u00fctengold \u2013 fabriqu\u00e9e en Suisse \u00e0 partir de chanvre biologique contr\u00f4l\u00e9.","og_url":"https:\/\/bluetengold.ch\/fr\/produkt\/bio-cbd-oel-15-vollspektrum-schweizer-hanftropfen\/","og_site_name":"CBD Produkte Bl\u00fctengold","article_modified_time":"2026-04-14T09:19:01+00:00","og_image":[{"width":1000,"height":1278,"url":"https:\/\/bluetengold.ch\/wp-content\/uploads\/2025\/11\/Bluetengold-Bio-CBD-Oel-Vollspektrum-15.jpg","type":"image\/jpeg"}],"twitter_card":"summary_large_image","twitter_misc":{"Dur\u00e9e de lecture estim\u00e9e":"1 minute"},"schema":{"@context":"https:\/\/schema.org","@graph":[{"@type":"WebPage","@id":"https:\/\/bluetengold.ch\/fr\/produkt\/bio-cbd-oel-15-vollspektrum-schweizer-hanftropfen\/","url":"https:\/\/bluetengold.ch\/fr\/produkt\/bio-cbd-oel-15-vollspektrum-schweizer-hanftropfen\/","name":"Huile de CBD Bio 15\u202f% spectre complet - Gouttes de chanvre CH | Bl\u00fctengold","isPartOf":{"@id":"https:\/\/bluetengold.ch\/fr\/#website"},"primaryImageOfPage":{"@id":"https:\/\/bluetengold.ch\/fr\/produkt\/bio-cbd-oel-15-vollspektrum-schweizer-hanftropfen\/#primaryimage"},"image":{"@id":"https:\/\/bluetengold.ch\/fr\/produkt\/bio-cbd-oel-15-vollspektrum-schweizer-hanftropfen\/#primaryimage"},"thumbnailUrl":"https:\/\/bluetengold.ch\/wp-content\/uploads\/2025\/11\/Bluetengold-Bio-CBD-Oel-Vollspektrum-15.jpg","datePublished":"2025-10-09T12:06:50+00:00","dateModified":"2026-04-14T09:19:01+00:00","description":"D\u00e9couvrez l\u2019huile de CBD Bio 15 % spectre complet de Bl\u00fctengold \u2013 fabriqu\u00e9e en Suisse \u00e0 partir de chanvre biologique contr\u00f4l\u00e9.","breadcrumb":{"@id":"https:\/\/bluetengold.ch\/fr\/produkt\/bio-cbd-oel-15-vollspektrum-schweizer-hanftropfen\/#breadcrumb"},"inLanguage":"fr-FR","potentialAction":[{"@type":"ReadAction","target":["https:\/\/bluetengold.ch\/fr\/produkt\/bio-cbd-oel-15-vollspektrum-schweizer-hanftropfen\/"]}]},{"@type":"ImageObject","inLanguage":"fr-FR","@id":"https:\/\/bluetengold.ch\/fr\/produkt\/bio-cbd-oel-15-vollspektrum-schweizer-hanftropfen\/#primaryimage","url":"https:\/\/bluetengold.ch\/wp-content\/uploads\/2025\/11\/Bluetengold-Bio-CBD-Oel-Vollspektrum-15.jpg","contentUrl":"https:\/\/bluetengold.ch\/wp-content\/uploads\/2025\/11\/Bluetengold-Bio-CBD-Oel-Vollspektrum-15.jpg","width":1000,"height":1278},{"@type":"BreadcrumbList","@id":"https:\/\/bluetengold.ch\/fr\/produkt\/bio-cbd-oel-15-vollspektrum-schweizer-hanftropfen\/#breadcrumb","itemListElement":[{"@type":"ListItem","position":1,"name":"Home","item":"https:\/\/bluetengold.ch\/fr\/"},{"@type":"ListItem","position":2,"name":"Boutique","item":"https:\/\/bluetengold.ch\/fr\/boutique\/"},{"@type":"ListItem","position":3,"name":"Huile de CBD Bio 15\u202f% spectre complet \u2013 Gouttes de chanvre suisses"}]},{"@type":"WebSite","@id":"https:\/\/bluetengold.ch\/fr\/#website","url":"https:\/\/bluetengold.ch\/fr\/","name":"CBD Produkte Bl\u00fctengold","description":"Bl\u00fctengold","potentialAction":[{"@type":"SearchAction","target":{"@type":"EntryPoint","urlTemplate":"https:\/\/bluetengold.ch\/fr\/?s={search_term_string}"},"query-input":{"@type":"PropertyValueSpecification","valueRequired":true,"valueName":"search_term_string"}}],"inLanguage":"fr-FR"}]}},"_links":{"self":[{"href":"https:\/\/bluetengold.ch\/fr\/wp-json\/wp\/v2\/product\/6768","targetHints":{"allow":["GET"]}}],"collection":[{"href":"https:\/\/bluetengold.ch\/fr\/wp-json\/wp\/v2\/product"}],"about":[{"href":"https:\/\/bluetengold.ch\/fr\/wp-json\/wp\/v2\/types\/product"}],"replies":[{"embeddable":true,"href":"https:\/\/bluetengold.ch\/fr\/wp-json\/wp\/v2\/comments?post=6768"}],"wp:featuredmedia":[{"embeddable":true,"href":"https:\/\/bluetengold.ch\/fr\/wp-json\/wp\/v2\/media\/6770"}],"wp:attachment":[{"href":"https:\/\/bluetengold.ch\/fr\/wp-json\/wp\/v2\/media?parent=6768"}],"wp:term":[{"taxonomy":"product_brand","embeddable":true,"href":"https:\/\/bluetengold.ch\/fr\/wp-json\/wp\/v2\/product_brand?post=6768"},{"taxonomy":"product_cat","embeddable":true,"href":"https:\/\/bluetengold.ch\/fr\/wp-json\/wp\/v2\/product_cat?post=6768"},{"taxonomy":"product_tag","embeddable":true,"href":"https:\/\/bluetengold.ch\/fr\/wp-json\/wp\/v2\/product_tag?post=6768"}],"curies":[{"name":"wp","href":"https:\/\/api.w.org\/{rel}","templated":true}]}}