{"id":6755,"date":"2025-10-09T13:11:28","date_gmt":"2025-10-09T13:11:28","guid":{"rendered":"https:\/\/bluetengold.ch\/produkt\/bio-cbd-oel-30-vollspektrum-schweizer-hanftropfen\/"},"modified":"2026-04-14T09:05:57","modified_gmt":"2026-04-14T09:05:57","slug":"bio-cbd-oel-30-vollspektrum-schweizer-hanftropfen","status":"publish","type":"product","link":"https:\/\/bluetengold.ch\/fr\/produkt\/bio-cbd-oel-30-vollspektrum-schweizer-hanftropfen\/","title":{"rendered":"Huile de CBD bio 30 % spectre complet \u2013 Gouttes de chanvre suisse"},"content":{"rendered":"<p>Notre huile de CBD bio 30 % spectre complet \u2013 Gouttes de chanvre suisse est la concentration la plus \u00e9lev\u00e9e de notre gamme. Cette huile hautement dos\u00e9e s&rsquo;adresse \u00e0 tous ceux qui recherchent un produit CBD puissant et naturel \u2013 avec un effet v\u00e9g\u00e9tal maximal et une origine suisse. <\/p>\n<p>Les plants de chanvre proviennent de cultures biologiques contr\u00f4l\u00e9es dans l&rsquo;Emmental, une r\u00e9gion aux conditions optimales pour un chanvre naturellement pur. L&rsquo;huile est extraite en douceur par extraction \u00e0 l&rsquo;\u00e9thanol. Cette m\u00e9thode pr\u00e9serve tous les principes actifs de la plante \u2013 notamment le CBD, le CBG, le CBN ainsi que les terp\u00e8nes et les flavono\u00efdes. La combinaison de ces substances favorise l&rsquo;effet d&rsquo;entourage bien connu, o\u00f9 les effets des composants peuvent se renforcer mutuellement. Lisez <a href=\"https:\/\/bluetengold.ch\/fr\/2026\/03\/02\/wie-wirkt-cbd\/\" target=\"_blank\" rel=\"noopener\">ICI<\/a> comment le CBD agit.    <\/p>\n<p>Cette huile de CBD bio 30 % convient parfaitement aux utilisateurs exp\u00e9riment\u00e9s qui misent sur une huile de CBD particuli\u00e8rement concentr\u00e9e \u2013 pour une application cibl\u00e9e ou comme \u00e9l\u00e9ment d&rsquo;une routine quotidienne de qualit\u00e9 sup\u00e9rieure.<\/p>\n","protected":false},"excerpt":{"rendered":"<p><img decoding=\"async\" class=\"alignnone size-full wp-image-4001\" src=\"\/wp-content\/uploads\/2025\/08\/Bluetengold-List-Hack-gruen-1.png\" alt=\"\" width=\"22\" height=\"21\">  issu de chanvre bio suisse cultiv\u00e9 avec soin<br \/>\n<img decoding=\"async\" class=\"alignnone size-full wp-image-4001\" src=\"\/wp-content\/uploads\/2025\/08\/Bluetengold-List-Hack-gruen-1.png\" alt=\"\" width=\"22\" height=\"21\"> extrait naturel \u00e0 spectre complet<br \/>\n<img decoding=\"async\" class=\"alignnone size-full wp-image-4001\" src=\"\/wp-content\/uploads\/2025\/08\/Bluetengold-List-Hack-gruen-1.png\" alt=\"\" width=\"22\" height=\"21\"> 100\u202f% d\u00e9carboxyl\u00e9<br \/>\n<img decoding=\"async\" class=\"alignnone size-full wp-image-4001\" src=\"\/wp-content\/uploads\/2025\/08\/Bluetengold-List-Hack-gruen-1.png\" alt=\"\" width=\"22\" height=\"21\">  sans pesticides ni herbicides<br \/>\n<img decoding=\"async\" class=\"alignnone size-full wp-image-4001\" src=\"\/wp-content\/uploads\/2025\/08\/Bluetengold-List-Hack-gruen-1.png\" alt=\"\" width=\"22\" height=\"21\">  sans ingr\u00e9dients synth\u00e9tiques<br \/>\n<img decoding=\"async\" class=\"alignnone size-full wp-image-4001\" src=\"\/wp-content\/uploads\/2025\/08\/Bluetengold-List-Hack-gruen-1.png\" alt=\"\" width=\"22\" height=\"21\">  avec huile MCT bio (base huile de coco)<br \/>\n<img decoding=\"async\" class=\"alignnone size-full wp-image-4001\" src=\"\/wp-content\/uploads\/2025\/08\/Bluetengold-List-Hack-gruen-1.png\" alt=\"\" width=\"22\" height=\"21\">  3000 mg de CBD (teneur en CBD de 30 %)<br \/>\n<img decoding=\"async\" class=\"alignnone size-full wp-image-4001\" src=\"\/wp-content\/uploads\/2025\/08\/Bluetengold-List-Hack-gruen-1.png\" alt=\"\" width=\"22\" height=\"21\"> THC [bg_country country=\"CH\"] &lt; 1\u202f%[\/bg_country][bg_country region=\"EU\"] &lt; 0,2\u202f%[\/bg_country]<\/p>\n<p><img decoding=\"async\" class=\"alignnone wp-image-5018\" src=\"\/wp-content\/uploads\/2025\/10\/Download-Icon.png\" alt=\"\" width=\"30\" height=\"22\" srcset=\"https:\/\/bluetengold.ch\/wp-content\/uploads\/2025\/10\/Download-Icon-200x149.png 200w, https:\/\/bluetengold.ch\/wp-content\/uploads\/2025\/10\/Download-Icon-300x214.png 300w, https:\/\/bluetengold.ch\/wp-content\/uploads\/2025\/10\/Download-Icon.png 360w\" sizes=\"(max-width: 30px) 100vw, 30px\" \/> <a href=\"\/wp-content\/uploads\/2025\/11\/LZ.663.005-02-BIO-CBD-Oel-30_-Vollspektrum-EU-Batch-L301025-CAN1.pdf\" target=\"_blank\" rel=\"noopener\">Rapport d&rsquo;analyse<\/a><\/p>\n<p>&nbsp;<\/p>\n","protected":false},"featured_media":6756,"comment_status":"open","ping_status":"closed","template":"","meta":[],"product_brand":[],"product_cat":[244],"product_tag":[],"class_list":{"0":"post-6755","1":"product","2":"type-product","3":"status-publish","4":"has-post-thumbnail","6":"product_cat-cbd-oel-vollspektrum","8":"first","9":"instock","10":"taxable","11":"shipping-taxable","12":"purchasable","13":"product-type-simple"},"yoast_head":"<!-- This site is optimized with the Yoast SEO plugin v27.2 - https:\/\/yoast.com\/product\/yoast-seo-wordpress\/ -->\n<title>Huile de CBD bio 30 % spectre complet - Gouttes de chanvre CH | Bl\u00fctengold<\/title>\n<meta name=\"description\" content=\"L&#039;huile de CBD bio 30 % spectre complet de Bl\u00fctengold repr\u00e9sente la plus haute qualit\u00e9 suisse. Fabriqu\u00e9e \u00e0 partir de chanvre biologique. Commandez maintenant.\" \/>\n<meta name=\"robots\" content=\"index, follow, max-snippet:-1, max-image-preview:large, max-video-preview:-1\" \/>\n<link rel=\"canonical\" href=\"https:\/\/bluetengold.ch\/fr\/produkt\/bio-cbd-oel-30-vollspektrum-schweizer-hanftropfen\/\" \/>\n<meta property=\"og:locale\" content=\"fr_FR\" \/>\n<meta property=\"og:type\" content=\"article\" \/>\n<meta property=\"og:title\" content=\"Huile de CBD bio 30 % spectre complet - Gouttes de chanvre CH | Bl\u00fctengold\" \/>\n<meta property=\"og:description\" content=\"L&#039;huile de CBD bio 30 % spectre complet de Bl\u00fctengold repr\u00e9sente la plus haute qualit\u00e9 suisse. Fabriqu\u00e9e \u00e0 partir de chanvre biologique. Commandez maintenant.\" \/>\n<meta property=\"og:url\" content=\"https:\/\/bluetengold.ch\/fr\/produkt\/bio-cbd-oel-30-vollspektrum-schweizer-hanftropfen\/\" \/>\n<meta property=\"og:site_name\" content=\"CBD Produkte Bl\u00fctengold\" \/>\n<meta property=\"article:modified_time\" content=\"2026-04-14T09:05:57+00:00\" \/>\n<meta property=\"og:image\" content=\"https:\/\/bluetengold.ch\/wp-content\/uploads\/2025\/11\/Bluetengold-Bio-CBD-Oel-Vollspektrum-30.jpg\" \/>\n\t<meta property=\"og:image:width\" content=\"1000\" \/>\n\t<meta property=\"og:image:height\" content=\"1278\" \/>\n\t<meta property=\"og:image:type\" content=\"image\/jpeg\" \/>\n<meta name=\"twitter:card\" content=\"summary_large_image\" \/>\n<meta name=\"twitter:label1\" content=\"Dur\u00e9e de lecture estim\u00e9e\" \/>\n\t<meta name=\"twitter:data1\" content=\"1 minute\" \/>\n<script type=\"application\/ld+json\" class=\"yoast-schema-graph\">{\"@context\":\"https:\/\/schema.org\",\"@graph\":[{\"@type\":\"WebPage\",\"@id\":\"https:\/\/bluetengold.ch\/fr\/produkt\/bio-cbd-oel-30-vollspektrum-schweizer-hanftropfen\/\",\"url\":\"https:\/\/bluetengold.ch\/fr\/produkt\/bio-cbd-oel-30-vollspektrum-schweizer-hanftropfen\/\",\"name\":\"Huile de CBD bio 30 % spectre complet - Gouttes de chanvre CH | Bl\u00fctengold\",\"isPartOf\":{\"@id\":\"https:\/\/bluetengold.ch\/fr\/#website\"},\"primaryImageOfPage\":{\"@id\":\"https:\/\/bluetengold.ch\/fr\/produkt\/bio-cbd-oel-30-vollspektrum-schweizer-hanftropfen\/#primaryimage\"},\"image\":{\"@id\":\"https:\/\/bluetengold.ch\/fr\/produkt\/bio-cbd-oel-30-vollspektrum-schweizer-hanftropfen\/#primaryimage\"},\"thumbnailUrl\":\"https:\/\/bluetengold.ch\/wp-content\/uploads\/2025\/11\/Bluetengold-Bio-CBD-Oel-Vollspektrum-30.jpg\",\"datePublished\":\"2025-10-09T13:11:28+00:00\",\"dateModified\":\"2026-04-14T09:05:57+00:00\",\"description\":\"L'huile de CBD bio 30 % spectre complet de Bl\u00fctengold repr\u00e9sente la plus haute qualit\u00e9 suisse. Fabriqu\u00e9e \u00e0 partir de chanvre biologique. Commandez maintenant.\",\"breadcrumb\":{\"@id\":\"https:\/\/bluetengold.ch\/fr\/produkt\/bio-cbd-oel-30-vollspektrum-schweizer-hanftropfen\/#breadcrumb\"},\"inLanguage\":\"fr-FR\",\"potentialAction\":[{\"@type\":\"ReadAction\",\"target\":[\"https:\/\/bluetengold.ch\/fr\/produkt\/bio-cbd-oel-30-vollspektrum-schweizer-hanftropfen\/\"]}]},{\"@type\":\"ImageObject\",\"inLanguage\":\"fr-FR\",\"@id\":\"https:\/\/bluetengold.ch\/fr\/produkt\/bio-cbd-oel-30-vollspektrum-schweizer-hanftropfen\/#primaryimage\",\"url\":\"https:\/\/bluetengold.ch\/wp-content\/uploads\/2025\/11\/Bluetengold-Bio-CBD-Oel-Vollspektrum-30.jpg\",\"contentUrl\":\"https:\/\/bluetengold.ch\/wp-content\/uploads\/2025\/11\/Bluetengold-Bio-CBD-Oel-Vollspektrum-30.jpg\",\"width\":1000,\"height\":1278},{\"@type\":\"BreadcrumbList\",\"@id\":\"https:\/\/bluetengold.ch\/fr\/produkt\/bio-cbd-oel-30-vollspektrum-schweizer-hanftropfen\/#breadcrumb\",\"itemListElement\":[{\"@type\":\"ListItem\",\"position\":1,\"name\":\"Home\",\"item\":\"https:\/\/bluetengold.ch\/fr\/\"},{\"@type\":\"ListItem\",\"position\":2,\"name\":\"Boutique\",\"item\":\"https:\/\/bluetengold.ch\/fr\/boutique\/\"},{\"@type\":\"ListItem\",\"position\":3,\"name\":\"Huile de CBD bio 30 % spectre complet \u2013 Gouttes de chanvre suisse\"}]},{\"@type\":\"WebSite\",\"@id\":\"https:\/\/bluetengold.ch\/fr\/#website\",\"url\":\"https:\/\/bluetengold.ch\/fr\/\",\"name\":\"CBD Produkte Bl\u00fctengold\",\"description\":\"Bl\u00fctengold\",\"potentialAction\":[{\"@type\":\"SearchAction\",\"target\":{\"@type\":\"EntryPoint\",\"urlTemplate\":\"https:\/\/bluetengold.ch\/fr\/?s={search_term_string}\"},\"query-input\":{\"@type\":\"PropertyValueSpecification\",\"valueRequired\":true,\"valueName\":\"search_term_string\"}}],\"inLanguage\":\"fr-FR\"}]}<\/script>\n<!-- \/ Yoast SEO plugin. -->","yoast_head_json":{"title":"Huile de CBD bio 30 % spectre complet - Gouttes de chanvre CH | Bl\u00fctengold","description":"L'huile de CBD bio 30 % spectre complet de Bl\u00fctengold repr\u00e9sente la plus haute qualit\u00e9 suisse. Fabriqu\u00e9e \u00e0 partir de chanvre biologique. Commandez maintenant.","robots":{"index":"index","follow":"follow","max-snippet":"max-snippet:-1","max-image-preview":"max-image-preview:large","max-video-preview":"max-video-preview:-1"},"canonical":"https:\/\/bluetengold.ch\/fr\/produkt\/bio-cbd-oel-30-vollspektrum-schweizer-hanftropfen\/","og_locale":"fr_FR","og_type":"article","og_title":"Huile de CBD bio 30 % spectre complet - Gouttes de chanvre CH | Bl\u00fctengold","og_description":"L'huile de CBD bio 30 % spectre complet de Bl\u00fctengold repr\u00e9sente la plus haute qualit\u00e9 suisse. Fabriqu\u00e9e \u00e0 partir de chanvre biologique. Commandez maintenant.","og_url":"https:\/\/bluetengold.ch\/fr\/produkt\/bio-cbd-oel-30-vollspektrum-schweizer-hanftropfen\/","og_site_name":"CBD Produkte Bl\u00fctengold","article_modified_time":"2026-04-14T09:05:57+00:00","og_image":[{"width":1000,"height":1278,"url":"https:\/\/bluetengold.ch\/wp-content\/uploads\/2025\/11\/Bluetengold-Bio-CBD-Oel-Vollspektrum-30.jpg","type":"image\/jpeg"}],"twitter_card":"summary_large_image","twitter_misc":{"Dur\u00e9e de lecture estim\u00e9e":"1 minute"},"schema":{"@context":"https:\/\/schema.org","@graph":[{"@type":"WebPage","@id":"https:\/\/bluetengold.ch\/fr\/produkt\/bio-cbd-oel-30-vollspektrum-schweizer-hanftropfen\/","url":"https:\/\/bluetengold.ch\/fr\/produkt\/bio-cbd-oel-30-vollspektrum-schweizer-hanftropfen\/","name":"Huile de CBD bio 30 % spectre complet - Gouttes de chanvre CH | Bl\u00fctengold","isPartOf":{"@id":"https:\/\/bluetengold.ch\/fr\/#website"},"primaryImageOfPage":{"@id":"https:\/\/bluetengold.ch\/fr\/produkt\/bio-cbd-oel-30-vollspektrum-schweizer-hanftropfen\/#primaryimage"},"image":{"@id":"https:\/\/bluetengold.ch\/fr\/produkt\/bio-cbd-oel-30-vollspektrum-schweizer-hanftropfen\/#primaryimage"},"thumbnailUrl":"https:\/\/bluetengold.ch\/wp-content\/uploads\/2025\/11\/Bluetengold-Bio-CBD-Oel-Vollspektrum-30.jpg","datePublished":"2025-10-09T13:11:28+00:00","dateModified":"2026-04-14T09:05:57+00:00","description":"L'huile de CBD bio 30 % spectre complet de Bl\u00fctengold repr\u00e9sente la plus haute qualit\u00e9 suisse. Fabriqu\u00e9e \u00e0 partir de chanvre biologique. Commandez maintenant.","breadcrumb":{"@id":"https:\/\/bluetengold.ch\/fr\/produkt\/bio-cbd-oel-30-vollspektrum-schweizer-hanftropfen\/#breadcrumb"},"inLanguage":"fr-FR","potentialAction":[{"@type":"ReadAction","target":["https:\/\/bluetengold.ch\/fr\/produkt\/bio-cbd-oel-30-vollspektrum-schweizer-hanftropfen\/"]}]},{"@type":"ImageObject","inLanguage":"fr-FR","@id":"https:\/\/bluetengold.ch\/fr\/produkt\/bio-cbd-oel-30-vollspektrum-schweizer-hanftropfen\/#primaryimage","url":"https:\/\/bluetengold.ch\/wp-content\/uploads\/2025\/11\/Bluetengold-Bio-CBD-Oel-Vollspektrum-30.jpg","contentUrl":"https:\/\/bluetengold.ch\/wp-content\/uploads\/2025\/11\/Bluetengold-Bio-CBD-Oel-Vollspektrum-30.jpg","width":1000,"height":1278},{"@type":"BreadcrumbList","@id":"https:\/\/bluetengold.ch\/fr\/produkt\/bio-cbd-oel-30-vollspektrum-schweizer-hanftropfen\/#breadcrumb","itemListElement":[{"@type":"ListItem","position":1,"name":"Home","item":"https:\/\/bluetengold.ch\/fr\/"},{"@type":"ListItem","position":2,"name":"Boutique","item":"https:\/\/bluetengold.ch\/fr\/boutique\/"},{"@type":"ListItem","position":3,"name":"Huile de CBD bio 30 % spectre complet \u2013 Gouttes de chanvre suisse"}]},{"@type":"WebSite","@id":"https:\/\/bluetengold.ch\/fr\/#website","url":"https:\/\/bluetengold.ch\/fr\/","name":"CBD Produkte Bl\u00fctengold","description":"Bl\u00fctengold","potentialAction":[{"@type":"SearchAction","target":{"@type":"EntryPoint","urlTemplate":"https:\/\/bluetengold.ch\/fr\/?s={search_term_string}"},"query-input":{"@type":"PropertyValueSpecification","valueRequired":true,"valueName":"search_term_string"}}],"inLanguage":"fr-FR"}]}},"_links":{"self":[{"href":"https:\/\/bluetengold.ch\/fr\/wp-json\/wp\/v2\/product\/6755","targetHints":{"allow":["GET"]}}],"collection":[{"href":"https:\/\/bluetengold.ch\/fr\/wp-json\/wp\/v2\/product"}],"about":[{"href":"https:\/\/bluetengold.ch\/fr\/wp-json\/wp\/v2\/types\/product"}],"replies":[{"embeddable":true,"href":"https:\/\/bluetengold.ch\/fr\/wp-json\/wp\/v2\/comments?post=6755"}],"wp:featuredmedia":[{"embeddable":true,"href":"https:\/\/bluetengold.ch\/fr\/wp-json\/wp\/v2\/media\/6756"}],"wp:attachment":[{"href":"https:\/\/bluetengold.ch\/fr\/wp-json\/wp\/v2\/media?parent=6755"}],"wp:term":[{"taxonomy":"product_brand","embeddable":true,"href":"https:\/\/bluetengold.ch\/fr\/wp-json\/wp\/v2\/product_brand?post=6755"},{"taxonomy":"product_cat","embeddable":true,"href":"https:\/\/bluetengold.ch\/fr\/wp-json\/wp\/v2\/product_cat?post=6755"},{"taxonomy":"product_tag","embeddable":true,"href":"https:\/\/bluetengold.ch\/fr\/wp-json\/wp\/v2\/product_tag?post=6755"}],"curies":[{"name":"wp","href":"https:\/\/api.w.org\/{rel}","templated":true}]}}