{"id":6743,"date":"2025-10-09T13:24:39","date_gmt":"2025-10-09T13:24:39","guid":{"rendered":"https:\/\/bluetengold.ch\/produkt\/cbd-oel-fuer-tiere-tierwohl-16\/"},"modified":"2026-04-14T08:53:18","modified_gmt":"2026-04-14T08:53:18","slug":"cbd-oel-fuer-tiere-tierwohl-16","status":"publish","type":"product","link":"https:\/\/bluetengold.ch\/fr\/produkt\/cbd-oel-fuer-tiere-tierwohl-16\/","title":{"rendered":"Huile de CBD pour animaux Tierwohl 16 %"},"content":{"rendered":"<p>Tierwohl, l&rsquo;huile de CBD suisse 16 % pour chiens, chats et chevaux.<br \/>\nHuile MCT naturelle press\u00e9e \u00e0 froid avec du cannabidiol issu de l&rsquo;agriculture biologique suisse. Tierwohl a \u00e9t\u00e9 d\u00e9velopp\u00e9e en collaboration avec des v\u00e9t\u00e9rinaires et adapt\u00e9e aux besoins de nos animaux de compagnie, afin que vos compagnons \u00e0 quatre pattes puissent \u00e9galement b\u00e9n\u00e9ficier des propri\u00e9t\u00e9s positives du CBD. Cette huile de CBD pour chats et chiens est sans THC et sans terp\u00e8nes, ce qui la rend parfaitement tol\u00e9rable. L&rsquo;huile de CBD p\u00e9n\u00e8tre rapidement dans la peau et procure un effet notable.   <\/p>\n<p>L&rsquo;huile de CBD Tierwohl pour chiens et chats favorise naturellement la sant\u00e9 de votre animal, d\u00e9tend les muscles ou peut avoir un effet positif sur le soulagement de la douleur li\u00e9e aux affections li\u00e9es \u00e0 l&rsquo;\u00e2ge.<\/p>\n<p>Application :<br \/>\nAdministrez 1 \u00e0 3 gouttes deux fois par jour dans la nourriture ou directement dans la gueule pour chaque tranche de 6 kg de poids corporel.<\/p>\n","protected":false},"excerpt":{"rendered":"<p><img decoding=\"async\" class=\"alignnone size-full wp-image-4001\" src=\"\/wp-content\/uploads\/2025\/08\/Bluetengold-List-Hack-gruen-1.png\" alt=\"\" width=\"22\" height=\"21\">  issue de chanvre biologique suisse de haute qualit\u00e9<br \/>\n<img decoding=\"async\" class=\"alignnone size-full wp-image-4001\" src=\"\/wp-content\/uploads\/2025\/08\/Bluetengold-List-Hack-gruen-1.png\" alt=\"\" width=\"22\" height=\"21\"> garantie sans THC et sans terp\u00e8nes<br \/>\n<img decoding=\"async\" class=\"alignnone size-full wp-image-4001\" src=\"\/wp-content\/uploads\/2025\/08\/Bluetengold-List-Hack-gruen-1.png\" alt=\"\" width=\"22\" height=\"21\">  sans pesticides ni herbicides<br \/>\n<img decoding=\"async\" class=\"alignnone size-full wp-image-4001\" src=\"\/wp-content\/uploads\/2025\/08\/Bluetengold-List-Hack-gruen-1.png\" alt=\"\" width=\"22\" height=\"21\"> huile de CBD de haute qualit\u00e9 issue de Cannabis sativa L., dissoute dans de l&rsquo;huile de coco MCT<br \/>\n<img decoding=\"async\" class=\"alignnone size-full wp-image-4001\" src=\"\/wp-content\/uploads\/2025\/08\/Bluetengold-List-Hack-gruen-1.png\" alt=\"\" width=\"22\" height=\"21\">  1600 mg de CBD avec une teneur de 16 %<br \/>\n<img decoding=\"async\" class=\"alignnone size-full wp-image-4001\" src=\"\/wp-content\/uploads\/2025\/08\/Bluetengold-List-Hack-gruen-1.png\" alt=\"\" width=\"22\" height=\"21\">  ar\u00f4me agr\u00e9ablement neutre<\/p>\n<p><img decoding=\"async\" class=\"alignnone wp-image-5018\" src=\"\/wp-content\/uploads\/2025\/10\/Download-Icon.png\" alt=\"\" width=\"30\" height=\"22\" srcset=\"https:\/\/bluetengold.ch\/wp-content\/uploads\/2025\/10\/Download-Icon-200x149.png 200w, https:\/\/bluetengold.ch\/wp-content\/uploads\/2025\/10\/Download-Icon-300x214.png 300w, https:\/\/bluetengold.ch\/wp-content\/uploads\/2025\/10\/Download-Icon.png 360w\" sizes=\"(max-width: 30px) 100vw, 30px\" \/> <a href=\"\/wp-content\/uploads\/2025\/11\/LZ.663.014-01-Tierwohl-16-Batch-L161025-CAN1.pdf\" target=\"_blank\" rel=\"noopener\">Rapport d\u2019analyse<\/a><\/p>\n<p>&nbsp;<\/p>\n","protected":false},"featured_media":6744,"comment_status":"open","ping_status":"closed","template":"","meta":[],"product_brand":[],"product_cat":[230],"product_tag":[],"class_list":{"0":"post-6743","1":"product","2":"type-product","3":"status-publish","4":"has-post-thumbnail","6":"product_cat-cbd-oel-fuer-tiere","8":"first","9":"instock","10":"taxable","11":"shipping-taxable","12":"purchasable","13":"product-type-simple"},"yoast_head":"<!-- This site is optimized with the Yoast SEO plugin v27.2 - https:\/\/yoast.com\/product\/yoast-seo-wordpress\/ -->\n<title>Huile de CBD pour animaux Tierwohl 16 % \u2013 Gouttes de chanvre suisses | Bl\u00fctengold<\/title>\n<meta name=\"description\" content=\"L&#039;huile de CBD pour animaux Tierwohl 16 % de Bl\u00fctengold soutient naturellement le bien-\u00eatre de votre animal de compagnie. Commandez-la d\u00e8s maintenant dans notre boutique.\" \/>\n<meta name=\"robots\" content=\"index, follow, max-snippet:-1, max-image-preview:large, max-video-preview:-1\" \/>\n<link rel=\"canonical\" href=\"https:\/\/bluetengold.ch\/fr\/produkt\/cbd-oel-fuer-tiere-tierwohl-16\/\" \/>\n<meta property=\"og:locale\" content=\"fr_FR\" \/>\n<meta property=\"og:type\" content=\"article\" \/>\n<meta property=\"og:title\" content=\"Huile de CBD pour animaux Tierwohl 16 % \u2013 Gouttes de chanvre suisses | Bl\u00fctengold\" \/>\n<meta property=\"og:description\" content=\"L&#039;huile de CBD pour animaux Tierwohl 16 % de Bl\u00fctengold soutient naturellement le bien-\u00eatre de votre animal de compagnie. Commandez-la d\u00e8s maintenant dans notre boutique.\" \/>\n<meta property=\"og:url\" content=\"https:\/\/bluetengold.ch\/fr\/produkt\/cbd-oel-fuer-tiere-tierwohl-16\/\" \/>\n<meta property=\"og:site_name\" content=\"CBD Produkte Bl\u00fctengold\" \/>\n<meta property=\"article:modified_time\" content=\"2026-04-14T08:53:18+00:00\" \/>\n<meta property=\"og:image\" content=\"https:\/\/bluetengold.ch\/wp-content\/uploads\/2025\/11\/Bluetengold-Hanfoel-CBD-Tierwohl-16.jpg\" \/>\n\t<meta property=\"og:image:width\" content=\"1000\" \/>\n\t<meta property=\"og:image:height\" content=\"1278\" \/>\n\t<meta property=\"og:image:type\" content=\"image\/jpeg\" \/>\n<meta name=\"twitter:card\" content=\"summary_large_image\" \/>\n<meta name=\"twitter:label1\" content=\"Dur\u00e9e de lecture estim\u00e9e\" \/>\n\t<meta name=\"twitter:data1\" content=\"1 minute\" \/>\n<script type=\"application\/ld+json\" class=\"yoast-schema-graph\">{\"@context\":\"https:\/\/schema.org\",\"@graph\":[{\"@type\":\"WebPage\",\"@id\":\"https:\/\/bluetengold.ch\/fr\/produkt\/cbd-oel-fuer-tiere-tierwohl-16\/\",\"url\":\"https:\/\/bluetengold.ch\/fr\/produkt\/cbd-oel-fuer-tiere-tierwohl-16\/\",\"name\":\"Huile de CBD pour animaux Tierwohl 16 % \u2013 Gouttes de chanvre suisses | Bl\u00fctengold\",\"isPartOf\":{\"@id\":\"https:\/\/bluetengold.ch\/fr\/#website\"},\"primaryImageOfPage\":{\"@id\":\"https:\/\/bluetengold.ch\/fr\/produkt\/cbd-oel-fuer-tiere-tierwohl-16\/#primaryimage\"},\"image\":{\"@id\":\"https:\/\/bluetengold.ch\/fr\/produkt\/cbd-oel-fuer-tiere-tierwohl-16\/#primaryimage\"},\"thumbnailUrl\":\"https:\/\/bluetengold.ch\/wp-content\/uploads\/2025\/11\/Bluetengold-Hanfoel-CBD-Tierwohl-16.jpg\",\"datePublished\":\"2025-10-09T13:24:39+00:00\",\"dateModified\":\"2026-04-14T08:53:18+00:00\",\"description\":\"L'huile de CBD pour animaux Tierwohl 16 % de Bl\u00fctengold soutient naturellement le bien-\u00eatre de votre animal de compagnie. Commandez-la d\u00e8s maintenant dans notre boutique.\",\"breadcrumb\":{\"@id\":\"https:\/\/bluetengold.ch\/fr\/produkt\/cbd-oel-fuer-tiere-tierwohl-16\/#breadcrumb\"},\"inLanguage\":\"fr-FR\",\"potentialAction\":[{\"@type\":\"ReadAction\",\"target\":[\"https:\/\/bluetengold.ch\/fr\/produkt\/cbd-oel-fuer-tiere-tierwohl-16\/\"]}]},{\"@type\":\"ImageObject\",\"inLanguage\":\"fr-FR\",\"@id\":\"https:\/\/bluetengold.ch\/fr\/produkt\/cbd-oel-fuer-tiere-tierwohl-16\/#primaryimage\",\"url\":\"https:\/\/bluetengold.ch\/wp-content\/uploads\/2025\/11\/Bluetengold-Hanfoel-CBD-Tierwohl-16.jpg\",\"contentUrl\":\"https:\/\/bluetengold.ch\/wp-content\/uploads\/2025\/11\/Bluetengold-Hanfoel-CBD-Tierwohl-16.jpg\",\"width\":1000,\"height\":1278},{\"@type\":\"BreadcrumbList\",\"@id\":\"https:\/\/bluetengold.ch\/fr\/produkt\/cbd-oel-fuer-tiere-tierwohl-16\/#breadcrumb\",\"itemListElement\":[{\"@type\":\"ListItem\",\"position\":1,\"name\":\"Home\",\"item\":\"https:\/\/bluetengold.ch\/fr\/\"},{\"@type\":\"ListItem\",\"position\":2,\"name\":\"Boutique\",\"item\":\"https:\/\/bluetengold.ch\/fr\/boutique\/\"},{\"@type\":\"ListItem\",\"position\":3,\"name\":\"Huile de CBD pour animaux Tierwohl 16 %\"}]},{\"@type\":\"WebSite\",\"@id\":\"https:\/\/bluetengold.ch\/fr\/#website\",\"url\":\"https:\/\/bluetengold.ch\/fr\/\",\"name\":\"CBD Produkte Bl\u00fctengold\",\"description\":\"Bl\u00fctengold\",\"potentialAction\":[{\"@type\":\"SearchAction\",\"target\":{\"@type\":\"EntryPoint\",\"urlTemplate\":\"https:\/\/bluetengold.ch\/fr\/?s={search_term_string}\"},\"query-input\":{\"@type\":\"PropertyValueSpecification\",\"valueRequired\":true,\"valueName\":\"search_term_string\"}}],\"inLanguage\":\"fr-FR\"}]}<\/script>\n<!-- \/ Yoast SEO plugin. -->","yoast_head_json":{"title":"Huile de CBD pour animaux Tierwohl 16 % \u2013 Gouttes de chanvre suisses | Bl\u00fctengold","description":"L'huile de CBD pour animaux Tierwohl 16 % de Bl\u00fctengold soutient naturellement le bien-\u00eatre de votre animal de compagnie. Commandez-la d\u00e8s maintenant dans notre boutique.","robots":{"index":"index","follow":"follow","max-snippet":"max-snippet:-1","max-image-preview":"max-image-preview:large","max-video-preview":"max-video-preview:-1"},"canonical":"https:\/\/bluetengold.ch\/fr\/produkt\/cbd-oel-fuer-tiere-tierwohl-16\/","og_locale":"fr_FR","og_type":"article","og_title":"Huile de CBD pour animaux Tierwohl 16 % \u2013 Gouttes de chanvre suisses | Bl\u00fctengold","og_description":"L'huile de CBD pour animaux Tierwohl 16 % de Bl\u00fctengold soutient naturellement le bien-\u00eatre de votre animal de compagnie. Commandez-la d\u00e8s maintenant dans notre boutique.","og_url":"https:\/\/bluetengold.ch\/fr\/produkt\/cbd-oel-fuer-tiere-tierwohl-16\/","og_site_name":"CBD Produkte Bl\u00fctengold","article_modified_time":"2026-04-14T08:53:18+00:00","og_image":[{"width":1000,"height":1278,"url":"https:\/\/bluetengold.ch\/wp-content\/uploads\/2025\/11\/Bluetengold-Hanfoel-CBD-Tierwohl-16.jpg","type":"image\/jpeg"}],"twitter_card":"summary_large_image","twitter_misc":{"Dur\u00e9e de lecture estim\u00e9e":"1 minute"},"schema":{"@context":"https:\/\/schema.org","@graph":[{"@type":"WebPage","@id":"https:\/\/bluetengold.ch\/fr\/produkt\/cbd-oel-fuer-tiere-tierwohl-16\/","url":"https:\/\/bluetengold.ch\/fr\/produkt\/cbd-oel-fuer-tiere-tierwohl-16\/","name":"Huile de CBD pour animaux Tierwohl 16 % \u2013 Gouttes de chanvre suisses | Bl\u00fctengold","isPartOf":{"@id":"https:\/\/bluetengold.ch\/fr\/#website"},"primaryImageOfPage":{"@id":"https:\/\/bluetengold.ch\/fr\/produkt\/cbd-oel-fuer-tiere-tierwohl-16\/#primaryimage"},"image":{"@id":"https:\/\/bluetengold.ch\/fr\/produkt\/cbd-oel-fuer-tiere-tierwohl-16\/#primaryimage"},"thumbnailUrl":"https:\/\/bluetengold.ch\/wp-content\/uploads\/2025\/11\/Bluetengold-Hanfoel-CBD-Tierwohl-16.jpg","datePublished":"2025-10-09T13:24:39+00:00","dateModified":"2026-04-14T08:53:18+00:00","description":"L'huile de CBD pour animaux Tierwohl 16 % de Bl\u00fctengold soutient naturellement le bien-\u00eatre de votre animal de compagnie. Commandez-la d\u00e8s maintenant dans notre boutique.","breadcrumb":{"@id":"https:\/\/bluetengold.ch\/fr\/produkt\/cbd-oel-fuer-tiere-tierwohl-16\/#breadcrumb"},"inLanguage":"fr-FR","potentialAction":[{"@type":"ReadAction","target":["https:\/\/bluetengold.ch\/fr\/produkt\/cbd-oel-fuer-tiere-tierwohl-16\/"]}]},{"@type":"ImageObject","inLanguage":"fr-FR","@id":"https:\/\/bluetengold.ch\/fr\/produkt\/cbd-oel-fuer-tiere-tierwohl-16\/#primaryimage","url":"https:\/\/bluetengold.ch\/wp-content\/uploads\/2025\/11\/Bluetengold-Hanfoel-CBD-Tierwohl-16.jpg","contentUrl":"https:\/\/bluetengold.ch\/wp-content\/uploads\/2025\/11\/Bluetengold-Hanfoel-CBD-Tierwohl-16.jpg","width":1000,"height":1278},{"@type":"BreadcrumbList","@id":"https:\/\/bluetengold.ch\/fr\/produkt\/cbd-oel-fuer-tiere-tierwohl-16\/#breadcrumb","itemListElement":[{"@type":"ListItem","position":1,"name":"Home","item":"https:\/\/bluetengold.ch\/fr\/"},{"@type":"ListItem","position":2,"name":"Boutique","item":"https:\/\/bluetengold.ch\/fr\/boutique\/"},{"@type":"ListItem","position":3,"name":"Huile de CBD pour animaux Tierwohl 16 %"}]},{"@type":"WebSite","@id":"https:\/\/bluetengold.ch\/fr\/#website","url":"https:\/\/bluetengold.ch\/fr\/","name":"CBD Produkte Bl\u00fctengold","description":"Bl\u00fctengold","potentialAction":[{"@type":"SearchAction","target":{"@type":"EntryPoint","urlTemplate":"https:\/\/bluetengold.ch\/fr\/?s={search_term_string}"},"query-input":{"@type":"PropertyValueSpecification","valueRequired":true,"valueName":"search_term_string"}}],"inLanguage":"fr-FR"}]}},"_links":{"self":[{"href":"https:\/\/bluetengold.ch\/fr\/wp-json\/wp\/v2\/product\/6743","targetHints":{"allow":["GET"]}}],"collection":[{"href":"https:\/\/bluetengold.ch\/fr\/wp-json\/wp\/v2\/product"}],"about":[{"href":"https:\/\/bluetengold.ch\/fr\/wp-json\/wp\/v2\/types\/product"}],"replies":[{"embeddable":true,"href":"https:\/\/bluetengold.ch\/fr\/wp-json\/wp\/v2\/comments?post=6743"}],"wp:featuredmedia":[{"embeddable":true,"href":"https:\/\/bluetengold.ch\/fr\/wp-json\/wp\/v2\/media\/6744"}],"wp:attachment":[{"href":"https:\/\/bluetengold.ch\/fr\/wp-json\/wp\/v2\/media?parent=6743"}],"wp:term":[{"taxonomy":"product_brand","embeddable":true,"href":"https:\/\/bluetengold.ch\/fr\/wp-json\/wp\/v2\/product_brand?post=6743"},{"taxonomy":"product_cat","embeddable":true,"href":"https:\/\/bluetengold.ch\/fr\/wp-json\/wp\/v2\/product_cat?post=6743"},{"taxonomy":"product_tag","embeddable":true,"href":"https:\/\/bluetengold.ch\/fr\/wp-json\/wp\/v2\/product_tag?post=6743"}],"curies":[{"name":"wp","href":"https:\/\/api.w.org\/{rel}","templated":true}]}}