{"id":6733,"date":"2025-10-09T14:04:18","date_gmt":"2025-10-09T14:04:18","guid":{"rendered":"https:\/\/bluetengold.ch\/produkt\/cbd-oel-fuer-tiere-tierwohl-8\/"},"modified":"2026-04-14T08:26:07","modified_gmt":"2026-04-14T08:26:07","slug":"cbd-oel-fuer-tiere-tierwohl-8","status":"publish","type":"product","link":"https:\/\/bluetengold.ch\/fr\/produkt\/cbd-oel-fuer-tiere-tierwohl-8\/","title":{"rendered":"Huile de CBD pour animaux Bien-\u00eatre animal 8 %"},"content":{"rendered":"<p>Huile de chanvre naturelle press\u00e9e \u00e0 froid, issue des graines et de la plante, m\u00e9lang\u00e9e \u00e0 de l&rsquo;huile MCT. Le produit Bien-\u00eatre animal a \u00e9t\u00e9 d\u00e9velopp\u00e9 en collaboration avec des v\u00e9t\u00e9rinaires et adapt\u00e9 aux besoins de nos animaux de compagnie, afin que vos compagnons \u00e0 quatre pattes puissent \u00e9galement b\u00e9n\u00e9ficier des propri\u00e9t\u00e9s positives du CBD. Cette huile de CBD pour chats et chiens est sans THC et sans terp\u00e8nes, garantissant une excellente tol\u00e9rance.  <\/p>\n<p>L&rsquo;huile de CBD Bien-\u00eatre animal 8 % pour chiens et chats favorise naturellement la sant\u00e9 de votre animal, procure une relaxation dans les moments de stress ou peut avoir un effet positif sur le soulagement de la douleur li\u00e9e aux affections li\u00e9es \u00e0 l&rsquo;\u00e2ge.<\/p>\n<p>Application :<br \/>\nDonnez 1 \u00e0 3 gouttes pour 3 kg de poids corporel, 2 fois par jour, dans la nourriture ou directement dans la gueule.<\/p>\n","protected":false},"excerpt":{"rendered":"<p><img decoding=\"async\" class=\"alignnone size-full wp-image-4001\" src=\"\/wp-content\/uploads\/2025\/08\/Bluetengold-List-Hack-gruen-1.png\" alt=\"\" width=\"22\" height=\"21\">  issu de chanvre bio suisse cultiv\u00e9 avec soin<br \/>\n<img decoding=\"async\" class=\"alignnone size-full wp-image-4001\" src=\"\/wp-content\/uploads\/2025\/08\/Bluetengold-List-Hack-gruen-1.png\" alt=\"\" width=\"22\" height=\"21\"> garantie sans THC et sans terp\u00e8nes<br \/>\n<img decoding=\"async\" class=\"alignnone size-full wp-image-4001\" src=\"\/wp-content\/uploads\/2025\/08\/Bluetengold-List-Hack-gruen-1.png\" alt=\"\" width=\"22\" height=\"21\">  sans pesticides ni herbicides<br \/>\n<img decoding=\"async\" class=\"alignnone size-full wp-image-4001\" src=\"\/wp-content\/uploads\/2025\/08\/Bluetengold-List-Hack-gruen-1.png\" alt=\"\" width=\"22\" height=\"21\"> huile de CBD de haute qualit\u00e9 issue de Cannabis sativa L., dissoute dans de l&rsquo;huile de coco MCT<br \/>\n<img decoding=\"async\" class=\"alignnone size-full wp-image-4001\" src=\"\/wp-content\/uploads\/2025\/08\/Bluetengold-List-Hack-gruen-1.png\" alt=\"\" width=\"22\" height=\"21\"> 800 mg de CBD avec une teneur de 8 %<br \/>\n<img decoding=\"async\" class=\"alignnone size-full wp-image-4001\" src=\"\/wp-content\/uploads\/2025\/08\/Bluetengold-List-Hack-gruen-1.png\" alt=\"\" width=\"22\" height=\"21\"> Ar\u00f4me : Poulet grill\u00e9<\/p>\n<p><img decoding=\"async\" class=\"alignnone wp-image-5018\" src=\"\/wp-content\/uploads\/2025\/10\/Download-Icon.png\" alt=\"\" width=\"30\" height=\"22\" srcset=\"https:\/\/bluetengold.ch\/wp-content\/uploads\/2025\/10\/Download-Icon-200x149.png 200w, https:\/\/bluetengold.ch\/wp-content\/uploads\/2025\/10\/Download-Icon-300x214.png 300w, https:\/\/bluetengold.ch\/wp-content\/uploads\/2025\/10\/Download-Icon.png 360w\" sizes=\"(max-width: 30px) 100vw, 30px\" \/> <a href=\"\/wp-content\/uploads\/2025\/11\/LZ.663.013-01-Tierwohl-8-Batch-L081025-CAN1.pdf\" target=\"_blank\" rel=\"noopener\">Rapport d&rsquo;analyse<\/a><\/p>\n<p>&nbsp;<\/p>\n","protected":false},"featured_media":5963,"comment_status":"open","ping_status":"closed","template":"","meta":[],"product_brand":[],"product_cat":[230],"product_tag":[],"class_list":{"0":"post-6733","1":"product","2":"type-product","3":"status-publish","4":"has-post-thumbnail","6":"product_cat-cbd-oel-fuer-tiere","8":"first","9":"instock","10":"taxable","11":"shipping-taxable","12":"purchasable","13":"product-type-simple"},"yoast_head":"<!-- This site is optimized with the Yoast SEO plugin v27.2 - https:\/\/yoast.com\/product\/yoast-seo-wordpress\/ -->\n<title>Huile de CBD pour animaux Bien-\u00eatre animal 8 % - Gouttes de chanvre CH | Bl\u00fctengold<\/title>\n<meta name=\"description\" content=\"L&#039;huile de CBD pour animaux Bien-\u00eatre animal 8 % de Bl\u00fctengold soutient naturellement le bien-\u00eatre de votre animal de compagnie. Commandez-la d\u00e8s maintenant.\" \/>\n<meta name=\"robots\" content=\"index, follow, max-snippet:-1, max-image-preview:large, max-video-preview:-1\" \/>\n<link rel=\"canonical\" href=\"https:\/\/bluetengold.ch\/fr\/produkt\/cbd-oel-fuer-tiere-tierwohl-8\/\" \/>\n<meta property=\"og:locale\" content=\"fr_FR\" \/>\n<meta property=\"og:type\" content=\"article\" \/>\n<meta property=\"og:title\" content=\"Huile de CBD pour animaux Bien-\u00eatre animal 8 % - Gouttes de chanvre CH | Bl\u00fctengold\" \/>\n<meta property=\"og:description\" content=\"L&#039;huile de CBD pour animaux Bien-\u00eatre animal 8 % de Bl\u00fctengold soutient naturellement le bien-\u00eatre de votre animal de compagnie. Commandez-la d\u00e8s maintenant.\" \/>\n<meta property=\"og:url\" content=\"https:\/\/bluetengold.ch\/fr\/produkt\/cbd-oel-fuer-tiere-tierwohl-8\/\" \/>\n<meta property=\"og:site_name\" content=\"CBD Produkte Bl\u00fctengold\" \/>\n<meta property=\"article:modified_time\" content=\"2026-04-14T08:26:07+00:00\" \/>\n<meta property=\"og:image\" content=\"https:\/\/bluetengold.ch\/wp-content\/uploads\/2025\/11\/Bluetengold-Hanfoel-CBD-Tierwohl-8.jpg\" \/>\n\t<meta property=\"og:image:width\" content=\"1000\" \/>\n\t<meta property=\"og:image:height\" content=\"1278\" \/>\n\t<meta property=\"og:image:type\" content=\"image\/jpeg\" \/>\n<meta name=\"twitter:card\" content=\"summary_large_image\" \/>\n<meta name=\"twitter:label1\" content=\"Dur\u00e9e de lecture estim\u00e9e\" \/>\n\t<meta name=\"twitter:data1\" content=\"1 minute\" \/>\n<script type=\"application\/ld+json\" class=\"yoast-schema-graph\">{\"@context\":\"https:\/\/schema.org\",\"@graph\":[{\"@type\":\"WebPage\",\"@id\":\"https:\/\/bluetengold.ch\/fr\/produkt\/cbd-oel-fuer-tiere-tierwohl-8\/\",\"url\":\"https:\/\/bluetengold.ch\/fr\/produkt\/cbd-oel-fuer-tiere-tierwohl-8\/\",\"name\":\"Huile de CBD pour animaux Bien-\u00eatre animal 8 % - Gouttes de chanvre CH | Bl\u00fctengold\",\"isPartOf\":{\"@id\":\"https:\/\/bluetengold.ch\/fr\/#website\"},\"primaryImageOfPage\":{\"@id\":\"https:\/\/bluetengold.ch\/fr\/produkt\/cbd-oel-fuer-tiere-tierwohl-8\/#primaryimage\"},\"image\":{\"@id\":\"https:\/\/bluetengold.ch\/fr\/produkt\/cbd-oel-fuer-tiere-tierwohl-8\/#primaryimage\"},\"thumbnailUrl\":\"https:\/\/bluetengold.ch\/wp-content\/uploads\/2025\/11\/Bluetengold-Hanfoel-CBD-Tierwohl-8.jpg\",\"datePublished\":\"2025-10-09T14:04:18+00:00\",\"dateModified\":\"2026-04-14T08:26:07+00:00\",\"description\":\"L'huile de CBD pour animaux Bien-\u00eatre animal 8 % de Bl\u00fctengold soutient naturellement le bien-\u00eatre de votre animal de compagnie. Commandez-la d\u00e8s maintenant.\",\"breadcrumb\":{\"@id\":\"https:\/\/bluetengold.ch\/fr\/produkt\/cbd-oel-fuer-tiere-tierwohl-8\/#breadcrumb\"},\"inLanguage\":\"fr-FR\",\"potentialAction\":[{\"@type\":\"ReadAction\",\"target\":[\"https:\/\/bluetengold.ch\/fr\/produkt\/cbd-oel-fuer-tiere-tierwohl-8\/\"]}]},{\"@type\":\"ImageObject\",\"inLanguage\":\"fr-FR\",\"@id\":\"https:\/\/bluetengold.ch\/fr\/produkt\/cbd-oel-fuer-tiere-tierwohl-8\/#primaryimage\",\"url\":\"https:\/\/bluetengold.ch\/wp-content\/uploads\/2025\/11\/Bluetengold-Hanfoel-CBD-Tierwohl-8.jpg\",\"contentUrl\":\"https:\/\/bluetengold.ch\/wp-content\/uploads\/2025\/11\/Bluetengold-Hanfoel-CBD-Tierwohl-8.jpg\",\"width\":1000,\"height\":1278},{\"@type\":\"BreadcrumbList\",\"@id\":\"https:\/\/bluetengold.ch\/fr\/produkt\/cbd-oel-fuer-tiere-tierwohl-8\/#breadcrumb\",\"itemListElement\":[{\"@type\":\"ListItem\",\"position\":1,\"name\":\"Home\",\"item\":\"https:\/\/bluetengold.ch\/fr\/\"},{\"@type\":\"ListItem\",\"position\":2,\"name\":\"Boutique\",\"item\":\"https:\/\/bluetengold.ch\/fr\/boutique\/\"},{\"@type\":\"ListItem\",\"position\":3,\"name\":\"Huile de CBD pour animaux Bien-\u00eatre animal 8 %\"}]},{\"@type\":\"WebSite\",\"@id\":\"https:\/\/bluetengold.ch\/fr\/#website\",\"url\":\"https:\/\/bluetengold.ch\/fr\/\",\"name\":\"CBD Produkte Bl\u00fctengold\",\"description\":\"Bl\u00fctengold\",\"potentialAction\":[{\"@type\":\"SearchAction\",\"target\":{\"@type\":\"EntryPoint\",\"urlTemplate\":\"https:\/\/bluetengold.ch\/fr\/?s={search_term_string}\"},\"query-input\":{\"@type\":\"PropertyValueSpecification\",\"valueRequired\":true,\"valueName\":\"search_term_string\"}}],\"inLanguage\":\"fr-FR\"}]}<\/script>\n<!-- \/ Yoast SEO plugin. -->","yoast_head_json":{"title":"Huile de CBD pour animaux Bien-\u00eatre animal 8 % - Gouttes de chanvre CH | Bl\u00fctengold","description":"L'huile de CBD pour animaux Bien-\u00eatre animal 8 % de Bl\u00fctengold soutient naturellement le bien-\u00eatre de votre animal de compagnie. Commandez-la d\u00e8s maintenant.","robots":{"index":"index","follow":"follow","max-snippet":"max-snippet:-1","max-image-preview":"max-image-preview:large","max-video-preview":"max-video-preview:-1"},"canonical":"https:\/\/bluetengold.ch\/fr\/produkt\/cbd-oel-fuer-tiere-tierwohl-8\/","og_locale":"fr_FR","og_type":"article","og_title":"Huile de CBD pour animaux Bien-\u00eatre animal 8 % - Gouttes de chanvre CH | Bl\u00fctengold","og_description":"L'huile de CBD pour animaux Bien-\u00eatre animal 8 % de Bl\u00fctengold soutient naturellement le bien-\u00eatre de votre animal de compagnie. Commandez-la d\u00e8s maintenant.","og_url":"https:\/\/bluetengold.ch\/fr\/produkt\/cbd-oel-fuer-tiere-tierwohl-8\/","og_site_name":"CBD Produkte Bl\u00fctengold","article_modified_time":"2026-04-14T08:26:07+00:00","og_image":[{"width":1000,"height":1278,"url":"https:\/\/bluetengold.ch\/wp-content\/uploads\/2025\/11\/Bluetengold-Hanfoel-CBD-Tierwohl-8.jpg","type":"image\/jpeg"}],"twitter_card":"summary_large_image","twitter_misc":{"Dur\u00e9e de lecture estim\u00e9e":"1 minute"},"schema":{"@context":"https:\/\/schema.org","@graph":[{"@type":"WebPage","@id":"https:\/\/bluetengold.ch\/fr\/produkt\/cbd-oel-fuer-tiere-tierwohl-8\/","url":"https:\/\/bluetengold.ch\/fr\/produkt\/cbd-oel-fuer-tiere-tierwohl-8\/","name":"Huile de CBD pour animaux Bien-\u00eatre animal 8 % - Gouttes de chanvre CH | Bl\u00fctengold","isPartOf":{"@id":"https:\/\/bluetengold.ch\/fr\/#website"},"primaryImageOfPage":{"@id":"https:\/\/bluetengold.ch\/fr\/produkt\/cbd-oel-fuer-tiere-tierwohl-8\/#primaryimage"},"image":{"@id":"https:\/\/bluetengold.ch\/fr\/produkt\/cbd-oel-fuer-tiere-tierwohl-8\/#primaryimage"},"thumbnailUrl":"https:\/\/bluetengold.ch\/wp-content\/uploads\/2025\/11\/Bluetengold-Hanfoel-CBD-Tierwohl-8.jpg","datePublished":"2025-10-09T14:04:18+00:00","dateModified":"2026-04-14T08:26:07+00:00","description":"L'huile de CBD pour animaux Bien-\u00eatre animal 8 % de Bl\u00fctengold soutient naturellement le bien-\u00eatre de votre animal de compagnie. Commandez-la d\u00e8s maintenant.","breadcrumb":{"@id":"https:\/\/bluetengold.ch\/fr\/produkt\/cbd-oel-fuer-tiere-tierwohl-8\/#breadcrumb"},"inLanguage":"fr-FR","potentialAction":[{"@type":"ReadAction","target":["https:\/\/bluetengold.ch\/fr\/produkt\/cbd-oel-fuer-tiere-tierwohl-8\/"]}]},{"@type":"ImageObject","inLanguage":"fr-FR","@id":"https:\/\/bluetengold.ch\/fr\/produkt\/cbd-oel-fuer-tiere-tierwohl-8\/#primaryimage","url":"https:\/\/bluetengold.ch\/wp-content\/uploads\/2025\/11\/Bluetengold-Hanfoel-CBD-Tierwohl-8.jpg","contentUrl":"https:\/\/bluetengold.ch\/wp-content\/uploads\/2025\/11\/Bluetengold-Hanfoel-CBD-Tierwohl-8.jpg","width":1000,"height":1278},{"@type":"BreadcrumbList","@id":"https:\/\/bluetengold.ch\/fr\/produkt\/cbd-oel-fuer-tiere-tierwohl-8\/#breadcrumb","itemListElement":[{"@type":"ListItem","position":1,"name":"Home","item":"https:\/\/bluetengold.ch\/fr\/"},{"@type":"ListItem","position":2,"name":"Boutique","item":"https:\/\/bluetengold.ch\/fr\/boutique\/"},{"@type":"ListItem","position":3,"name":"Huile de CBD pour animaux Bien-\u00eatre animal 8 %"}]},{"@type":"WebSite","@id":"https:\/\/bluetengold.ch\/fr\/#website","url":"https:\/\/bluetengold.ch\/fr\/","name":"CBD Produkte Bl\u00fctengold","description":"Bl\u00fctengold","potentialAction":[{"@type":"SearchAction","target":{"@type":"EntryPoint","urlTemplate":"https:\/\/bluetengold.ch\/fr\/?s={search_term_string}"},"query-input":{"@type":"PropertyValueSpecification","valueRequired":true,"valueName":"search_term_string"}}],"inLanguage":"fr-FR"}]}},"_links":{"self":[{"href":"https:\/\/bluetengold.ch\/fr\/wp-json\/wp\/v2\/product\/6733","targetHints":{"allow":["GET"]}}],"collection":[{"href":"https:\/\/bluetengold.ch\/fr\/wp-json\/wp\/v2\/product"}],"about":[{"href":"https:\/\/bluetengold.ch\/fr\/wp-json\/wp\/v2\/types\/product"}],"replies":[{"embeddable":true,"href":"https:\/\/bluetengold.ch\/fr\/wp-json\/wp\/v2\/comments?post=6733"}],"wp:featuredmedia":[{"embeddable":true,"href":"https:\/\/bluetengold.ch\/fr\/wp-json\/wp\/v2\/media\/5963"}],"wp:attachment":[{"href":"https:\/\/bluetengold.ch\/fr\/wp-json\/wp\/v2\/media?parent=6733"}],"wp:term":[{"taxonomy":"product_brand","embeddable":true,"href":"https:\/\/bluetengold.ch\/fr\/wp-json\/wp\/v2\/product_brand?post=6733"},{"taxonomy":"product_cat","embeddable":true,"href":"https:\/\/bluetengold.ch\/fr\/wp-json\/wp\/v2\/product_cat?post=6733"},{"taxonomy":"product_tag","embeddable":true,"href":"https:\/\/bluetengold.ch\/fr\/wp-json\/wp\/v2\/product_tag?post=6733"}],"curies":[{"name":"wp","href":"https:\/\/api.w.org\/{rel}","templated":true}]}}