{"id":6719,"date":"2025-10-13T11:30:25","date_gmt":"2025-10-13T11:30:25","guid":{"rendered":"https:\/\/bluetengold.ch\/produkt\/cbd-tropfen-20-thc-frei-schweizer-hanftropfen\/"},"modified":"2026-04-09T11:29:49","modified_gmt":"2026-04-09T11:29:49","slug":"cbd-tropfen-20-thc-frei-schweizer-hanftropfen","status":"publish","type":"product","link":"https:\/\/bluetengold.ch\/fr\/produkt\/cbd-tropfen-20-thc-frei-schweizer-hanftropfen\/","title":{"rendered":"Gouttes de CBD 20% sans THC \u2013 Gouttes de chanvre suisses"},"content":{"rendered":"<p>Naturelles, biologiques et sans THC<br \/>\nLes gouttes de CBD 20% Bl\u00fctengold sont le choix parfait pour ceux qui connaissent d\u00e9j\u00e0 l&rsquo;utilisation du CBD et en ont fait l&rsquo;exp\u00e9rience. L&rsquo;huile de CBD \u00e0 spectre large sans THC n&rsquo;a pas d&rsquo;effet enivrant et convient particuli\u00e8rement aux personnes tr\u00e8s sensibles au THC ou qui souhaitent s&rsquo;abstenir compl\u00e8tement de l&rsquo;utiliser pour d&rsquo;autres raisons. <\/p>\n<p>Nos plants de chanvre, \u00e0 partir desquels notre distillat de CBD est fabriqu\u00e9, sont cultiv\u00e9s avec soin en Suisse et selon les normes biologiques suisses les plus \u00e9lev\u00e9es. L&rsquo;air frais et un ensoleillement abondant offrent les conditions id\u00e9ales pour la culture de nos plantes, ce qui nous permet de produire des distillats de CBD de la plus haute qualit\u00e9 naturelle. <\/p>\n<p>Avec distillat \u00e0 spectre large<br \/>\nLe distillat de CBD est un extrait de chanvre purifi\u00e9 par distillation, dont le THC a \u00e9t\u00e9 retir\u00e9. Tous les autres cannabino\u00efdes et terp\u00e8nes sont pr\u00e9serv\u00e9s, assurent un spectre de principes actifs synergiques et rendent le produit nettement plus qualitatif que les huiles de CBD fabriqu\u00e9es avec de l&rsquo;isolat de CBD. <\/p>\n","protected":false},"excerpt":{"rendered":"<p><img decoding=\"async\" class=\"alignnone size-full wp-image-4001\" src=\"\/wp-content\/uploads\/2025\/08\/Bluetengold-List-Hack-gruen-1.png\" alt=\"\" width=\"22\" height=\"21\">  issu de chanvre bio suisse cultiv\u00e9 avec soin<br \/>\n<img decoding=\"async\" class=\"alignnone size-full wp-image-4001\" src=\"\/wp-content\/uploads\/2025\/08\/Bluetengold-List-Hack-gruen-1.png\" alt=\"\" width=\"22\" height=\"21\">  extrait naturel \u00e0 large spectre<br \/>\n<img decoding=\"async\" class=\"alignnone size-full wp-image-4001\" src=\"\/wp-content\/uploads\/2025\/08\/Bluetengold-List-Hack-gruen-1.png\" alt=\"\" width=\"22\" height=\"21\">  100&nbsp;% naturel &amp; bio<br \/>\n<img decoding=\"async\" class=\"alignnone size-full wp-image-4001\" src=\"\/wp-content\/uploads\/2025\/08\/Bluetengold-List-Hack-gruen-1.png\" alt=\"\" width=\"22\" height=\"21\">  sans pesticides ni herbicides<br \/>\n<img decoding=\"async\" class=\"alignnone size-full wp-image-4001\" src=\"\/wp-content\/uploads\/2025\/08\/Bluetengold-List-Hack-gruen-1.png\" alt=\"\" width=\"22\" height=\"21\">  sans ingr\u00e9dients synth\u00e9tiques<br \/>\n<img decoding=\"async\" class=\"alignnone size-full wp-image-4001\" src=\"\/wp-content\/uploads\/2025\/08\/Bluetengold-List-Hack-gruen-1.png\" alt=\"\" width=\"22\" height=\"21\">  avec huile MCT bio (base huile de coco)<br \/>\n<img decoding=\"async\" class=\"alignnone size-full wp-image-4001\" src=\"\/wp-content\/uploads\/2025\/08\/Bluetengold-List-Hack-gruen-1.png\" alt=\"\" width=\"22\" height=\"21\">  sans THC<br \/>\n<img decoding=\"async\" class=\"alignnone size-full wp-image-4001\" src=\"\/wp-content\/uploads\/2025\/08\/Bluetengold-List-Hack-gruen-1.png\" alt=\"\" width=\"22\" height=\"21\"> 2 000 mg de CBD avec une teneur de 20 %<\/p>\n<p><img decoding=\"async\" class=\"alignnone wp-image-5018\" src=\"\/wp-content\/uploads\/2025\/10\/Download-Icon.png\" alt=\"\" width=\"30\" height=\"22\" srcset=\"https:\/\/bluetengold.ch\/wp-content\/uploads\/2025\/10\/Download-Icon-200x149.png 200w, https:\/\/bluetengold.ch\/wp-content\/uploads\/2025\/10\/Download-Icon-300x214.png 300w, https:\/\/bluetengold.ch\/wp-content\/uploads\/2025\/10\/Download-Icon.png 360w\" sizes=\"(max-width: 30px) 100vw, 30px\" \/> <a href=\"\/wp-content\/uploads\/2025\/11\/LZ.663.008-01-BIO-CBD-Oel-20-Breitspektrum-Batch-L201025-CAN1.pdf\" target=\"_blank\" rel=\"noopener\">Rapport d&rsquo;analyse<\/a><\/p>\n<p>&nbsp;<\/p>\n","protected":false},"featured_media":6720,"comment_status":"open","ping_status":"closed","template":"","meta":[],"product_brand":[],"product_cat":[204],"product_tag":[],"class_list":{"0":"post-6719","1":"product","2":"type-product","3":"status-publish","4":"has-post-thumbnail","6":"product_cat-cbd-oel-breitspektrum-thc-frei","8":"first","9":"instock","10":"taxable","11":"shipping-taxable","12":"purchasable","13":"product-type-simple"},"yoast_head":"<!-- This site is optimized with the Yoast SEO plugin v27.2 - https:\/\/yoast.com\/product\/yoast-seo-wordpress\/ -->\n<title>Gouttes de CBD 20% sans THC \u2013 Gouttes de chanvre suisses | Bl\u00fctengold<\/title>\n<meta name=\"description\" content=\"D\u00e9couvrez les gouttes de CBD 20 % sans THC de Bl\u00fctengold \u2013 des gouttes de chanvre suisses de haute qualit\u00e9, sans THC. Commandez-les d\u00e8s maintenant dans notre boutique.\" \/>\n<meta name=\"robots\" content=\"index, follow, max-snippet:-1, max-image-preview:large, max-video-preview:-1\" \/>\n<link rel=\"canonical\" href=\"https:\/\/bluetengold.ch\/fr\/produkt\/cbd-tropfen-20-thc-frei-schweizer-hanftropfen\/\" \/>\n<meta property=\"og:locale\" content=\"fr_FR\" \/>\n<meta property=\"og:type\" content=\"article\" \/>\n<meta property=\"og:title\" content=\"Gouttes de CBD 20% sans THC \u2013 Gouttes de chanvre suisses | Bl\u00fctengold\" \/>\n<meta property=\"og:description\" content=\"D\u00e9couvrez les gouttes de CBD 20 % sans THC de Bl\u00fctengold \u2013 des gouttes de chanvre suisses de haute qualit\u00e9, sans THC. Commandez-les d\u00e8s maintenant dans notre boutique.\" \/>\n<meta property=\"og:url\" content=\"https:\/\/bluetengold.ch\/fr\/produkt\/cbd-tropfen-20-thc-frei-schweizer-hanftropfen\/\" \/>\n<meta property=\"og:site_name\" content=\"CBD Produkte Bl\u00fctengold\" \/>\n<meta property=\"article:modified_time\" content=\"2026-04-09T11:29:49+00:00\" \/>\n<meta property=\"og:image\" content=\"https:\/\/bluetengold.ch\/wp-content\/uploads\/2025\/10\/Bluetengold-CBD-Oel-Breitspektrum-20-THC-frei-n.jpg\" \/>\n\t<meta property=\"og:image:width\" content=\"1000\" \/>\n\t<meta property=\"og:image:height\" content=\"1278\" \/>\n\t<meta property=\"og:image:type\" content=\"image\/jpeg\" \/>\n<meta name=\"twitter:card\" content=\"summary_large_image\" \/>\n<meta name=\"twitter:label1\" content=\"Dur\u00e9e de lecture estim\u00e9e\" \/>\n\t<meta name=\"twitter:data1\" content=\"2 minutes\" \/>\n<script type=\"application\/ld+json\" class=\"yoast-schema-graph\">{\"@context\":\"https:\/\/schema.org\",\"@graph\":[{\"@type\":\"WebPage\",\"@id\":\"https:\/\/bluetengold.ch\/fr\/produkt\/cbd-tropfen-20-thc-frei-schweizer-hanftropfen\/\",\"url\":\"https:\/\/bluetengold.ch\/fr\/produkt\/cbd-tropfen-20-thc-frei-schweizer-hanftropfen\/\",\"name\":\"Gouttes de CBD 20% sans THC \u2013 Gouttes de chanvre suisses | Bl\u00fctengold\",\"isPartOf\":{\"@id\":\"https:\/\/bluetengold.ch\/fr\/#website\"},\"primaryImageOfPage\":{\"@id\":\"https:\/\/bluetengold.ch\/fr\/produkt\/cbd-tropfen-20-thc-frei-schweizer-hanftropfen\/#primaryimage\"},\"image\":{\"@id\":\"https:\/\/bluetengold.ch\/fr\/produkt\/cbd-tropfen-20-thc-frei-schweizer-hanftropfen\/#primaryimage\"},\"thumbnailUrl\":\"https:\/\/bluetengold.ch\/wp-content\/uploads\/2025\/10\/Bluetengold-CBD-Oel-Breitspektrum-20-THC-frei-n.jpg\",\"datePublished\":\"2025-10-13T11:30:25+00:00\",\"dateModified\":\"2026-04-09T11:29:49+00:00\",\"description\":\"D\u00e9couvrez les gouttes de CBD 20 % sans THC de Bl\u00fctengold \u2013 des gouttes de chanvre suisses de haute qualit\u00e9, sans THC. Commandez-les d\u00e8s maintenant dans notre boutique.\",\"breadcrumb\":{\"@id\":\"https:\/\/bluetengold.ch\/fr\/produkt\/cbd-tropfen-20-thc-frei-schweizer-hanftropfen\/#breadcrumb\"},\"inLanguage\":\"fr-FR\",\"potentialAction\":[{\"@type\":\"ReadAction\",\"target\":[\"https:\/\/bluetengold.ch\/fr\/produkt\/cbd-tropfen-20-thc-frei-schweizer-hanftropfen\/\"]}]},{\"@type\":\"ImageObject\",\"inLanguage\":\"fr-FR\",\"@id\":\"https:\/\/bluetengold.ch\/fr\/produkt\/cbd-tropfen-20-thc-frei-schweizer-hanftropfen\/#primaryimage\",\"url\":\"https:\/\/bluetengold.ch\/wp-content\/uploads\/2025\/10\/Bluetengold-CBD-Oel-Breitspektrum-20-THC-frei-n.jpg\",\"contentUrl\":\"https:\/\/bluetengold.ch\/wp-content\/uploads\/2025\/10\/Bluetengold-CBD-Oel-Breitspektrum-20-THC-frei-n.jpg\",\"width\":1000,\"height\":1278},{\"@type\":\"BreadcrumbList\",\"@id\":\"https:\/\/bluetengold.ch\/fr\/produkt\/cbd-tropfen-20-thc-frei-schweizer-hanftropfen\/#breadcrumb\",\"itemListElement\":[{\"@type\":\"ListItem\",\"position\":1,\"name\":\"Home\",\"item\":\"https:\/\/bluetengold.ch\/fr\/\"},{\"@type\":\"ListItem\",\"position\":2,\"name\":\"Boutique\",\"item\":\"https:\/\/bluetengold.ch\/fr\/boutique\/\"},{\"@type\":\"ListItem\",\"position\":3,\"name\":\"Gouttes de CBD 20% sans THC \u2013 Gouttes de chanvre suisses\"}]},{\"@type\":\"WebSite\",\"@id\":\"https:\/\/bluetengold.ch\/fr\/#website\",\"url\":\"https:\/\/bluetengold.ch\/fr\/\",\"name\":\"CBD Produkte Bl\u00fctengold\",\"description\":\"Bl\u00fctengold\",\"potentialAction\":[{\"@type\":\"SearchAction\",\"target\":{\"@type\":\"EntryPoint\",\"urlTemplate\":\"https:\/\/bluetengold.ch\/fr\/?s={search_term_string}\"},\"query-input\":{\"@type\":\"PropertyValueSpecification\",\"valueRequired\":true,\"valueName\":\"search_term_string\"}}],\"inLanguage\":\"fr-FR\"}]}<\/script>\n<!-- \/ Yoast SEO plugin. -->","yoast_head_json":{"title":"Gouttes de CBD 20% sans THC \u2013 Gouttes de chanvre suisses | Bl\u00fctengold","description":"D\u00e9couvrez les gouttes de CBD 20 % sans THC de Bl\u00fctengold \u2013 des gouttes de chanvre suisses de haute qualit\u00e9, sans THC. Commandez-les d\u00e8s maintenant dans notre boutique.","robots":{"index":"index","follow":"follow","max-snippet":"max-snippet:-1","max-image-preview":"max-image-preview:large","max-video-preview":"max-video-preview:-1"},"canonical":"https:\/\/bluetengold.ch\/fr\/produkt\/cbd-tropfen-20-thc-frei-schweizer-hanftropfen\/","og_locale":"fr_FR","og_type":"article","og_title":"Gouttes de CBD 20% sans THC \u2013 Gouttes de chanvre suisses | Bl\u00fctengold","og_description":"D\u00e9couvrez les gouttes de CBD 20 % sans THC de Bl\u00fctengold \u2013 des gouttes de chanvre suisses de haute qualit\u00e9, sans THC. Commandez-les d\u00e8s maintenant dans notre boutique.","og_url":"https:\/\/bluetengold.ch\/fr\/produkt\/cbd-tropfen-20-thc-frei-schweizer-hanftropfen\/","og_site_name":"CBD Produkte Bl\u00fctengold","article_modified_time":"2026-04-09T11:29:49+00:00","og_image":[{"width":1000,"height":1278,"url":"https:\/\/bluetengold.ch\/wp-content\/uploads\/2025\/10\/Bluetengold-CBD-Oel-Breitspektrum-20-THC-frei-n.jpg","type":"image\/jpeg"}],"twitter_card":"summary_large_image","twitter_misc":{"Dur\u00e9e de lecture estim\u00e9e":"2 minutes"},"schema":{"@context":"https:\/\/schema.org","@graph":[{"@type":"WebPage","@id":"https:\/\/bluetengold.ch\/fr\/produkt\/cbd-tropfen-20-thc-frei-schweizer-hanftropfen\/","url":"https:\/\/bluetengold.ch\/fr\/produkt\/cbd-tropfen-20-thc-frei-schweizer-hanftropfen\/","name":"Gouttes de CBD 20% sans THC \u2013 Gouttes de chanvre suisses | Bl\u00fctengold","isPartOf":{"@id":"https:\/\/bluetengold.ch\/fr\/#website"},"primaryImageOfPage":{"@id":"https:\/\/bluetengold.ch\/fr\/produkt\/cbd-tropfen-20-thc-frei-schweizer-hanftropfen\/#primaryimage"},"image":{"@id":"https:\/\/bluetengold.ch\/fr\/produkt\/cbd-tropfen-20-thc-frei-schweizer-hanftropfen\/#primaryimage"},"thumbnailUrl":"https:\/\/bluetengold.ch\/wp-content\/uploads\/2025\/10\/Bluetengold-CBD-Oel-Breitspektrum-20-THC-frei-n.jpg","datePublished":"2025-10-13T11:30:25+00:00","dateModified":"2026-04-09T11:29:49+00:00","description":"D\u00e9couvrez les gouttes de CBD 20 % sans THC de Bl\u00fctengold \u2013 des gouttes de chanvre suisses de haute qualit\u00e9, sans THC. Commandez-les d\u00e8s maintenant dans notre boutique.","breadcrumb":{"@id":"https:\/\/bluetengold.ch\/fr\/produkt\/cbd-tropfen-20-thc-frei-schweizer-hanftropfen\/#breadcrumb"},"inLanguage":"fr-FR","potentialAction":[{"@type":"ReadAction","target":["https:\/\/bluetengold.ch\/fr\/produkt\/cbd-tropfen-20-thc-frei-schweizer-hanftropfen\/"]}]},{"@type":"ImageObject","inLanguage":"fr-FR","@id":"https:\/\/bluetengold.ch\/fr\/produkt\/cbd-tropfen-20-thc-frei-schweizer-hanftropfen\/#primaryimage","url":"https:\/\/bluetengold.ch\/wp-content\/uploads\/2025\/10\/Bluetengold-CBD-Oel-Breitspektrum-20-THC-frei-n.jpg","contentUrl":"https:\/\/bluetengold.ch\/wp-content\/uploads\/2025\/10\/Bluetengold-CBD-Oel-Breitspektrum-20-THC-frei-n.jpg","width":1000,"height":1278},{"@type":"BreadcrumbList","@id":"https:\/\/bluetengold.ch\/fr\/produkt\/cbd-tropfen-20-thc-frei-schweizer-hanftropfen\/#breadcrumb","itemListElement":[{"@type":"ListItem","position":1,"name":"Home","item":"https:\/\/bluetengold.ch\/fr\/"},{"@type":"ListItem","position":2,"name":"Boutique","item":"https:\/\/bluetengold.ch\/fr\/boutique\/"},{"@type":"ListItem","position":3,"name":"Gouttes de CBD 20% sans THC \u2013 Gouttes de chanvre suisses"}]},{"@type":"WebSite","@id":"https:\/\/bluetengold.ch\/fr\/#website","url":"https:\/\/bluetengold.ch\/fr\/","name":"CBD Produkte Bl\u00fctengold","description":"Bl\u00fctengold","potentialAction":[{"@type":"SearchAction","target":{"@type":"EntryPoint","urlTemplate":"https:\/\/bluetengold.ch\/fr\/?s={search_term_string}"},"query-input":{"@type":"PropertyValueSpecification","valueRequired":true,"valueName":"search_term_string"}}],"inLanguage":"fr-FR"}]}},"_links":{"self":[{"href":"https:\/\/bluetengold.ch\/fr\/wp-json\/wp\/v2\/product\/6719","targetHints":{"allow":["GET"]}}],"collection":[{"href":"https:\/\/bluetengold.ch\/fr\/wp-json\/wp\/v2\/product"}],"about":[{"href":"https:\/\/bluetengold.ch\/fr\/wp-json\/wp\/v2\/types\/product"}],"replies":[{"embeddable":true,"href":"https:\/\/bluetengold.ch\/fr\/wp-json\/wp\/v2\/comments?post=6719"}],"wp:featuredmedia":[{"embeddable":true,"href":"https:\/\/bluetengold.ch\/fr\/wp-json\/wp\/v2\/media\/6720"}],"wp:attachment":[{"href":"https:\/\/bluetengold.ch\/fr\/wp-json\/wp\/v2\/media?parent=6719"}],"wp:term":[{"taxonomy":"product_brand","embeddable":true,"href":"https:\/\/bluetengold.ch\/fr\/wp-json\/wp\/v2\/product_brand?post=6719"},{"taxonomy":"product_cat","embeddable":true,"href":"https:\/\/bluetengold.ch\/fr\/wp-json\/wp\/v2\/product_cat?post=6719"},{"taxonomy":"product_tag","embeddable":true,"href":"https:\/\/bluetengold.ch\/fr\/wp-json\/wp\/v2\/product_tag?post=6719"}],"curies":[{"name":"wp","href":"https:\/\/api.w.org\/{rel}","templated":true}]}}