{"id":6709,"date":"2025-10-13T13:03:29","date_gmt":"2025-10-13T13:03:29","guid":{"rendered":"https:\/\/bluetengold.ch\/produkt\/cbd-balsam-skin-care\/"},"modified":"2026-04-09T11:18:30","modified_gmt":"2026-04-09T11:18:30","slug":"cbd-balsam-skin-care","status":"publish","type":"product","link":"https:\/\/bluetengold.ch\/fr\/produkt\/cbd-balsam-skin-care\/","title":{"rendered":"Baume CBD Soin de la Peau"},"content":{"rendered":"<p>Ce baume au chanvre est destin\u00e9 au soin des peaux sensibles, s\u00e8ches et irrit\u00e9es. Les huiles v\u00e9g\u00e9tales de chanvre et de cassis prot\u00e8gent et nourrissent. Le phytocomplexe d&rsquo;hamam\u00e9lis, d&rsquo;alo\u00e8s et de cardiospermum apaise et favorise la r\u00e9g\u00e9n\u00e9ration des peaux sollicit\u00e9es. Le CBD agit comme anti-inflammatoire, apaisant et soutient la r\u00e9g\u00e9n\u00e9ration cutan\u00e9e.   <\/p>\n<p>Le baume au chanvre \u00ab Soin de la Peau \u00bb a \u00e9t\u00e9 d\u00e9velopp\u00e9 par le droguiste et contient de l&rsquo;extrait de chanvre de notre propre production.<\/p>\n<p><strong>COMP (INCI)<\/strong><br \/>\nAqua, Aloe Barbadnsis Leaf Juice, Hamamelis Virginia Extrac, Capric\/Caprilic Triglyceride, Cetearyl Alcohol, Ethylhexyl Stearte, Cetearyl Isonanoate, Isoamyl Laurate, Glycerin, Cannabis(Hemp) Seed Oil, Octyldodecanol, Cannabis Sativa leaf Extract, Ribes Nigrum Oil, Helianthus Annuus oil Unsaponifiables, CBD, Cardiospermum, Phantenol, Cetearyl Glucoside, Phenoxyethanol, Tocopherole, Rosmarinus Officinalis Extract, Sodium Steaoryl Glutamate, Parfum(Natural), Sodium Phytate, Ethylhexil Glycrin, Phytosteryl\/ Octyldodecyl Lauroyl Glutamate, Xanthan Gum, Limonene, Linalool<\/p>\n","protected":false},"excerpt":{"rendered":"<p><img decoding=\"async\" class=\"alignnone size-full wp-image-4001\" src=\"\/wp-content\/uploads\/2025\/08\/Bluetengold-List-Hack-gruen-1.png\" alt=\"\" width=\"22\" height=\"21\">  pour le soin de la peau<br \/>\n<img decoding=\"async\" class=\"alignnone size-full wp-image-4001\" src=\"\/wp-content\/uploads\/2025\/08\/Bluetengold-List-Hack-gruen-1.png\" alt=\"\" width=\"22\" height=\"21\"> avec extrait de chanvre bio suisse<br \/>\n<img decoding=\"async\" class=\"alignnone size-full wp-image-4001\" src=\"\/wp-content\/uploads\/2025\/08\/Bluetengold-List-Hack-gruen-1.png\" alt=\"\" width=\"22\" height=\"21\"> avec des ingr\u00e9dients naturels<br \/>\n<img decoding=\"async\" class=\"alignnone size-full wp-image-4001\" src=\"\/wp-content\/uploads\/2025\/08\/Bluetengold-List-Hack-gruen-1.png\" alt=\"\" width=\"22\" height=\"21\"> qualit\u00e9 de droguerie suisse<br \/>\n<img decoding=\"async\" class=\"alignnone size-full wp-image-4001\" src=\"\/wp-content\/uploads\/2025\/08\/Bluetengold-List-Hack-gruen-1.png\" alt=\"\" width=\"22\" height=\"21\"> sans silicones, parab\u00e8nes &amp; parfum<\/p>\n<p><img decoding=\"async\" class=\"alignnone wp-image-5018\" src=\"\/wp-content\/uploads\/2025\/10\/Download-Icon.png\" alt=\"\" width=\"30\" height=\"22\" srcset=\"https:\/\/bluetengold.ch\/wp-content\/uploads\/2025\/10\/Download-Icon-200x149.png 200w, https:\/\/bluetengold.ch\/wp-content\/uploads\/2025\/10\/Download-Icon-300x214.png 300w, https:\/\/bluetengold.ch\/wp-content\/uploads\/2025\/10\/Download-Icon.png 360w\" sizes=\"(max-width: 30px) 100vw, 30px\" \/> <a href=\"\/wp-content\/uploads\/2025\/11\/LZ.663.010-01-CBD-Balsam-Skin-Care-Batch-L811025-CAN1.pdf\" target=\"_blank\" rel=\"noopener\">Rapport d&rsquo;analyse<\/a><\/p>\n<p>&nbsp;<\/p>\n","protected":false},"featured_media":5962,"comment_status":"open","ping_status":"closed","template":"","meta":[],"product_brand":[],"product_cat":[213],"product_tag":[],"class_list":{"0":"post-6709","1":"product","2":"type-product","3":"status-publish","4":"has-post-thumbnail","6":"product_cat-cbd-kosmetik","8":"first","9":"instock","10":"taxable","11":"shipping-taxable","12":"purchasable","13":"product-type-simple"},"yoast_head":"<!-- This site is optimized with the Yoast SEO plugin v27.2 - https:\/\/yoast.com\/product\/yoast-seo-wordpress\/ -->\n<title>Baume CBD Soin de la Peau \u2013 Cosm\u00e9tique CBD | Bl\u00fctengold<\/title>\n<meta name=\"description\" content=\"Baume CBD Soin de la Peau - Ce baume au chanvre est destin\u00e9 au soin des peaux sensibles, s\u00e8ches et irrit\u00e9es. Commandez-le d\u00e8s maintenant dans notre boutique.\" \/>\n<meta name=\"robots\" content=\"index, follow, max-snippet:-1, max-image-preview:large, max-video-preview:-1\" \/>\n<link rel=\"canonical\" href=\"https:\/\/bluetengold.ch\/fr\/produkt\/cbd-balsam-skin-care\/\" \/>\n<meta property=\"og:locale\" content=\"fr_FR\" \/>\n<meta property=\"og:type\" content=\"article\" \/>\n<meta property=\"og:title\" content=\"Baume CBD Soin de la Peau \u2013 Cosm\u00e9tique CBD | Bl\u00fctengold\" \/>\n<meta property=\"og:description\" content=\"Baume CBD Soin de la Peau - Ce baume au chanvre est destin\u00e9 au soin des peaux sensibles, s\u00e8ches et irrit\u00e9es. Commandez-le d\u00e8s maintenant dans notre boutique.\" \/>\n<meta property=\"og:url\" content=\"https:\/\/bluetengold.ch\/fr\/produkt\/cbd-balsam-skin-care\/\" \/>\n<meta property=\"og:site_name\" content=\"CBD Produkte Bl\u00fctengold\" \/>\n<meta property=\"article:modified_time\" content=\"2026-04-09T11:18:30+00:00\" \/>\n<meta property=\"og:image\" content=\"https:\/\/bluetengold.ch\/wp-content\/uploads\/2025\/11\/Bluetengold-Bio-CBD-Kosmetik-Skin-Care-CBD-Balsam.jpg\" \/>\n\t<meta property=\"og:image:width\" content=\"1000\" \/>\n\t<meta property=\"og:image:height\" content=\"1278\" \/>\n\t<meta property=\"og:image:type\" content=\"image\/jpeg\" \/>\n<meta name=\"twitter:card\" content=\"summary_large_image\" \/>\n<meta name=\"twitter:label1\" content=\"Dur\u00e9e de lecture estim\u00e9e\" \/>\n\t<meta name=\"twitter:data1\" content=\"1 minute\" \/>\n<script type=\"application\/ld+json\" class=\"yoast-schema-graph\">{\"@context\":\"https:\/\/schema.org\",\"@graph\":[{\"@type\":\"WebPage\",\"@id\":\"https:\/\/bluetengold.ch\/fr\/produkt\/cbd-balsam-skin-care\/\",\"url\":\"https:\/\/bluetengold.ch\/fr\/produkt\/cbd-balsam-skin-care\/\",\"name\":\"Baume CBD Soin de la Peau \u2013 Cosm\u00e9tique CBD | Bl\u00fctengold\",\"isPartOf\":{\"@id\":\"https:\/\/bluetengold.ch\/fr\/#website\"},\"primaryImageOfPage\":{\"@id\":\"https:\/\/bluetengold.ch\/fr\/produkt\/cbd-balsam-skin-care\/#primaryimage\"},\"image\":{\"@id\":\"https:\/\/bluetengold.ch\/fr\/produkt\/cbd-balsam-skin-care\/#primaryimage\"},\"thumbnailUrl\":\"https:\/\/bluetengold.ch\/wp-content\/uploads\/2025\/11\/Bluetengold-Bio-CBD-Kosmetik-Skin-Care-CBD-Balsam.jpg\",\"datePublished\":\"2025-10-13T13:03:29+00:00\",\"dateModified\":\"2026-04-09T11:18:30+00:00\",\"description\":\"Baume CBD Soin de la Peau - Ce baume au chanvre est destin\u00e9 au soin des peaux sensibles, s\u00e8ches et irrit\u00e9es. Commandez-le d\u00e8s maintenant dans notre boutique.\",\"breadcrumb\":{\"@id\":\"https:\/\/bluetengold.ch\/fr\/produkt\/cbd-balsam-skin-care\/#breadcrumb\"},\"inLanguage\":\"fr-FR\",\"potentialAction\":[{\"@type\":\"ReadAction\",\"target\":[\"https:\/\/bluetengold.ch\/fr\/produkt\/cbd-balsam-skin-care\/\"]}]},{\"@type\":\"ImageObject\",\"inLanguage\":\"fr-FR\",\"@id\":\"https:\/\/bluetengold.ch\/fr\/produkt\/cbd-balsam-skin-care\/#primaryimage\",\"url\":\"https:\/\/bluetengold.ch\/wp-content\/uploads\/2025\/11\/Bluetengold-Bio-CBD-Kosmetik-Skin-Care-CBD-Balsam.jpg\",\"contentUrl\":\"https:\/\/bluetengold.ch\/wp-content\/uploads\/2025\/11\/Bluetengold-Bio-CBD-Kosmetik-Skin-Care-CBD-Balsam.jpg\",\"width\":1000,\"height\":1278},{\"@type\":\"BreadcrumbList\",\"@id\":\"https:\/\/bluetengold.ch\/fr\/produkt\/cbd-balsam-skin-care\/#breadcrumb\",\"itemListElement\":[{\"@type\":\"ListItem\",\"position\":1,\"name\":\"Home\",\"item\":\"https:\/\/bluetengold.ch\/fr\/\"},{\"@type\":\"ListItem\",\"position\":2,\"name\":\"Boutique\",\"item\":\"https:\/\/bluetengold.ch\/fr\/boutique\/\"},{\"@type\":\"ListItem\",\"position\":3,\"name\":\"Baume CBD Soin de la Peau\"}]},{\"@type\":\"WebSite\",\"@id\":\"https:\/\/bluetengold.ch\/fr\/#website\",\"url\":\"https:\/\/bluetengold.ch\/fr\/\",\"name\":\"CBD Produkte Bl\u00fctengold\",\"description\":\"Bl\u00fctengold\",\"potentialAction\":[{\"@type\":\"SearchAction\",\"target\":{\"@type\":\"EntryPoint\",\"urlTemplate\":\"https:\/\/bluetengold.ch\/fr\/?s={search_term_string}\"},\"query-input\":{\"@type\":\"PropertyValueSpecification\",\"valueRequired\":true,\"valueName\":\"search_term_string\"}}],\"inLanguage\":\"fr-FR\"}]}<\/script>\n<!-- \/ Yoast SEO plugin. -->","yoast_head_json":{"title":"Baume CBD Soin de la Peau \u2013 Cosm\u00e9tique CBD | Bl\u00fctengold","description":"Baume CBD Soin de la Peau - Ce baume au chanvre est destin\u00e9 au soin des peaux sensibles, s\u00e8ches et irrit\u00e9es. Commandez-le d\u00e8s maintenant dans notre boutique.","robots":{"index":"index","follow":"follow","max-snippet":"max-snippet:-1","max-image-preview":"max-image-preview:large","max-video-preview":"max-video-preview:-1"},"canonical":"https:\/\/bluetengold.ch\/fr\/produkt\/cbd-balsam-skin-care\/","og_locale":"fr_FR","og_type":"article","og_title":"Baume CBD Soin de la Peau \u2013 Cosm\u00e9tique CBD | Bl\u00fctengold","og_description":"Baume CBD Soin de la Peau - Ce baume au chanvre est destin\u00e9 au soin des peaux sensibles, s\u00e8ches et irrit\u00e9es. Commandez-le d\u00e8s maintenant dans notre boutique.","og_url":"https:\/\/bluetengold.ch\/fr\/produkt\/cbd-balsam-skin-care\/","og_site_name":"CBD Produkte Bl\u00fctengold","article_modified_time":"2026-04-09T11:18:30+00:00","og_image":[{"width":1000,"height":1278,"url":"https:\/\/bluetengold.ch\/wp-content\/uploads\/2025\/11\/Bluetengold-Bio-CBD-Kosmetik-Skin-Care-CBD-Balsam.jpg","type":"image\/jpeg"}],"twitter_card":"summary_large_image","twitter_misc":{"Dur\u00e9e de lecture estim\u00e9e":"1 minute"},"schema":{"@context":"https:\/\/schema.org","@graph":[{"@type":"WebPage","@id":"https:\/\/bluetengold.ch\/fr\/produkt\/cbd-balsam-skin-care\/","url":"https:\/\/bluetengold.ch\/fr\/produkt\/cbd-balsam-skin-care\/","name":"Baume CBD Soin de la Peau \u2013 Cosm\u00e9tique CBD | Bl\u00fctengold","isPartOf":{"@id":"https:\/\/bluetengold.ch\/fr\/#website"},"primaryImageOfPage":{"@id":"https:\/\/bluetengold.ch\/fr\/produkt\/cbd-balsam-skin-care\/#primaryimage"},"image":{"@id":"https:\/\/bluetengold.ch\/fr\/produkt\/cbd-balsam-skin-care\/#primaryimage"},"thumbnailUrl":"https:\/\/bluetengold.ch\/wp-content\/uploads\/2025\/11\/Bluetengold-Bio-CBD-Kosmetik-Skin-Care-CBD-Balsam.jpg","datePublished":"2025-10-13T13:03:29+00:00","dateModified":"2026-04-09T11:18:30+00:00","description":"Baume CBD Soin de la Peau - Ce baume au chanvre est destin\u00e9 au soin des peaux sensibles, s\u00e8ches et irrit\u00e9es. Commandez-le d\u00e8s maintenant dans notre boutique.","breadcrumb":{"@id":"https:\/\/bluetengold.ch\/fr\/produkt\/cbd-balsam-skin-care\/#breadcrumb"},"inLanguage":"fr-FR","potentialAction":[{"@type":"ReadAction","target":["https:\/\/bluetengold.ch\/fr\/produkt\/cbd-balsam-skin-care\/"]}]},{"@type":"ImageObject","inLanguage":"fr-FR","@id":"https:\/\/bluetengold.ch\/fr\/produkt\/cbd-balsam-skin-care\/#primaryimage","url":"https:\/\/bluetengold.ch\/wp-content\/uploads\/2025\/11\/Bluetengold-Bio-CBD-Kosmetik-Skin-Care-CBD-Balsam.jpg","contentUrl":"https:\/\/bluetengold.ch\/wp-content\/uploads\/2025\/11\/Bluetengold-Bio-CBD-Kosmetik-Skin-Care-CBD-Balsam.jpg","width":1000,"height":1278},{"@type":"BreadcrumbList","@id":"https:\/\/bluetengold.ch\/fr\/produkt\/cbd-balsam-skin-care\/#breadcrumb","itemListElement":[{"@type":"ListItem","position":1,"name":"Home","item":"https:\/\/bluetengold.ch\/fr\/"},{"@type":"ListItem","position":2,"name":"Boutique","item":"https:\/\/bluetengold.ch\/fr\/boutique\/"},{"@type":"ListItem","position":3,"name":"Baume CBD Soin de la Peau"}]},{"@type":"WebSite","@id":"https:\/\/bluetengold.ch\/fr\/#website","url":"https:\/\/bluetengold.ch\/fr\/","name":"CBD Produkte Bl\u00fctengold","description":"Bl\u00fctengold","potentialAction":[{"@type":"SearchAction","target":{"@type":"EntryPoint","urlTemplate":"https:\/\/bluetengold.ch\/fr\/?s={search_term_string}"},"query-input":{"@type":"PropertyValueSpecification","valueRequired":true,"valueName":"search_term_string"}}],"inLanguage":"fr-FR"}]}},"_links":{"self":[{"href":"https:\/\/bluetengold.ch\/fr\/wp-json\/wp\/v2\/product\/6709","targetHints":{"allow":["GET"]}}],"collection":[{"href":"https:\/\/bluetengold.ch\/fr\/wp-json\/wp\/v2\/product"}],"about":[{"href":"https:\/\/bluetengold.ch\/fr\/wp-json\/wp\/v2\/types\/product"}],"replies":[{"embeddable":true,"href":"https:\/\/bluetengold.ch\/fr\/wp-json\/wp\/v2\/comments?post=6709"}],"wp:featuredmedia":[{"embeddable":true,"href":"https:\/\/bluetengold.ch\/fr\/wp-json\/wp\/v2\/media\/5962"}],"wp:attachment":[{"href":"https:\/\/bluetengold.ch\/fr\/wp-json\/wp\/v2\/media?parent=6709"}],"wp:term":[{"taxonomy":"product_brand","embeddable":true,"href":"https:\/\/bluetengold.ch\/fr\/wp-json\/wp\/v2\/product_brand?post=6709"},{"taxonomy":"product_cat","embeddable":true,"href":"https:\/\/bluetengold.ch\/fr\/wp-json\/wp\/v2\/product_cat?post=6709"},{"taxonomy":"product_tag","embeddable":true,"href":"https:\/\/bluetengold.ch\/fr\/wp-json\/wp\/v2\/product_tag?post=6709"}],"curies":[{"name":"wp","href":"https:\/\/api.w.org\/{rel}","templated":true}]}}