{"id":6698,"date":"2025-12-02T10:04:58","date_gmt":"2025-12-02T10:04:58","guid":{"rendered":"https:\/\/bluetengold.ch\/produkt\/cbd-tropfen-5-thc-frei-schweizer-hanftropfen\/"},"modified":"2026-04-09T11:05:34","modified_gmt":"2026-04-09T11:05:34","slug":"cbd-tropfen-5-thc-frei-schweizer-hanftropfen","status":"publish","type":"product","link":"https:\/\/bluetengold.ch\/fr\/produkt\/cbd-tropfen-5-thc-frei-schweizer-hanftropfen\/","title":{"rendered":"Gouttes de CBD 5&nbsp;% sans THC \u2013 gouttes de chanvre suisse"},"content":{"rendered":"<p>Naturel, bio &amp; sans THC<br \/>\nLes gouttes de CBD 5&nbsp;% de Bl\u00fctengold sont id\u00e9ales pour d\u00e9couvrir l\u2019univers du CBD en douceur, sans forte intensit\u00e9. Cette huile \u00e0 large spectre sans THC n\u2019a pas d\u2019effet enivrant et convient particuli\u00e8rement aux personnes sensibles au THC ou qui souhaitent tout simplement s\u2019en passer. <\/p>\n<p>Nos plants de chanvre, dont est issu le distillat de CBD, poussent en Suisse selon des directives bio strictes. L\u2019air frais des montagnes et un fort ensoleillement offrent des conditions optimales et permettent d\u2019obtenir un distillat d\u2019une qualit\u00e9 particuli\u00e8rement pure et naturelle. <\/p>\n<p>Avec distillat \u00e0 large spectre<br \/>\nLe distillat de CBD est un extrait de chanvre affin\u00e9 par distillation, dont le THC est totalement \u00e9limin\u00e9. Les autres cannabino\u00efdes et terp\u00e8nes sont pr\u00e9serv\u00e9s et forment un spectre d\u2019actifs harmonieux et synergique. L\u2019huile est ainsi nettement plus qualitative que les produits \u00e0 base de simple isolat de CBD.  <\/p>\n","protected":false},"excerpt":{"rendered":"<p><img decoding=\"async\" class=\"alignnone size-full wp-image-4001\" src=\"\/wp-content\/uploads\/2025\/08\/Bluetengold-List-Hack-gruen-1.png\" alt=\"\" width=\"22\" height=\"21\">  issu de chanvre bio suisse cultiv\u00e9 avec soin<br \/>\n<img decoding=\"async\" class=\"alignnone size-full wp-image-4001\" src=\"\/wp-content\/uploads\/2025\/08\/Bluetengold-List-Hack-gruen-1.png\" alt=\"\" width=\"22\" height=\"21\">  extrait naturel \u00e0 large spectre<br \/>\n<img decoding=\"async\" class=\"alignnone size-full wp-image-4001\" src=\"\/wp-content\/uploads\/2025\/08\/Bluetengold-List-Hack-gruen-1.png\" alt=\"\" width=\"22\" height=\"21\">  100&nbsp;% naturel &amp; bio<br \/>\n<img decoding=\"async\" class=\"alignnone size-full wp-image-4001\" src=\"\/wp-content\/uploads\/2025\/08\/Bluetengold-List-Hack-gruen-1.png\" alt=\"\" width=\"22\" height=\"21\">  sans pesticides ni herbicides<br \/>\n<img decoding=\"async\" class=\"alignnone size-full wp-image-4001\" src=\"\/wp-content\/uploads\/2025\/08\/Bluetengold-List-Hack-gruen-1.png\" alt=\"\" width=\"22\" height=\"21\">  sans ingr\u00e9dients synth\u00e9tiques<br \/>\n<img decoding=\"async\" class=\"alignnone size-full wp-image-4001\" src=\"\/wp-content\/uploads\/2025\/08\/Bluetengold-List-Hack-gruen-1.png\" alt=\"\" width=\"22\" height=\"21\">  avec huile MCT bio (base huile de coco)<br \/>\n<img decoding=\"async\" class=\"alignnone size-full wp-image-4001\" src=\"\/wp-content\/uploads\/2025\/08\/Bluetengold-List-Hack-gruen-1.png\" alt=\"\" width=\"22\" height=\"21\">  sans THC<br \/>\n<img decoding=\"async\" class=\"alignnone size-full wp-image-4001\" src=\"\/wp-content\/uploads\/2025\/08\/Bluetengold-List-Hack-gruen-1.png\" alt=\"\" width=\"22\" height=\"21\">  500&nbsp;mg de CBD avec une teneur de 5&nbsp;%<\/p>\n<p><img decoding=\"async\" class=\"alignnone wp-image-5018\" src=\"\/wp-content\/uploads\/2025\/10\/Download-Icon.png\" alt=\"\" width=\"30\" height=\"22\" srcset=\"https:\/\/bluetengold.ch\/wp-content\/uploads\/2025\/10\/Download-Icon-200x149.png 200w, https:\/\/bluetengold.ch\/wp-content\/uploads\/2025\/10\/Download-Icon-300x214.png 300w, https:\/\/bluetengold.ch\/wp-content\/uploads\/2025\/10\/Download-Icon.png 360w\" sizes=\"(max-width: 30px) 100vw, 30px\" \/> <a href=\"\/wp-content\/uploads\/2025\/11\/LZ.663.006-01-BIO-CBD-Oel-5-Breitspektrum-Batch-L051025-CAN1.pdf\" target=\"_blank\" rel=\"noopener\">Rapport d\u2019analyse<\/a><\/p>\n<p>&nbsp;<\/p>\n","protected":false},"featured_media":6699,"comment_status":"open","ping_status":"closed","template":"","meta":[],"product_brand":[],"product_cat":[204],"product_tag":[],"class_list":{"0":"post-6698","1":"product","2":"type-product","3":"status-publish","4":"has-post-thumbnail","6":"product_cat-cbd-oel-breitspektrum-thc-frei","8":"first","9":"instock","10":"taxable","11":"shipping-taxable","12":"purchasable","13":"product-type-simple"},"yoast_head":"<!-- This site is optimized with the Yoast SEO plugin v27.2 - https:\/\/yoast.com\/product\/yoast-seo-wordpress\/ -->\n<title>Gouttes de CBD 5\u00a0% sans THC \u2013 gouttes de chanvre CH | Bl\u00fctengold<\/title>\n<meta name=\"description\" content=\"D\u00e9couvrez les gouttes de CBD 5\u00a0% sans THC de Bl\u00fctengold \u2013 des gouttes de chanvre suisse haut de gamme, sans THC. Commandez maintenant sur la boutique.\" \/>\n<meta name=\"robots\" content=\"index, follow, max-snippet:-1, max-image-preview:large, max-video-preview:-1\" \/>\n<link rel=\"canonical\" href=\"https:\/\/bluetengold.ch\/fr\/produkt\/cbd-tropfen-5-thc-frei-schweizer-hanftropfen\/\" \/>\n<meta property=\"og:locale\" content=\"fr_FR\" \/>\n<meta property=\"og:type\" content=\"article\" \/>\n<meta property=\"og:title\" content=\"Gouttes de CBD 5\u00a0% sans THC \u2013 gouttes de chanvre CH | Bl\u00fctengold\" \/>\n<meta property=\"og:description\" content=\"D\u00e9couvrez les gouttes de CBD 5\u00a0% sans THC de Bl\u00fctengold \u2013 des gouttes de chanvre suisse haut de gamme, sans THC. Commandez maintenant sur la boutique.\" \/>\n<meta property=\"og:url\" content=\"https:\/\/bluetengold.ch\/fr\/produkt\/cbd-tropfen-5-thc-frei-schweizer-hanftropfen\/\" \/>\n<meta property=\"og:site_name\" content=\"CBD Produkte Bl\u00fctengold\" \/>\n<meta property=\"article:modified_time\" content=\"2026-04-09T11:05:34+00:00\" \/>\n<meta property=\"og:image\" content=\"https:\/\/bluetengold.ch\/wp-content\/uploads\/2025\/11\/Bluetengold-CBD-Oel-Breitspektrum-5-THC-frei.jpg\" \/>\n\t<meta property=\"og:image:width\" content=\"1000\" \/>\n\t<meta property=\"og:image:height\" content=\"1278\" \/>\n\t<meta property=\"og:image:type\" content=\"image\/jpeg\" \/>\n<meta name=\"twitter:card\" content=\"summary_large_image\" \/>\n<meta name=\"twitter:label1\" content=\"Dur\u00e9e de lecture estim\u00e9e\" \/>\n\t<meta name=\"twitter:data1\" content=\"1 minute\" \/>\n<script type=\"application\/ld+json\" class=\"yoast-schema-graph\">{\"@context\":\"https:\/\/schema.org\",\"@graph\":[{\"@type\":\"WebPage\",\"@id\":\"https:\/\/bluetengold.ch\/fr\/produkt\/cbd-tropfen-5-thc-frei-schweizer-hanftropfen\/\",\"url\":\"https:\/\/bluetengold.ch\/fr\/produkt\/cbd-tropfen-5-thc-frei-schweizer-hanftropfen\/\",\"name\":\"Gouttes de CBD 5\u00a0% sans THC \u2013 gouttes de chanvre CH | Bl\u00fctengold\",\"isPartOf\":{\"@id\":\"https:\/\/bluetengold.ch\/fr\/#website\"},\"primaryImageOfPage\":{\"@id\":\"https:\/\/bluetengold.ch\/fr\/produkt\/cbd-tropfen-5-thc-frei-schweizer-hanftropfen\/#primaryimage\"},\"image\":{\"@id\":\"https:\/\/bluetengold.ch\/fr\/produkt\/cbd-tropfen-5-thc-frei-schweizer-hanftropfen\/#primaryimage\"},\"thumbnailUrl\":\"https:\/\/bluetengold.ch\/wp-content\/uploads\/2025\/11\/Bluetengold-CBD-Oel-Breitspektrum-5-THC-frei.jpg\",\"datePublished\":\"2025-12-02T10:04:58+00:00\",\"dateModified\":\"2026-04-09T11:05:34+00:00\",\"description\":\"D\u00e9couvrez les gouttes de CBD 5\u00a0% sans THC de Bl\u00fctengold \u2013 des gouttes de chanvre suisse haut de gamme, sans THC. Commandez maintenant sur la boutique.\",\"breadcrumb\":{\"@id\":\"https:\/\/bluetengold.ch\/fr\/produkt\/cbd-tropfen-5-thc-frei-schweizer-hanftropfen\/#breadcrumb\"},\"inLanguage\":\"fr-FR\",\"potentialAction\":[{\"@type\":\"ReadAction\",\"target\":[\"https:\/\/bluetengold.ch\/fr\/produkt\/cbd-tropfen-5-thc-frei-schweizer-hanftropfen\/\"]}]},{\"@type\":\"ImageObject\",\"inLanguage\":\"fr-FR\",\"@id\":\"https:\/\/bluetengold.ch\/fr\/produkt\/cbd-tropfen-5-thc-frei-schweizer-hanftropfen\/#primaryimage\",\"url\":\"https:\/\/bluetengold.ch\/wp-content\/uploads\/2025\/11\/Bluetengold-CBD-Oel-Breitspektrum-5-THC-frei.jpg\",\"contentUrl\":\"https:\/\/bluetengold.ch\/wp-content\/uploads\/2025\/11\/Bluetengold-CBD-Oel-Breitspektrum-5-THC-frei.jpg\",\"width\":1000,\"height\":1278},{\"@type\":\"BreadcrumbList\",\"@id\":\"https:\/\/bluetengold.ch\/fr\/produkt\/cbd-tropfen-5-thc-frei-schweizer-hanftropfen\/#breadcrumb\",\"itemListElement\":[{\"@type\":\"ListItem\",\"position\":1,\"name\":\"Home\",\"item\":\"https:\/\/bluetengold.ch\/fr\/\"},{\"@type\":\"ListItem\",\"position\":2,\"name\":\"Boutique\",\"item\":\"https:\/\/bluetengold.ch\/fr\/boutique\/\"},{\"@type\":\"ListItem\",\"position\":3,\"name\":\"Gouttes de CBD 5&nbsp;% sans THC \u2013 gouttes de chanvre suisse\"}]},{\"@type\":\"WebSite\",\"@id\":\"https:\/\/bluetengold.ch\/fr\/#website\",\"url\":\"https:\/\/bluetengold.ch\/fr\/\",\"name\":\"CBD Produkte Bl\u00fctengold\",\"description\":\"Bl\u00fctengold\",\"potentialAction\":[{\"@type\":\"SearchAction\",\"target\":{\"@type\":\"EntryPoint\",\"urlTemplate\":\"https:\/\/bluetengold.ch\/fr\/?s={search_term_string}\"},\"query-input\":{\"@type\":\"PropertyValueSpecification\",\"valueRequired\":true,\"valueName\":\"search_term_string\"}}],\"inLanguage\":\"fr-FR\"}]}<\/script>\n<!-- \/ Yoast SEO plugin. -->","yoast_head_json":{"title":"Gouttes de CBD 5\u00a0% sans THC \u2013 gouttes de chanvre CH | Bl\u00fctengold","description":"D\u00e9couvrez les gouttes de CBD 5\u00a0% sans THC de Bl\u00fctengold \u2013 des gouttes de chanvre suisse haut de gamme, sans THC. Commandez maintenant sur la boutique.","robots":{"index":"index","follow":"follow","max-snippet":"max-snippet:-1","max-image-preview":"max-image-preview:large","max-video-preview":"max-video-preview:-1"},"canonical":"https:\/\/bluetengold.ch\/fr\/produkt\/cbd-tropfen-5-thc-frei-schweizer-hanftropfen\/","og_locale":"fr_FR","og_type":"article","og_title":"Gouttes de CBD 5\u00a0% sans THC \u2013 gouttes de chanvre CH | Bl\u00fctengold","og_description":"D\u00e9couvrez les gouttes de CBD 5\u00a0% sans THC de Bl\u00fctengold \u2013 des gouttes de chanvre suisse haut de gamme, sans THC. Commandez maintenant sur la boutique.","og_url":"https:\/\/bluetengold.ch\/fr\/produkt\/cbd-tropfen-5-thc-frei-schweizer-hanftropfen\/","og_site_name":"CBD Produkte Bl\u00fctengold","article_modified_time":"2026-04-09T11:05:34+00:00","og_image":[{"width":1000,"height":1278,"url":"https:\/\/bluetengold.ch\/wp-content\/uploads\/2025\/11\/Bluetengold-CBD-Oel-Breitspektrum-5-THC-frei.jpg","type":"image\/jpeg"}],"twitter_card":"summary_large_image","twitter_misc":{"Dur\u00e9e de lecture estim\u00e9e":"1 minute"},"schema":{"@context":"https:\/\/schema.org","@graph":[{"@type":"WebPage","@id":"https:\/\/bluetengold.ch\/fr\/produkt\/cbd-tropfen-5-thc-frei-schweizer-hanftropfen\/","url":"https:\/\/bluetengold.ch\/fr\/produkt\/cbd-tropfen-5-thc-frei-schweizer-hanftropfen\/","name":"Gouttes de CBD 5\u00a0% sans THC \u2013 gouttes de chanvre CH | Bl\u00fctengold","isPartOf":{"@id":"https:\/\/bluetengold.ch\/fr\/#website"},"primaryImageOfPage":{"@id":"https:\/\/bluetengold.ch\/fr\/produkt\/cbd-tropfen-5-thc-frei-schweizer-hanftropfen\/#primaryimage"},"image":{"@id":"https:\/\/bluetengold.ch\/fr\/produkt\/cbd-tropfen-5-thc-frei-schweizer-hanftropfen\/#primaryimage"},"thumbnailUrl":"https:\/\/bluetengold.ch\/wp-content\/uploads\/2025\/11\/Bluetengold-CBD-Oel-Breitspektrum-5-THC-frei.jpg","datePublished":"2025-12-02T10:04:58+00:00","dateModified":"2026-04-09T11:05:34+00:00","description":"D\u00e9couvrez les gouttes de CBD 5\u00a0% sans THC de Bl\u00fctengold \u2013 des gouttes de chanvre suisse haut de gamme, sans THC. Commandez maintenant sur la boutique.","breadcrumb":{"@id":"https:\/\/bluetengold.ch\/fr\/produkt\/cbd-tropfen-5-thc-frei-schweizer-hanftropfen\/#breadcrumb"},"inLanguage":"fr-FR","potentialAction":[{"@type":"ReadAction","target":["https:\/\/bluetengold.ch\/fr\/produkt\/cbd-tropfen-5-thc-frei-schweizer-hanftropfen\/"]}]},{"@type":"ImageObject","inLanguage":"fr-FR","@id":"https:\/\/bluetengold.ch\/fr\/produkt\/cbd-tropfen-5-thc-frei-schweizer-hanftropfen\/#primaryimage","url":"https:\/\/bluetengold.ch\/wp-content\/uploads\/2025\/11\/Bluetengold-CBD-Oel-Breitspektrum-5-THC-frei.jpg","contentUrl":"https:\/\/bluetengold.ch\/wp-content\/uploads\/2025\/11\/Bluetengold-CBD-Oel-Breitspektrum-5-THC-frei.jpg","width":1000,"height":1278},{"@type":"BreadcrumbList","@id":"https:\/\/bluetengold.ch\/fr\/produkt\/cbd-tropfen-5-thc-frei-schweizer-hanftropfen\/#breadcrumb","itemListElement":[{"@type":"ListItem","position":1,"name":"Home","item":"https:\/\/bluetengold.ch\/fr\/"},{"@type":"ListItem","position":2,"name":"Boutique","item":"https:\/\/bluetengold.ch\/fr\/boutique\/"},{"@type":"ListItem","position":3,"name":"Gouttes de CBD 5&nbsp;% sans THC \u2013 gouttes de chanvre suisse"}]},{"@type":"WebSite","@id":"https:\/\/bluetengold.ch\/fr\/#website","url":"https:\/\/bluetengold.ch\/fr\/","name":"CBD Produkte Bl\u00fctengold","description":"Bl\u00fctengold","potentialAction":[{"@type":"SearchAction","target":{"@type":"EntryPoint","urlTemplate":"https:\/\/bluetengold.ch\/fr\/?s={search_term_string}"},"query-input":{"@type":"PropertyValueSpecification","valueRequired":true,"valueName":"search_term_string"}}],"inLanguage":"fr-FR"}]}},"_links":{"self":[{"href":"https:\/\/bluetengold.ch\/fr\/wp-json\/wp\/v2\/product\/6698","targetHints":{"allow":["GET"]}}],"collection":[{"href":"https:\/\/bluetengold.ch\/fr\/wp-json\/wp\/v2\/product"}],"about":[{"href":"https:\/\/bluetengold.ch\/fr\/wp-json\/wp\/v2\/types\/product"}],"replies":[{"embeddable":true,"href":"https:\/\/bluetengold.ch\/fr\/wp-json\/wp\/v2\/comments?post=6698"}],"wp:featuredmedia":[{"embeddable":true,"href":"https:\/\/bluetengold.ch\/fr\/wp-json\/wp\/v2\/media\/6699"}],"wp:attachment":[{"href":"https:\/\/bluetengold.ch\/fr\/wp-json\/wp\/v2\/media?parent=6698"}],"wp:term":[{"taxonomy":"product_brand","embeddable":true,"href":"https:\/\/bluetengold.ch\/fr\/wp-json\/wp\/v2\/product_brand?post=6698"},{"taxonomy":"product_cat","embeddable":true,"href":"https:\/\/bluetengold.ch\/fr\/wp-json\/wp\/v2\/product_cat?post=6698"},{"taxonomy":"product_tag","embeddable":true,"href":"https:\/\/bluetengold.ch\/fr\/wp-json\/wp\/v2\/product_tag?post=6698"}],"curies":[{"name":"wp","href":"https:\/\/api.w.org\/{rel}","templated":true}]}}