{"id":6242,"date":"2026-01-21T14:44:36","date_gmt":"2026-01-21T14:44:36","guid":{"rendered":"https:\/\/bluetengold.ch\/impressum-bluetengold-gmbh\/"},"modified":"2026-04-02T12:51:51","modified_gmt":"2026-04-02T12:51:51","slug":"impressum-bluetengold-gmbh","status":"publish","type":"page","link":"https:\/\/bluetengold.ch\/fr\/impressum-bluetengold-gmbh\/","title":{"rendered":"Mentions l\u00e9gales"},"content":{"rendered":"<div class=\"fusion-fullwidth fullwidth-box fusion-builder-row-1 fusion-flex-container has-pattern-background has-mask-background nonhundred-percent-fullwidth non-hundred-percent-height-scrolling\" style=\"--awb-border-radius-top-left:0px;--awb-border-radius-top-right:0px;--awb-border-radius-bottom-right:0px;--awb-border-radius-bottom-left:0px;--awb-padding-right:60px;--awb-padding-left:60px;--awb-padding-right-small:30px;--awb-padding-left-small:30px;--awb-flex-wrap:wrap;\" ><div class=\"fusion-builder-row fusion-row fusion-flex-align-items-flex-start fusion-flex-content-wrap\" style=\"max-width:1248px;margin-left: calc(-4% \/ 2 );margin-right: calc(-4% \/ 2 );\"><div class=\"fusion-layout-column fusion_builder_column fusion-builder-column-0 fusion_builder_column_1_1 1_1 fusion-flex-column\" style=\"--awb-bg-size:cover;--awb-width-large:100%;--awb-margin-top-large:0px;--awb-spacing-right-large:1.92%;--awb-margin-bottom-large:0px;--awb-spacing-left-large:1.92%;--awb-width-medium:100%;--awb-order-medium:0;--awb-spacing-right-medium:1.92%;--awb-spacing-left-medium:1.92%;--awb-width-small:100%;--awb-order-small:0;--awb-spacing-right-small:1.92%;--awb-spacing-left-small:1.92%;\"><div class=\"fusion-column-wrapper fusion-column-has-shadow fusion-flex-justify-content-flex-start fusion-content-layout-column\"><div class=\"fusion-title title fusion-title-1 fusion-no-small-visibility fusion-sep-none fusion-title-text fusion-title-size-one\" style=\"--awb-margin-top-small:10px;--awb-margin-right-small:0px;--awb-margin-bottom-small:10px;--awb-margin-left-small:0px;--awb-font-size:42px;\"><h1 class=\"fusion-title-heading title-heading-left\" style=\"margin:0;font-size:1em;\">Mentions l\u00e9gales Bl\u00fctengold<\/h1><\/div><div class=\"fusion-title title fusion-title-2 fusion-no-medium-visibility fusion-no-large-visibility fusion-sep-none fusion-title-text fusion-title-size-one\" style=\"--awb-margin-top-small:10px;--awb-margin-right-small:0px;--awb-margin-bottom-small:10px;--awb-margin-left-small:0px;--awb-font-size:35px;\"><h1 class=\"fusion-title-heading title-heading-left\" style=\"margin:0;font-size:1em;\">Mentions l\u00e9gales Bl\u00fctengold<\/h1><\/div><div class=\"fusion-title title fusion-title-3 fusion-sep-none fusion-title-text fusion-title-size-four\" style=\"--awb-margin-top-small:10px;--awb-margin-right-small:0px;--awb-margin-bottom-small:10px;--awb-margin-left-small:0px;\"><h4 class=\"fusion-title-heading title-heading-left\" style=\"margin:0;\">Informations conformes au droit suisse<\/h4><\/div><div class=\"fusion-text fusion-text-1\"><p>Bl\u00fctengold GmbH<br \/>\nAltelsweg 93661 Uetendorf<br \/>\nSuisse<br \/>\nT\u00e9l\u00e9phone : +41 79 576 95 84<br \/>\nE-mail : <a href=\"mailto:info@bluetengold.ch\">info@bluetengold.ch<\/a><br \/>\nSite web : www.bluetengold.ch<\/p>\n<\/div><div class=\"fusion-title title fusion-title-4 fusion-sep-none fusion-title-text fusion-title-size-four\" style=\"--awb-margin-top-small:10px;--awb-margin-right-small:0px;--awb-margin-bottom-small:10px;--awb-margin-left-small:0px;\"><h4 class=\"fusion-title-heading title-heading-left\" style=\"margin:0;\">Succursale en Allemagne<\/h4><\/div><div class=\"fusion-text fusion-text-2\"><p>Bl\u00fctengold GmbH<br \/>\nHauptstrasse 13<br \/>\n78239 Rielasingen-Worblingen<br \/>\nAllemagne<\/p>\n<\/div><div class=\"fusion-title title fusion-title-5 fusion-sep-none fusion-title-text fusion-title-size-four\" style=\"--awb-margin-top-small:10px;--awb-margin-right-small:0px;--awb-margin-bottom-small:10px;--awb-margin-left-small:0px;\"><h4 class=\"fusion-title-heading title-heading-left\" style=\"margin:0;\">Personne autoris\u00e9e \u00e0 repr\u00e9senter la soci\u00e9t\u00e9<\/h4><\/div><div class=\"fusion-text fusion-text-3\"><p>Direction :<br \/>\nRoman Portmann<\/p>\n<\/div><div class=\"fusion-title title fusion-title-6 fusion-sep-none fusion-title-text fusion-title-size-four\" style=\"--awb-margin-top-small:10px;--awb-margin-right-small:0px;--awb-margin-bottom-small:10px;--awb-margin-left-small:0px;\"><h4 class=\"fusion-title-heading title-heading-left\" style=\"margin:0;\">Registre du commerce<\/h4><\/div><div class=\"fusion-text fusion-text-4\"><p>Inscrite au registre du commerce du canton de Berne<br \/>\nNum\u00e9ro d\u2019entreprise (IDE) : CHE-378.283.245<\/p>\n<\/div><div class=\"fusion-title title fusion-title-7 fusion-sep-none fusion-title-text fusion-title-size-four\" style=\"--awb-margin-top-small:10px;--awb-margin-right-small:0px;--awb-margin-bottom-small:10px;--awb-margin-left-small:0px;\"><h4 class=\"fusion-title-heading title-heading-left\" style=\"margin:0;\">Taxe sur la valeur ajout\u00e9e<\/h4><\/div><div class=\"fusion-text fusion-text-5\"><p>Num\u00e9ro d\u2019identification TVA :<br \/>\nSuisse : CHE-XXX.XXX.XXX MWST<br \/>\nUE (si disponible) : DEXXXXXXXXX<\/p>\n<\/div><div class=\"fusion-title title fusion-title-8 fusion-sep-none fusion-title-text fusion-title-size-four\" style=\"--awb-margin-top-small:10px;--awb-margin-right-small:0px;--awb-margin-bottom-small:10px;--awb-margin-left-small:0px;\"><h4 class=\"fusion-title-heading title-heading-left\" style=\"margin:0;\">Responsable du contenu<\/h4><\/div><div class=\"fusion-text fusion-text-6\"><p>Bl\u00fctengold GmbH<br \/>\nAltelsweg 93661<br \/>\nUetendorf<br \/>\nSuisse<\/p>\n<\/div><div class=\"fusion-title title fusion-title-9 fusion-sep-none fusion-title-text fusion-title-size-four\" style=\"--awb-margin-top-small:10px;--awb-margin-right-small:0px;--awb-margin-bottom-small:10px;--awb-margin-left-small:0px;\"><h4 class=\"fusion-title-heading title-heading-left\" style=\"margin:0;\">Exclusion de responsabilit\u00e9<\/h4><\/div><div class=\"fusion-text fusion-text-7\"><p>Le contenu de ce site web est \u00e9labor\u00e9 avec le plus grand soin. Nous ne pouvons toutefois pas garantir l\u2019exactitude, l\u2019exhaustivit\u00e9 et l\u2019actualit\u00e9 des contenus. <\/p>\n<p>En tant que prestataire de services, nous sommes responsables de nos propres contenus sur ces pages conform\u00e9ment aux dispositions l\u00e9gales applicables. Nous ne sommes toutefois pas tenus de surveiller les informations tierces transmises ou enregistr\u00e9es, ni de rechercher des circonstances indiquant une activit\u00e9 ill\u00e9gale.<\/p>\n<\/div><div class=\"fusion-title title fusion-title-10 fusion-sep-none fusion-title-text fusion-title-size-four\" style=\"--awb-margin-top-small:10px;--awb-margin-right-small:0px;--awb-margin-bottom-small:10px;--awb-margin-left-small:0px;\"><h4 class=\"fusion-title-heading title-heading-left\" style=\"margin:0;\">Responsabilit\u00e9 pour les liens<\/h4><\/div><div class=\"fusion-text fusion-text-8\"><p>Ce site web contient des liens vers des sites web externes de tiers, sur le contenu desquels nous n\u2019avons aucune influence. Par cons\u00e9quent, nous ne pouvons assumer aucune garantie pour ces contenus tiers. Le fournisseur ou l\u2019exploitant respectif des pages li\u00e9es est toujours responsable de leur contenu.<\/p>\n<\/div><div class=\"fusion-title title fusion-title-11 fusion-sep-none fusion-title-text fusion-title-size-four\" style=\"--awb-margin-top-small:10px;--awb-margin-right-small:0px;--awb-margin-bottom-small:10px;--awb-margin-left-small:0px;\"><h4 class=\"fusion-title-heading title-heading-left\" style=\"margin:0;\">Droits d\u2019auteur<\/h4><\/div><div class=\"fusion-text fusion-text-9\"><p>Les contenus et \u0153uvres cr\u00e9\u00e9s par les exploitants du site sur ce site web sont soumis au droit d\u2019auteur suisse. Les contributions de tiers sont signal\u00e9es comme telles. La reproduction, la modification, la diffusion et tout type d\u2019exploitation en dehors des limites du droit d\u2019auteur n\u00e9cessitent l\u2019accord \u00e9crit de l\u2019auteur ou du cr\u00e9ateur respectif.<\/p>\n<\/div><div class=\"fusion-title title fusion-title-12 fusion-sep-none fusion-title-text fusion-title-size-four\" style=\"--awb-margin-top-small:10px;--awb-margin-right-small:0px;--awb-margin-bottom-small:10px;--awb-margin-left-small:0px;\"><h4 class=\"fusion-title-heading title-heading-left\" style=\"margin:0;\">Droit applicable<\/h4><\/div><div class=\"fusion-text fusion-text-10\"><p>Le droit suisse est applicable. Le for juridique est, dans la mesure o\u00f9 la loi le permet, le si\u00e8ge de Bl\u00fctengold GmbH.<\/p>\n<\/div><\/div><\/div><\/div><\/div>\n","protected":false},"excerpt":{"rendered":"","protected":false},"author":1,"featured_media":0,"parent":0,"menu_order":0,"comment_status":"closed","ping_status":"closed","template":"100-width.php","meta":{"footnotes":""},"class_list":["post-6242","page","type-page","status-publish","hentry"],"yoast_head":"<!-- This site is optimized with the Yoast SEO plugin v27.4 - https:\/\/yoast.com\/product\/yoast-seo-wordpress\/ -->\n<title>Mentions l\u00e9gales - CBD Produkte Bl\u00fctengold<\/title>\n<meta name=\"description\" content=\"Mentions l\u00e9gales de Bl\u00fctengold GmbH avec des informations conformes au droit suisse et aux directives de l\u2019UE.\" \/>\n<meta name=\"robots\" content=\"index, follow, max-snippet:-1, max-image-preview:large, max-video-preview:-1\" \/>\n<link rel=\"canonical\" href=\"https:\/\/bluetengold.ch\/fr\/impressum-bluetengold-gmbh\/\" \/>\n<meta property=\"og:locale\" content=\"fr_FR\" \/>\n<meta property=\"og:type\" content=\"article\" \/>\n<meta property=\"og:title\" content=\"Mentions l\u00e9gales - CBD Produkte Bl\u00fctengold\" \/>\n<meta property=\"og:description\" content=\"Mentions l\u00e9gales de Bl\u00fctengold GmbH avec des informations conformes au droit suisse et aux directives de l\u2019UE.\" \/>\n<meta property=\"og:url\" content=\"https:\/\/bluetengold.ch\/fr\/impressum-bluetengold-gmbh\/\" \/>\n<meta property=\"og:site_name\" content=\"CBD Produkte Bl\u00fctengold\" \/>\n<meta property=\"article:modified_time\" content=\"2026-04-02T12:51:51+00:00\" \/>\n<meta name=\"twitter:card\" content=\"summary_large_image\" \/>\n<meta name=\"twitter:label1\" content=\"Dur\u00e9e de lecture estim\u00e9e\" \/>\n\t<meta name=\"twitter:data1\" content=\"2 minutes\" \/>\n<script type=\"application\/ld+json\" class=\"yoast-schema-graph\">{\"@context\":\"https:\\\/\\\/schema.org\",\"@graph\":[{\"@type\":\"WebPage\",\"@id\":\"https:\\\/\\\/bluetengold.ch\\\/fr\\\/impressum-bluetengold-gmbh\\\/\",\"url\":\"https:\\\/\\\/bluetengold.ch\\\/fr\\\/impressum-bluetengold-gmbh\\\/\",\"name\":\"Mentions l\u00e9gales - CBD Produkte Bl\u00fctengold\",\"isPartOf\":{\"@id\":\"https:\\\/\\\/bluetengold.ch\\\/fr\\\/#website\"},\"datePublished\":\"2026-01-21T14:44:36+00:00\",\"dateModified\":\"2026-04-02T12:51:51+00:00\",\"description\":\"Mentions l\u00e9gales de Bl\u00fctengold GmbH avec des informations conformes au droit suisse et aux directives de l\u2019UE.\",\"breadcrumb\":{\"@id\":\"https:\\\/\\\/bluetengold.ch\\\/fr\\\/impressum-bluetengold-gmbh\\\/#breadcrumb\"},\"inLanguage\":\"fr-FR\",\"potentialAction\":[{\"@type\":\"ReadAction\",\"target\":[\"https:\\\/\\\/bluetengold.ch\\\/fr\\\/impressum-bluetengold-gmbh\\\/\"]}]},{\"@type\":\"BreadcrumbList\",\"@id\":\"https:\\\/\\\/bluetengold.ch\\\/fr\\\/impressum-bluetengold-gmbh\\\/#breadcrumb\",\"itemListElement\":[{\"@type\":\"ListItem\",\"position\":1,\"name\":\"Home\",\"item\":\"https:\\\/\\\/bluetengold.ch\\\/fr\\\/\"},{\"@type\":\"ListItem\",\"position\":2,\"name\":\"Mentions l\u00e9gales\"}]},{\"@type\":\"WebSite\",\"@id\":\"https:\\\/\\\/bluetengold.ch\\\/fr\\\/#website\",\"url\":\"https:\\\/\\\/bluetengold.ch\\\/fr\\\/\",\"name\":\"CBD Produkte Bl\u00fctengold\",\"description\":\"Bl\u00fctengold\",\"potentialAction\":[{\"@type\":\"SearchAction\",\"target\":{\"@type\":\"EntryPoint\",\"urlTemplate\":\"https:\\\/\\\/bluetengold.ch\\\/fr\\\/?s={search_term_string}\"},\"query-input\":{\"@type\":\"PropertyValueSpecification\",\"valueRequired\":true,\"valueName\":\"search_term_string\"}}],\"inLanguage\":\"fr-FR\"}]}<\/script>\n<!-- \/ Yoast SEO plugin. -->","yoast_head_json":{"title":"Mentions l\u00e9gales - CBD Produkte Bl\u00fctengold","description":"Mentions l\u00e9gales de Bl\u00fctengold GmbH avec des informations conformes au droit suisse et aux directives de l\u2019UE.","robots":{"index":"index","follow":"follow","max-snippet":"max-snippet:-1","max-image-preview":"max-image-preview:large","max-video-preview":"max-video-preview:-1"},"canonical":"https:\/\/bluetengold.ch\/fr\/impressum-bluetengold-gmbh\/","og_locale":"fr_FR","og_type":"article","og_title":"Mentions l\u00e9gales - CBD Produkte Bl\u00fctengold","og_description":"Mentions l\u00e9gales de Bl\u00fctengold GmbH avec des informations conformes au droit suisse et aux directives de l\u2019UE.","og_url":"https:\/\/bluetengold.ch\/fr\/impressum-bluetengold-gmbh\/","og_site_name":"CBD Produkte Bl\u00fctengold","article_modified_time":"2026-04-02T12:51:51+00:00","twitter_card":"summary_large_image","twitter_misc":{"Dur\u00e9e de lecture estim\u00e9e":"2 minutes"},"schema":{"@context":"https:\/\/schema.org","@graph":[{"@type":"WebPage","@id":"https:\/\/bluetengold.ch\/fr\/impressum-bluetengold-gmbh\/","url":"https:\/\/bluetengold.ch\/fr\/impressum-bluetengold-gmbh\/","name":"Mentions l\u00e9gales - CBD Produkte Bl\u00fctengold","isPartOf":{"@id":"https:\/\/bluetengold.ch\/fr\/#website"},"datePublished":"2026-01-21T14:44:36+00:00","dateModified":"2026-04-02T12:51:51+00:00","description":"Mentions l\u00e9gales de Bl\u00fctengold GmbH avec des informations conformes au droit suisse et aux directives de l\u2019UE.","breadcrumb":{"@id":"https:\/\/bluetengold.ch\/fr\/impressum-bluetengold-gmbh\/#breadcrumb"},"inLanguage":"fr-FR","potentialAction":[{"@type":"ReadAction","target":["https:\/\/bluetengold.ch\/fr\/impressum-bluetengold-gmbh\/"]}]},{"@type":"BreadcrumbList","@id":"https:\/\/bluetengold.ch\/fr\/impressum-bluetengold-gmbh\/#breadcrumb","itemListElement":[{"@type":"ListItem","position":1,"name":"Home","item":"https:\/\/bluetengold.ch\/fr\/"},{"@type":"ListItem","position":2,"name":"Mentions l\u00e9gales"}]},{"@type":"WebSite","@id":"https:\/\/bluetengold.ch\/fr\/#website","url":"https:\/\/bluetengold.ch\/fr\/","name":"CBD Produkte Bl\u00fctengold","description":"Bl\u00fctengold","potentialAction":[{"@type":"SearchAction","target":{"@type":"EntryPoint","urlTemplate":"https:\/\/bluetengold.ch\/fr\/?s={search_term_string}"},"query-input":{"@type":"PropertyValueSpecification","valueRequired":true,"valueName":"search_term_string"}}],"inLanguage":"fr-FR"}]}},"_links":{"self":[{"href":"https:\/\/bluetengold.ch\/fr\/wp-json\/wp\/v2\/pages\/6242","targetHints":{"allow":["GET"]}}],"collection":[{"href":"https:\/\/bluetengold.ch\/fr\/wp-json\/wp\/v2\/pages"}],"about":[{"href":"https:\/\/bluetengold.ch\/fr\/wp-json\/wp\/v2\/types\/page"}],"author":[{"embeddable":true,"href":"https:\/\/bluetengold.ch\/fr\/wp-json\/wp\/v2\/users\/1"}],"replies":[{"embeddable":true,"href":"https:\/\/bluetengold.ch\/fr\/wp-json\/wp\/v2\/comments?post=6242"}],"version-history":[{"count":5,"href":"https:\/\/bluetengold.ch\/fr\/wp-json\/wp\/v2\/pages\/6242\/revisions"}],"predecessor-version":[{"id":6252,"href":"https:\/\/bluetengold.ch\/fr\/wp-json\/wp\/v2\/pages\/6242\/revisions\/6252"}],"wp:attachment":[{"href":"https:\/\/bluetengold.ch\/fr\/wp-json\/wp\/v2\/media?parent=6242"}],"curies":[{"name":"wp","href":"https:\/\/api.w.org\/{rel}","templated":true}]}}