{"id":5193,"date":"2026-01-06T15:13:24","date_gmt":"2026-01-06T15:13:24","guid":{"rendered":"https:\/\/entbluetengold.windwork-entwicklung.ch\/droit-de-retractation-ue\/"},"modified":"2026-01-07T14:42:05","modified_gmt":"2026-01-07T14:42:05","slug":"droit-de-retractation-ue","status":"publish","type":"page","link":"https:\/\/bluetengold.ch\/fr\/droit-de-retractation-ue\/","title":{"rendered":"Droit de r\u00e9tractation (UE)"},"content":{"rendered":"<p><div class=\"fusion-fullwidth fullwidth-box fusion-builder-row-1 fusion-flex-container has-pattern-background has-mask-background hundred-percent-fullwidth non-hundred-percent-height-scrolling fusion-animated fusion-custom-z-index\" style=\"--awb-border-radius-top-left:0px;--awb-border-radius-top-right:0px;--awb-border-radius-bottom-right:0px;--awb-border-radius-bottom-left:0px;--awb-z-index:1;--awb-padding-top:40px;--awb-padding-right:60px;--awb-padding-bottom:40px;--awb-padding-left:60px;--awb-flex-wrap:wrap;\" data-animationType=\"fadeInUp\" data-animationDuration=\"1.3\" data-animationOffset=\"top-into-view\" ><div class=\"fusion-builder-row fusion-row fusion-flex-align-items-flex-start fusion-flex-content-wrap\" style=\"width:calc( 100% + 0px ) !important;max-width:calc( 100% + 0px ) !important;margin-left: calc(-0px \/ 2 );margin-right: calc(-0px \/ 2 );\"><div class=\"fusion-layout-column fusion_builder_column fusion-builder-column-0 fusion_builder_column_1_2 1_2 fusion-flex-column fusion-flex-align-self-stretch\" style=\"--awb-padding-top:32px;--awb-padding-right:64px;--awb-padding-bottom:32px;--awb-padding-left:64px;--awb-padding-top-small:56px;--awb-padding-right-small:24px;--awb-padding-bottom-small:56px;--awb-padding-left-small:24px;--awb-overflow:hidden;--awb-bg-color:var(--awb-color5);--awb-bg-color-hover:var(--awb-color5);--awb-bg-size:cover;--awb-border-radius:8px 0px 0px 8px;--awb-width-large:50%;--awb-margin-top-large:0px;--awb-spacing-right-large:0px;--awb-margin-bottom-large:0px;--awb-spacing-left-large:0px;--awb-width-medium:50%;--awb-order-medium:0;--awb-spacing-right-medium:0px;--awb-spacing-left-medium:0px;--awb-width-small:100%;--awb-order-small:0;--awb-spacing-right-small:0px;--awb-spacing-left-small:0px;\" data-scroll-devices=\"small-visibility,medium-visibility,large-visibility\"><div class=\"fusion-column-wrapper lazyload fusion-column-has-shadow fusion-flex-justify-content-center fusion-content-layout-column fusion-column-has-bg-image\" data-bg-url=\"https:\/\/bluetengold.ch\/wp-content\/uploads\/2024\/01\/section-bg-3.png\" data-bg=\"https:\/\/bluetengold.ch\/wp-content\/uploads\/2024\/01\/section-bg-3.png\"><div class=\"fusion-title title fusion-title-1 fusion-sep-none fusion-title-text fusion-title-size-one\" style=\"--awb-text-color:var(--awb-color1);--awb-margin-top-small:10px;--awb-margin-right-small:0px;--awb-margin-bottom-small:10px;--awb-margin-left-small:0px;\"><h1 class=\"fusion-title-heading title-heading-left\" style=\"margin:0;\">Widerrufsrecht<\/h1><\/div><\/div><\/div><div class=\"fusion-layout-column fusion_builder_column fusion-builder-column-1 fusion_builder_column_1_2 1_2 fusion-flex-column fusion-flex-align-self-stretch\" style=\"--awb-padding-top:32px;--awb-padding-right:64px;--awb-padding-bottom:32px;--awb-padding-left:64px;--awb-padding-top-small:56px;--awb-padding-right-small:24px;--awb-padding-bottom-small:56px;--awb-padding-left-small:24px;--awb-overflow:hidden;--awb-bg-color:var(--awb-color5);--awb-bg-color-hover:var(--awb-color5);--awb-bg-size:cover;--awb-border-radius:0px 8px 8px 0px;--awb-width-large:50%;--awb-margin-top-large:0px;--awb-spacing-right-large:0px;--awb-margin-bottom-large:0px;--awb-spacing-left-large:0px;--awb-width-medium:50%;--awb-order-medium:0;--awb-spacing-right-medium:0px;--awb-spacing-left-medium:0px;--awb-width-small:100%;--awb-order-small:0;--awb-spacing-right-small:0px;--awb-spacing-left-small:0px;\" data-scroll-devices=\"small-visibility,medium-visibility,large-visibility\"><div class=\"fusion-column-wrapper lazyload fusion-column-has-shadow fusion-flex-justify-content-center fusion-content-layout-column fusion-column-has-bg-image\" data-bg-url=\"https:\/\/bluetengold.ch\/wp-content\/uploads\/2024\/01\/section-bg-3.png\" data-bg=\"https:\/\/bluetengold.ch\/wp-content\/uploads\/2024\/01\/section-bg-3.png\"><div class=\"fusion-builder-row fusion-builder-row-inner fusion-row fusion-flex-align-items-flex-start fusion-flex-content-wrap\" style=\"--awb-flex-grow:0;--awb-flex-grow-medium:0;--awb-flex-grow-small:0;--awb-flex-shrink:0;--awb-flex-shrink-medium:0;--awb-flex-shrink-small:0;width:calc( 100% + 0px ) !important;max-width:calc( 100% + 0px ) !important;margin-left: calc(-0px \/ 2 );margin-right: calc(-0px \/ 2 );\"><div class=\"fusion-layout-column fusion_builder_column_inner fusion-builder-nested-column-0 fusion_builder_column_inner_1_2 1_2 fusion-flex-column fusion-flex-align-self-center\" style=\"--awb-bg-size:cover;--awb-width-large:50%;--awb-margin-top-large:0px;--awb-spacing-right-large:0px;--awb-margin-bottom-large:0px;--awb-spacing-left-large:0px;--awb-width-medium:50%;--awb-order-medium:0;--awb-spacing-right-medium:0px;--awb-spacing-left-medium:0px;--awb-width-small:100%;--awb-order-small:0;--awb-spacing-right-small:0px;--awb-spacing-left-small:0px;\" data-scroll-devices=\"small-visibility,medium-visibility,large-visibility\"><div class=\"fusion-column-wrapper fusion-column-has-shadow fusion-flex-justify-content-center fusion-content-layout-column\"><i class=\"fb-icon-element-1 fb-icon-element fontawesome-icon fa-phone-alt fas circle-yes\" style=\"--awb-iconcolor-hover:var(--awb-color6);--awb-circlecolor:var(--awb-color6);--awb-circlecolor-hover:var(--awb-color2);--awb-circlebordercolor:var(--awb-color6);--awb-circlebordercolor-hover:var(--awb-color2);--awb-circlebordersize:1px;--awb-font-size:28.16px;--awb-width:56.32px;--awb-height:56.32px;--awb-line-height:54.32px;--awb-align-self:center;--awb-margin-top:0px;--awb-margin-right:0px;--awb-margin-bottom:20px;--awb-margin-left:0px;\"><\/i><div class=\"fusion-text fusion-text-1 fusion-text-no-margin\" style=\"--awb-content-alignment:center;--awb-text-color:#f8f7f4;--awb-margin-bottom:0px;\"><p>+41 79 567 95 84<\/p>\n<\/div><\/div><\/div><div class=\"fusion-layout-column fusion_builder_column_inner fusion-builder-nested-column-1 fusion_builder_column_inner_1_2 1_2 fusion-flex-column\" style=\"--awb-bg-size:cover;--awb-width-large:50%;--awb-margin-top-large:0px;--awb-spacing-right-large:0px;--awb-margin-bottom-large:0px;--awb-spacing-left-large:0px;--awb-width-medium:50%;--awb-order-medium:0;--awb-spacing-right-medium:0px;--awb-spacing-left-medium:0px;--awb-width-small:100%;--awb-order-small:0;--awb-spacing-right-small:0px;--awb-spacing-left-small:0px;\"><div class=\"fusion-column-wrapper fusion-column-has-shadow fusion-flex-justify-content-flex-start fusion-content-layout-column\"><i class=\"fb-icon-element-2 fb-icon-element fontawesome-icon fa-at fas circle-yes\" style=\"--awb-iconcolor-hover:var(--awb-color6);--awb-circlecolor:var(--awb-color6);--awb-circlecolor-hover:var(--awb-color1);--awb-circlebordercolor:var(--awb-color6);--awb-circlebordercolor-hover:var(--awb-color1);--awb-circlebordersize:1px;--awb-font-size:28.16px;--awb-width:56.32px;--awb-height:56.32px;--awb-line-height:54.32px;--awb-align-self:center;--awb-margin-top:0px;--awb-margin-right:0px;--awb-margin-bottom:20px;--awb-margin-left:0px;\"><\/i><div class=\"fusion-text fusion-text-2 fusion-text-no-margin\" style=\"--awb-content-alignment:center;--awb-text-color:#141414;--awb-margin-bottom:0px;\"><p><span style=\"color: #f8f7f4;\"><a style=\"color: #f8f7f4;\" href=\"mailto:info@bluetengold.ch\">info@bluetengold.ch<\/a><\/span><\/p>\n<\/div><\/div><\/div><\/div><\/div><\/div><\/div><\/div><div class=\"fusion-fullwidth fullwidth-box fusion-builder-row-2 fusion-flex-container has-pattern-background has-mask-background hundred-percent-fullwidth non-hundred-percent-height-scrolling fusion-no-large-visibility fusion-animated fusion-custom-z-index\" style=\"--awb-border-radius-top-left:0px;--awb-border-radius-top-right:0px;--awb-border-radius-bottom-right:0px;--awb-border-radius-bottom-left:0px;--awb-z-index:1;--awb-padding-top:40px;--awb-padding-right:30px;--awb-padding-bottom:40px;--awb-padding-left:30px;--awb-flex-wrap:wrap;\" data-animationType=\"fadeInUp\" data-animationDuration=\"1.3\" data-animationOffset=\"top-into-view\" ><div class=\"fusion-builder-row fusion-row fusion-flex-align-items-flex-start fusion-flex-content-wrap\" style=\"width:calc( 100% + 0px ) !important;max-width:calc( 100% + 0px ) !important;margin-left: calc(-0px \/ 2 );margin-right: calc(-0px \/ 2 );\"><div class=\"fusion-layout-column fusion_builder_column fusion-builder-column-2 fusion_builder_column_1_1 1_1 fusion-flex-column fusion-flex-align-self-stretch\" style=\"--awb-padding-top:32px;--awb-padding-right:64px;--awb-padding-bottom:32px;--awb-padding-left:64px;--awb-padding-top-small:30px;--awb-padding-right-small:24px;--awb-padding-bottom-small:30px;--awb-padding-left-small:24px;--awb-overflow:hidden;--awb-bg-color:var(--awb-color5);--awb-bg-color-hover:var(--awb-color5);--awb-bg-size:cover;--awb-border-radius:8px 8px 8px 8px;--awb-width-large:100%;--awb-margin-top-large:0px;--awb-spacing-right-large:0px;--awb-margin-bottom-large:0px;--awb-spacing-left-large:0px;--awb-width-medium:100%;--awb-order-medium:0;--awb-spacing-right-medium:0px;--awb-spacing-left-medium:0px;--awb-width-small:100%;--awb-order-small:0;--awb-spacing-right-small:0px;--awb-spacing-left-small:0px;\" data-scroll-devices=\"small-visibility,medium-visibility,large-visibility\"><div class=\"fusion-column-wrapper lazyload fusion-column-has-shadow fusion-flex-justify-content-center fusion-content-layout-column fusion-column-has-bg-image\" data-bg-url=\"https:\/\/bluetengold.ch\/wp-content\/uploads\/2024\/01\/section-bg-3.png\" data-bg=\"https:\/\/bluetengold.ch\/wp-content\/uploads\/2024\/01\/section-bg-3.png\"><div class=\"fusion-title title fusion-title-2 fusion-sep-none fusion-title-text fusion-title-size-one\" style=\"--awb-text-color:var(--awb-color1);--awb-margin-top-small:10px;--awb-margin-right-small:0px;--awb-margin-bottom-small:10px;--awb-margin-left-small:0px;--awb-font-size:40px;\"><h1 class=\"fusion-title-heading title-heading-left\" style=\"margin:0;font-size:1em;\">Widerrufsrecht<\/h1><\/div><\/div><\/div><\/div><\/div><div class=\"fusion-fullwidth fullwidth-box fusion-builder-row-3 fusion-flex-container has-pattern-background has-mask-background hundred-percent-fullwidth non-hundred-percent-height-scrolling\" style=\"--awb-border-radius-top-left:0px;--awb-border-radius-top-right:0px;--awb-border-radius-bottom-right:0px;--awb-border-radius-bottom-left:0px;--awb-padding-right:60px;--awb-padding-left:60px;--awb-padding-right-medium:30px;--awb-padding-left-medium:30px;--awb-padding-right-small:30px;--awb-padding-left-small:30px;--awb-flex-wrap:wrap;\" ><div class=\"fusion-builder-row fusion-row fusion-flex-align-items-stretch fusion-flex-content-wrap\" style=\"width:104% !important;max-width:104% !important;margin-left: calc(-4% \/ 2 );margin-right: calc(-4% \/ 2 );\"><div class=\"fusion-layout-column fusion_builder_column fusion-builder-column-3 fusion_builder_column_1_1 1_1 fusion-flex-column fusion-flex-align-self-stretch fusion-animated\" style=\"--awb-bg-size:cover;--awb-width-large:100%;--awb-margin-top-large:0px;--awb-spacing-right-large:1.92%;--awb-margin-bottom-large:0px;--awb-spacing-left-large:1.92%;--awb-width-medium:100%;--awb-order-medium:0;--awb-spacing-right-medium:1.92%;--awb-spacing-left-medium:1.92%;--awb-width-small:100%;--awb-order-small:0;--awb-spacing-right-small:1.92%;--awb-spacing-left-small:1.92%;\" data-animationType=\"fadeInUp\" data-animationDuration=\"1.3\" data-animationOffset=\"top-into-view\" data-scroll-devices=\"small-visibility,medium-visibility,large-visibility\"><div class=\"fusion-column-wrapper fusion-column-has-shadow fusion-flex-justify-content-flex-start fusion-content-layout-column\"><div class=\"fusion-title title fusion-title-3 fusion-sep-none fusion-title-text fusion-title-size-two\" style=\"--awb-text-color:var(--awb-color8);--awb-margin-top-small:10px;--awb-margin-right-small:0px;--awb-margin-bottom-small:10px;--awb-margin-left-small:0px;--awb-font-size:42px;\"><h2 class=\"fusion-title-heading title-heading-left\" style=\"margin:0;text-transform:none;font-size:1em;\">Champ d\u2019application<\/h2><\/div><div class=\"fusion-text fusion-text-3 fusion-text-no-margin\" style=\"--awb-content-alignment:left;--awb-font-size:17px;--awb-text-transform:var(--awb-typography4-text-transform);--awb-text-color:var(--awb-color8);--awb-margin-right:40px;--awb-margin-bottom:20px;\"><p>Les informations suivantes relatives au droit de r\u00e9tractation s&rsquo;appliquent aux commandes pass\u00e9es via la boutique en ligne Bl\u00fctengold par des clients r\u00e9sidant dans un \u00c9tat membre de l&rsquo;Union europ\u00e9enne (\u00e0 l&rsquo;exception de l&rsquo;Allemagne).<\/p>\n<\/div><div class=\"fusion-title title fusion-title-4 fusion-sep-none fusion-title-text fusion-title-size-two\" style=\"--awb-text-color:var(--awb-color8);--awb-margin-top-small:10px;--awb-margin-right-small:0px;--awb-margin-bottom-small:10px;--awb-margin-left-small:0px;--awb-font-size:42px;\"><h2 class=\"fusion-title-heading title-heading-left\" style=\"margin:0;text-transform:none;font-size:1em;\">Widerrufsrecht<\/h2><\/div><div class=\"fusion-text fusion-text-4 fusion-text-no-margin\" style=\"--awb-content-alignment:left;--awb-font-size:17px;--awb-text-transform:var(--awb-typography4-text-transform);--awb-text-color:var(--awb-color8);--awb-margin-right:40px;--awb-margin-bottom:20px;\"><p>Vous avez le droit de r\u00e9silier ce contrat dans un d\u00e9lai de 14 jours sans avoir \u00e0 fournir de motif.<br \/>Le d\u00e9lai de r\u00e9tractation est de 14 jours \u00e0 compter du jour<br \/>\no\u00f9 vous ou un tiers d\u00e9sign\u00e9 par vous, qui n&rsquo;est pas le transporteur, avez pris possession des marchandises.<\/p>\n<\/div><div class=\"fusion-title title fusion-title-5 fusion-sep-none fusion-title-text fusion-title-size-two\" style=\"--awb-text-color:var(--awb-color8);--awb-margin-top-small:10px;--awb-margin-right-small:0px;--awb-margin-bottom-small:10px;--awb-margin-left-small:0px;--awb-font-size:42px;\"><h2 class=\"fusion-title-heading title-heading-left\" style=\"margin:0;text-transform:none;font-size:1em;\">Exercice du droit de r\u00e9tractation<\/h2><\/div><div class=\"fusion-text fusion-text-5 fusion-text-no-margin\" style=\"--awb-content-alignment:left;--awb-font-size:17px;--awb-text-transform:var(--awb-typography4-text-transform);--awb-text-color:var(--awb-color8);--awb-margin-right:40px;--awb-margin-bottom:20px;\"><p>Pour exercer ton droit de r\u00e9tractation, tu dois nous informer de ta d\u00e9cision de r\u00e9tractation du pr\u00e9sent contrat au moyen d&rsquo;une d\u00e9claration claire (par exemple par e-mail).<br \/>Contact :<br \/>\nBl\u00fctengold GmbH &#8211; Succursale Allemagne<br \/>\nHauptstrasse 13<br \/>\n78239 Rielasingen-Worblingen<br \/>E-mail : info@bluetengold.ch<br \/>Vous pouvez utiliser le mod\u00e8le de formulaire de r\u00e9tractation ci-dessous, mais ce n&rsquo;est pas obligatoire.<br \/>Pour respecter le d\u00e9lai de r\u00e9tractation, il suffit d&rsquo;envoyer la notification de l&rsquo;exercice du droit de r\u00e9tractation avant l&rsquo;expiration du d\u00e9lai.<\/p>\n<\/div><div class=\"fusion-title title fusion-title-6 fusion-sep-none fusion-title-text fusion-title-size-two\" style=\"--awb-text-color:var(--awb-color8);--awb-margin-top-small:10px;--awb-margin-right-small:0px;--awb-margin-bottom-small:10px;--awb-margin-left-small:0px;--awb-font-size:42px;\"><h2 class=\"fusion-title-heading title-heading-left\" style=\"margin:0;text-transform:none;font-size:1em;\">Cons\u00e9quences de la r\u00e9tractation<\/h2><\/div><div class=\"fusion-text fusion-text-6 fusion-text-no-margin\" style=\"--awb-content-alignment:left;--awb-font-size:17px;--awb-text-transform:var(--awb-typography4-text-transform);--awb-text-color:var(--awb-color8);--awb-margin-right:40px;--awb-margin-bottom:20px;\"><p>Si vous r\u00e9voquez le pr\u00e9sent contrat, nous vous rembourserons tous les paiements que nous avons re\u00e7us de votre part, \u00e0 l&rsquo;exception des frais de livraison, sans d\u00e9lai et au plus tard dans les 14 jours \u00e0 compter de la date \u00e0 laquelle nous avons re\u00e7u votre notification de r\u00e9vocation.<br \/>Pour ce remboursement, nous utilisons le m\u00eame moyen de paiement que celui que vous avez utilis\u00e9 pour la transaction initiale, sauf accord contraire express\u00e9ment convenu.<\/p>\n<\/div><div class=\"fusion-title title fusion-title-7 fusion-sep-none fusion-title-text fusion-title-size-two\" style=\"--awb-text-color:var(--awb-color8);--awb-margin-top-small:10px;--awb-margin-right-small:0px;--awb-margin-bottom-small:10px;--awb-margin-left-small:0px;--awb-font-size:42px;\"><h2 class=\"fusion-title-heading title-heading-left\" style=\"margin:0;text-transform:none;font-size:1em;\">Retour des marchandises<\/h2><\/div><div class=\"fusion-text fusion-text-7 fusion-text-no-margin\" style=\"--awb-content-alignment:left;--awb-font-size:17px;--awb-text-transform:var(--awb-typography4-text-transform);--awb-text-color:var(--awb-color8);--awb-margin-right:40px;--awb-margin-bottom:20px;\"><p>Vous devez nous renvoyer ou nous remettre les marchandises sans d\u00e9lai et au plus tard dans les 14 jours \u00e0 compter de la date \u00e0 laquelle vous nous avez inform\u00e9 de la r\u00e9siliation du pr\u00e9sent contrat.<br \/>Le d\u00e9lai est respect\u00e9 si vous exp\u00e9diez les marchandises avant son expiration.<br \/>Les frais de retour sont \u00e0 votre charge.<br \/>Adresse pour le retour :<br \/>Bl\u00fctengold GmbH &#8211; Succursale Allemagne<br \/>\nHauptstrasse 13<br \/>\n78239 Rielasingen-Worblingen<\/p>\n<\/div><div class=\"fusion-title title fusion-title-8 fusion-sep-none fusion-title-text fusion-title-size-two\" style=\"--awb-text-color:var(--awb-color8);--awb-margin-top-small:10px;--awb-margin-right-small:0px;--awb-margin-bottom-small:10px;--awb-margin-left-small:0px;--awb-font-size:42px;\"><h2 class=\"fusion-title-heading title-heading-left\" style=\"margin:0;text-transform:none;font-size:1em;\">Exclusion du droit de r\u00e9tractation<\/h2><\/div><div class=\"fusion-text fusion-text-8 fusion-text-no-margin\" style=\"--awb-content-alignment:left;--awb-font-size:17px;--awb-text-transform:var(--awb-typography4-text-transform);--awb-text-color:var(--awb-color8);--awb-margin-right:40px;--awb-margin-bottom:20px;\"><p>Le droit de r\u00e9tractation ne s&rsquo;applique pas aux contrats portant sur la livraison de marchandises<br \/>\u2022 qui ne peuvent \u00eatre retourn\u00e9es pour des raisons de protection de la sant\u00e9 ou d&rsquo;hygi\u00e8ne,<br \/>\nsi leur emballage a \u00e9t\u00e9 retir\u00e9 apr\u00e8s la livraison,<br \/>\n\u2022 qui ont \u00e9t\u00e9 ouvertes, utilis\u00e9es ou qui ne sont plus dans leur emballage d&rsquo;origine.<br \/>Cela concerne en particulier les produits CBD ouverts ou descell\u00e9s.<\/p>\n<\/div><div class=\"fusion-title title fusion-title-9 fusion-sep-none fusion-title-text fusion-title-size-two\" style=\"--awb-text-color:var(--awb-color8);--awb-margin-top-small:10px;--awb-margin-right-small:0px;--awb-margin-bottom-small:10px;--awb-margin-left-small:0px;--awb-font-size:42px;\"><h2 class=\"fusion-title-heading title-heading-left\" style=\"margin:0;text-transform:none;font-size:1em;\">Mod\u00e8le de formulaire de r\u00e9tractation<\/h2><\/div><div class=\"fusion-text fusion-text-9 fusion-text-no-margin\" style=\"--awb-content-alignment:left;--awb-font-size:17px;--awb-text-transform:var(--awb-typography4-text-transform);--awb-text-color:var(--awb-color8);--awb-margin-right:40px;--awb-margin-bottom:40px;\"><p>(Si vous souhaitez r\u00e9silier le contrat, veuillez copier et remplir ce formulaire, puis le renvoyer.)<\/p>\n<p>\u00c0 :<br \/>\nBl\u00fctengold GmbH &#8211; Succursale Allemagne<br \/>\nHauptstrasse 13<br \/>\n78239 Rielasingen-Worblingen<br \/>\nE-mail : info@bl\u00fctengold.ch<\/p>\n<p>Par la pr\u00e9sente, je r\u00e9voque le contrat que j&rsquo;ai conclu pour l&rsquo;achat des marchandises suivantes :<\/p>\n<p>Command\u00e9 le \/ re\u00e7u le :<\/p>\n<p>Nom du consommateur :<\/p>\n<p>Adresse du consommateur :<\/p>\n<p>Date :<\/p>\n<p>Signature (uniquement pour les communications sur papier)<\/p>\n<\/div><\/div><\/div><\/div><\/div><\/p>\n","protected":false},"excerpt":{"rendered":"","protected":false},"author":1,"featured_media":0,"parent":0,"menu_order":0,"comment_status":"closed","ping_status":"closed","template":"100-width.php","meta":{"footnotes":""},"class_list":["post-5193","page","type-page","status-publish","hentry"],"yoast_head":"<!-- This site is optimized with the Yoast SEO plugin v27.4 - https:\/\/yoast.com\/product\/yoast-seo-wordpress\/ -->\n<title>Droit de r\u00e9tractation (UE) | Bl\u00fctengold \u2013 Produits CBD suisses<\/title>\n<meta name=\"description\" content=\"Informations sur le droit de r\u00e9tractation (UE) chez Bl\u00fctengold pour les commandes au sein de l&#039;UE (hors Allemagne). Droit de retour de 14 jours.\" \/>\n<meta name=\"robots\" content=\"index, follow, max-snippet:-1, max-image-preview:large, max-video-preview:-1\" \/>\n<link rel=\"canonical\" href=\"https:\/\/bluetengold.ch\/fr\/droit-de-retractation-ue\/\" \/>\n<meta property=\"og:locale\" content=\"fr_FR\" \/>\n<meta property=\"og:type\" content=\"article\" \/>\n<meta property=\"og:title\" content=\"Droit de r\u00e9tractation (UE) | Bl\u00fctengold \u2013 Produits CBD suisses\" \/>\n<meta property=\"og:description\" content=\"Informations sur le droit de r\u00e9tractation (UE) chez Bl\u00fctengold pour les commandes au sein de l&#039;UE (hors Allemagne). Droit de retour de 14 jours.\" \/>\n<meta property=\"og:url\" content=\"https:\/\/bluetengold.ch\/fr\/droit-de-retractation-ue\/\" \/>\n<meta property=\"og:site_name\" content=\"CBD Produkte Bl\u00fctengold\" \/>\n<meta property=\"article:modified_time\" content=\"2026-01-07T14:42:05+00:00\" \/>\n<meta name=\"twitter:card\" content=\"summary_large_image\" \/>\n<meta name=\"twitter:label1\" content=\"Dur\u00e9e de lecture estim\u00e9e\" \/>\n\t<meta name=\"twitter:data1\" content=\"44 minutes\" \/>\n<script type=\"application\/ld+json\" class=\"yoast-schema-graph\">{\"@context\":\"https:\\\/\\\/schema.org\",\"@graph\":[{\"@type\":\"WebPage\",\"@id\":\"https:\\\/\\\/bluetengold.ch\\\/fr\\\/droit-de-retractation-ue\\\/\",\"url\":\"https:\\\/\\\/bluetengold.ch\\\/fr\\\/droit-de-retractation-ue\\\/\",\"name\":\"Droit de r\u00e9tractation (UE) | Bl\u00fctengold \u2013 Produits CBD suisses\",\"isPartOf\":{\"@id\":\"https:\\\/\\\/bluetengold.ch\\\/fr\\\/#website\"},\"datePublished\":\"2026-01-06T15:13:24+00:00\",\"dateModified\":\"2026-01-07T14:42:05+00:00\",\"description\":\"Informations sur le droit de r\u00e9tractation (UE) chez Bl\u00fctengold pour les commandes au sein de l'UE (hors Allemagne). Droit de retour de 14 jours.\",\"breadcrumb\":{\"@id\":\"https:\\\/\\\/bluetengold.ch\\\/fr\\\/droit-de-retractation-ue\\\/#breadcrumb\"},\"inLanguage\":\"fr-FR\",\"potentialAction\":[{\"@type\":\"ReadAction\",\"target\":[\"https:\\\/\\\/bluetengold.ch\\\/fr\\\/droit-de-retractation-ue\\\/\"]}]},{\"@type\":\"BreadcrumbList\",\"@id\":\"https:\\\/\\\/bluetengold.ch\\\/fr\\\/droit-de-retractation-ue\\\/#breadcrumb\",\"itemListElement\":[{\"@type\":\"ListItem\",\"position\":1,\"name\":\"Home\",\"item\":\"https:\\\/\\\/bluetengold.ch\\\/fr\\\/\"},{\"@type\":\"ListItem\",\"position\":2,\"name\":\"Droit de r\u00e9tractation (UE)\"}]},{\"@type\":\"WebSite\",\"@id\":\"https:\\\/\\\/bluetengold.ch\\\/fr\\\/#website\",\"url\":\"https:\\\/\\\/bluetengold.ch\\\/fr\\\/\",\"name\":\"CBD Produkte Bl\u00fctengold\",\"description\":\"Bl\u00fctengold\",\"potentialAction\":[{\"@type\":\"SearchAction\",\"target\":{\"@type\":\"EntryPoint\",\"urlTemplate\":\"https:\\\/\\\/bluetengold.ch\\\/fr\\\/?s={search_term_string}\"},\"query-input\":{\"@type\":\"PropertyValueSpecification\",\"valueRequired\":true,\"valueName\":\"search_term_string\"}}],\"inLanguage\":\"fr-FR\"}]}<\/script>\n<!-- \/ Yoast SEO plugin. -->","yoast_head_json":{"title":"Droit de r\u00e9tractation (UE) | Bl\u00fctengold \u2013 Produits CBD suisses","description":"Informations sur le droit de r\u00e9tractation (UE) chez Bl\u00fctengold pour les commandes au sein de l'UE (hors Allemagne). Droit de retour de 14 jours.","robots":{"index":"index","follow":"follow","max-snippet":"max-snippet:-1","max-image-preview":"max-image-preview:large","max-video-preview":"max-video-preview:-1"},"canonical":"https:\/\/bluetengold.ch\/fr\/droit-de-retractation-ue\/","og_locale":"fr_FR","og_type":"article","og_title":"Droit de r\u00e9tractation (UE) | Bl\u00fctengold \u2013 Produits CBD suisses","og_description":"Informations sur le droit de r\u00e9tractation (UE) chez Bl\u00fctengold pour les commandes au sein de l'UE (hors Allemagne). Droit de retour de 14 jours.","og_url":"https:\/\/bluetengold.ch\/fr\/droit-de-retractation-ue\/","og_site_name":"CBD Produkte Bl\u00fctengold","article_modified_time":"2026-01-07T14:42:05+00:00","twitter_card":"summary_large_image","twitter_misc":{"Dur\u00e9e de lecture estim\u00e9e":"44 minutes"},"schema":{"@context":"https:\/\/schema.org","@graph":[{"@type":"WebPage","@id":"https:\/\/bluetengold.ch\/fr\/droit-de-retractation-ue\/","url":"https:\/\/bluetengold.ch\/fr\/droit-de-retractation-ue\/","name":"Droit de r\u00e9tractation (UE) | Bl\u00fctengold \u2013 Produits CBD suisses","isPartOf":{"@id":"https:\/\/bluetengold.ch\/fr\/#website"},"datePublished":"2026-01-06T15:13:24+00:00","dateModified":"2026-01-07T14:42:05+00:00","description":"Informations sur le droit de r\u00e9tractation (UE) chez Bl\u00fctengold pour les commandes au sein de l'UE (hors Allemagne). Droit de retour de 14 jours.","breadcrumb":{"@id":"https:\/\/bluetengold.ch\/fr\/droit-de-retractation-ue\/#breadcrumb"},"inLanguage":"fr-FR","potentialAction":[{"@type":"ReadAction","target":["https:\/\/bluetengold.ch\/fr\/droit-de-retractation-ue\/"]}]},{"@type":"BreadcrumbList","@id":"https:\/\/bluetengold.ch\/fr\/droit-de-retractation-ue\/#breadcrumb","itemListElement":[{"@type":"ListItem","position":1,"name":"Home","item":"https:\/\/bluetengold.ch\/fr\/"},{"@type":"ListItem","position":2,"name":"Droit de r\u00e9tractation (UE)"}]},{"@type":"WebSite","@id":"https:\/\/bluetengold.ch\/fr\/#website","url":"https:\/\/bluetengold.ch\/fr\/","name":"CBD Produkte Bl\u00fctengold","description":"Bl\u00fctengold","potentialAction":[{"@type":"SearchAction","target":{"@type":"EntryPoint","urlTemplate":"https:\/\/bluetengold.ch\/fr\/?s={search_term_string}"},"query-input":{"@type":"PropertyValueSpecification","valueRequired":true,"valueName":"search_term_string"}}],"inLanguage":"fr-FR"}]}},"_links":{"self":[{"href":"https:\/\/bluetengold.ch\/fr\/wp-json\/wp\/v2\/pages\/5193","targetHints":{"allow":["GET"]}}],"collection":[{"href":"https:\/\/bluetengold.ch\/fr\/wp-json\/wp\/v2\/pages"}],"about":[{"href":"https:\/\/bluetengold.ch\/fr\/wp-json\/wp\/v2\/types\/page"}],"author":[{"embeddable":true,"href":"https:\/\/bluetengold.ch\/fr\/wp-json\/wp\/v2\/users\/1"}],"replies":[{"embeddable":true,"href":"https:\/\/bluetengold.ch\/fr\/wp-json\/wp\/v2\/comments?post=5193"}],"version-history":[{"count":2,"href":"https:\/\/bluetengold.ch\/fr\/wp-json\/wp\/v2\/pages\/5193\/revisions"}],"predecessor-version":[{"id":5195,"href":"https:\/\/bluetengold.ch\/fr\/wp-json\/wp\/v2\/pages\/5193\/revisions\/5195"}],"wp:attachment":[{"href":"https:\/\/bluetengold.ch\/fr\/wp-json\/wp\/v2\/media?parent=5193"}],"curies":[{"name":"wp","href":"https:\/\/api.w.org\/{rel}","templated":true}]}}